{"id":5693,"date":"2024-12-05T12:17:46","date_gmt":"2024-12-05T12:17:46","guid":{"rendered":"https:\/\/balance-valamar.com\/arba-resort-4-5-valamar-collection\/"},"modified":"2025-08-12T09:20:45","modified_gmt":"2025-08-12T09:20:45","slug":"arba-resort-4-5-valamar-collection","status":"publish","type":"page","link":"https:\/\/balance-valamar.com\/hr\/arba-resort-4-5-valamar-collection\/","title":{"rendered":"Arba Resort 4*, Valamar Collection"},"content":{"rendered":"<div  class=\"one fullwidth \">\n\t\t\t<!-- START arba REVOLUTION SLIDER 6.1.5 --><\/p>\n<p class=\"rs-p-wp-fix\">\n<p>\t\t\t<rs-module-wrap id=\"rev_slider_22_1_wrapper\" data-alias=\"arba\" data-source=\"gallery\" style=\"background:transparent;padding:0;\"><br \/>\n\t\t\t\t<rs-module id=\"rev_slider_22_1\" style=\"display:none;\" data-version=\"6.1.5\"><br \/>\n\t\t\t\t\t<rs-slides><br \/>\n\t\t\t\t\t\t<rs-slide data-key=\"rs-64\" data-title=\"Slide\" data-thumb=\"\/\/balance-valamar.com\/wp-content\/uploads\/2024\/12\/1_punta_arba_resort__valamar_collection_wellness_04_1715787302-50x100.jpg\" data-anim=\"ei:d;eo:d;s:1000;r:0;t:fade;sl:0;\"><br \/>\n\t\t\t\t\t\t\t<img loading=\"lazy\" decoding=\"async\" src=\"\/\/balance-valamar.com\/wp-content\/uploads\/2024\/12\/1_punta_arba_resort__valamar_collection_wellness_04_1715787302.jpg\" alt=\"Balance Valamar\" title=\"1_punta_arba_resort__valamar_collection_wellness_04_1715787302\" width=\"1280\" height=\"720\" class=\"rev-slidebg\" data-no-retina><br \/>\n<!---->\t\t\t\t\t\t<\/rs-slide><br \/>\n\t\t\t\t\t\t<rs-slide data-key=\"rs-65\" data-title=\"Slide\" data-thumb=\"\/\/balance-valamar.com\/wp-content\/uploads\/2024\/12\/2_punta_arba_resort_valamar_collection_wellness-50x100.jpg\" data-anim=\"ei:d;eo:d;s:1000;r:0;t:fade;sl:0;\"><br \/>\n\t\t\t\t\t\t\t<img loading=\"lazy\" decoding=\"async\" src=\"\/\/balance-valamar.com\/wp-content\/uploads\/2024\/12\/2_punta_arba_resort_valamar_collection_wellness.jpg\" alt=\"Balance Valamar\" title=\"2_punta_arba_resort_valamar_collection_wellness\" width=\"1920\" height=\"1280\" class=\"rev-slidebg\" data-no-retina><br \/>\n<!---->\t\t\t\t\t\t<\/rs-slide><br \/>\n\t\t\t\t\t\t<rs-slide data-key=\"rs-66\" data-title=\"Slide\" data-thumb=\"\/\/balance-valamar.com\/wp-content\/uploads\/2024\/12\/3_arba_resort__valamar_collection_wellness_relax_zone_02_1721059752-50x100.jpg\" data-anim=\"ei:d;eo:d;s:1000;r:0;t:fade;sl:0;\"><br \/>\n\t\t\t\t\t\t\t<img loading=\"lazy\" decoding=\"async\" src=\"\/\/balance-valamar.com\/wp-content\/uploads\/2024\/12\/3_arba_resort__valamar_collection_wellness_relax_zone_02_1721059752.jpg\" alt=\"Balance Valamar\" title=\"3_arba_resort__valamar_collection_wellness_relax_zone_02_1721059752\" width=\"1920\" height=\"1280\" class=\"rev-slidebg\" data-no-retina><br \/>\n<!---->\t\t\t\t\t\t<\/rs-slide><br \/>\n\t\t\t\t\t\t<rs-slide data-key=\"rs-67\" data-title=\"Slide\" data-thumb=\"\/\/balance-valamar.com\/wp-content\/uploads\/2024\/12\/4_punta_arba_resort__valamar_collection_wellness_03_1715787299-50x100.jpg\" data-anim=\"ei:d;eo:d;s:1000;r:0;t:fade;sl:0;\"><br \/>\n\t\t\t\t\t\t\t<img loading=\"lazy\" decoding=\"async\" src=\"\/\/balance-valamar.com\/wp-content\/uploads\/2024\/12\/4_punta_arba_resort__valamar_collection_wellness_03_1715787299.jpg\" alt=\"Balance Valamar\" title=\"4_punta_arba_resort__valamar_collection_wellness_03_1715787299\" width=\"1920\" height=\"1080\" class=\"rev-slidebg\" data-no-retina><br \/>\n<!---->\t\t\t\t\t\t<\/rs-slide><br \/>\n\t\t\t\t\t\t<rs-slide data-key=\"rs-68\" data-title=\"Slide\" data-thumb=\"\/\/balance-valamar.com\/wp-content\/uploads\/2024\/12\/5_punta_arba_resort__valamar_collection_wellness_02_1715787300-50x100.jpg\" data-anim=\"ei:d;eo:d;s:1000;r:0;t:fade;sl:0;\"><br \/>\n\t\t\t\t\t\t\t<img loading=\"lazy\" decoding=\"async\" src=\"\/\/balance-valamar.com\/wp-content\/uploads\/2024\/12\/5_punta_arba_resort__valamar_collection_wellness_02_1715787300.jpg\" alt=\"Balance Valamar\" title=\"5_punta_arba_resort__valamar_collection_wellness_02_1715787300\" width=\"1920\" height=\"1080\" class=\"rev-slidebg\" data-no-retina><br \/>\n<!---->\t\t\t\t\t\t<\/rs-slide><br \/>\n\t\t\t\t\t<\/rs-slides><br \/>\n\t\t\t\t\t<rs-progress class=\"rs-bottom\" style=\"visibility: hidden !important;\"><\/rs-progress><br \/>\n\t\t\t\t<\/rs-module><br \/>\n\t\t\t\t<script type=\"text\/javascript\">\n\t\t\t\t\tsetREVStartSize({c: 'rev_slider_22_1',rl:[1240,1024,778,480],el:[900],gw:[1240],gh:[900],layout:'fullscreen',offsetContainer:'',offset:'',mh:\"0\"});\n\t\t\t\t\tvar\trevapi22,\n\t\t\t\t\t\ttpj;\n\t\t\t\t\tjQuery(function() {\n\t\t\t\t\t\ttpj = jQuery;\n\t\t\t\t\t\tif(tpj(\"#rev_slider_22_1\").revolution == undefined){\n\t\t\t\t\t\t\trevslider_showDoubleJqueryError(\"#rev_slider_22_1\");\n\t\t\t\t\t\t}else{\n\t\t\t\t\t\t\trevapi22 = tpj(\"#rev_slider_22_1\").show().revolution({\n\t\t\t\t\t\t\t\tjsFileLocation:\"\/\/balance-valamar.com\/wp-content\/plugins\/revslider\/public\/assets\/js\/\",\n\t\t\t\t\t\t\t\tsliderLayout:\"fullscreen\",\n\t\t\t\t\t\t\t\tvisibilityLevels:\"1240,1024,778,480\",\n\t\t\t\t\t\t\t\tgridwidth:1240,\n\t\t\t\t\t\t\t\tgridheight:900,\n\t\t\t\t\t\t\t\tminHeight:\"\",\n\t\t\t\t\t\t\t\tspinner:\"spinner0\",\n\t\t\t\t\t\t\t\teditorheight:\"900,768,960,720\",\n\t\t\t\t\t\t\t\tresponsiveLevels:\"1240,1024,778,480\",\n\t\t\t\t\t\t\t\tdisableProgressBar:\"on\",\n\t\t\t\t\t\t\t\tnavigation: {\n\t\t\t\t\t\t\t\t\tonHoverStop:false,\n\t\t\t\t\t\t\t\t\tarrows: {\n\t\t\t\t\t\t\t\t\t\tenable:true,\n\t\t\t\t\t\t\t\t\t\tstyle:\"hesperiden\",\n\t\t\t\t\t\t\t\t\t\tleft: {\n\t\t\t\t\t\t\t\t\t\t\th_offset:30\n\t\t\t\t\t\t\t\t\t\t},\n\t\t\t\t\t\t\t\t\t\tright: {\n\t\t\t\t\t\t\t\t\t\t\th_offset:30\n\t\t\t\t\t\t\t\t\t\t}\n\t\t\t\t\t\t\t\t\t}\n\t\t\t\t\t\t\t\t},\n\t\t\t\t\t\t\t\tfallbacks: {\n\t\t\t\t\t\t\t\t\tallowHTML5AutoPlayOnAndroid:true\n\t\t\t\t\t\t\t\t},\n\t\t\t\t\t\t\t});\n\t\t\t\t\t\t}<\/p>\n<p>\t\t\t\t\t});\n\t\t\t\t<\/script><\/p>\n<style type=\"text\/css\">#rev_slider_22_1_wrapper .hesperiden.tparrows{cursor:pointer;background:rgba(0,0,0,0.5);width:40px;height:40px;position:absolute;display:block;z-index:1000;  border-radius:50%}#rev_slider_22_1_wrapper .hesperiden.tparrows:hover{background:#000000}#rev_slider_22_1_wrapper .hesperiden.tparrows:before{font-family:'revicons';font-size:20px;color:#ffffff;display:block;line-height:40px;text-align:center}#rev_slider_22_1_wrapper .hesperiden.tparrows.tp-leftarrow:before{content:'e82c';  margin-left:-3px}#rev_slider_22_1_wrapper .hesperiden.tparrows.tp-rightarrow:before{content:'e82d';  margin-right:-3px}<\/style>\n<style type=\"text\/css\"><\/style>\n<p>\t\t\t<\/rs-module-wrap><br \/>\n\t\t\t<!-- END REVOLUTION SLIDER -->\n<\/div>\n<div  class=\"one withsmallpadding ppb_header \" style=\"margin-top:-141px; background:#fff; position:relative; z-index: 3000;text-align:center;padding:40px 0 40px 0;\" >\n<div class=\"standard_wrapper\">\n<div class=\"page_content_wrapper wide\">\n<div class=\"inner\">\n<div style=\"margin:auto;width:100%\">\n<h2 class=\"ppb_title\" style=\"\">Arba Resort 4*, Valamar Collection<\/h2>\n<\/div>\n<\/div>\n<\/div>\n<\/div>\n<\/div>\n<div class=\"standard_wrapper\">\n<div class=\"one withsmallpadding ppb_line_divider\"  style=\"text-align:center;padding:0px 0 0px 0;\" >\n<div class=\"page_content_wrapper wide\">\n<div class=\"inner\">\n<div class=\"line_divider_border\" style=\"width:100px;\"><\/div>\n<div class=\"line_divider_seperator\"><i class=\"fa fa-leaf\" style=\"\"><\/i><\/div>\n<div class=\"line_divider_border\" style=\"width:100px;\"><\/div>\n<\/div>\n<\/div>\n<\/div>\n<\/div>\n<div class=\"divider one\">&nbsp;<\/div>\n<div  class=\"one withsmallpadding ppb_text\" style=\"text-align:center;padding:40px 0 40px 0;\" >\n<div class=\"standard_wrapper\">\n<div class=\"page_content_wrapper wide\">\n<div class=\"inner\">\n<div style=\"margin:auto;width:100%\">\n<p>Zakora\u010dite u 800 m\u00b2 potpunog opu\u0161tanja u Balance Mediterranean Spa u Arba Resortu, Valamar Collection. Prepustite se tretmanima s Valamar potpisom inspiriranim aromati\u010dnim biljem otoka Raba, medom i morskom soli, stru\u010dno osmi\u0161ljenima za njegu tijela i osvje\u017eenje duha. Istra\u017eite \u010darobni kutak ljepote, gdje se nalaze prirodna kozmetika, tinkture i \u010dajevi, s ljubavlju pripremljeni od lokalno uzgojenog bilja, \u010duvaju\u0107i stoljetnu oto\u010dnu tradiciju.<\/p>\n<\/div>\n<\/div>\n<\/div>\n<\/div>\n<\/div>\n<div class=\"standard_wrapper\">\n<div  class=\"one_third withsmallpadding ppb_text\" style=\"text-align:left;padding:40px 0 40px 0;\" >\n<div class=\"standard_wrapper\">\n<div class=\"page_content_wrapper wide\">\n<div class=\"inner\">\n<div style=\"margin:auto;width:100%\">\n<h2>SPA ZONE<\/h2>\n<ul>\n<li>Ledena soba<\/li>\n<li>Slana sauna<\/li>\n<li>Parna sauna<\/li>\n<li>Finska sauna<\/li>\n<li>Tu\u0161 do\u017eivljaja i jacuzzi<\/li>\n<li>Privatna spa zona<\/li>\n<li>Vitality bar<\/li>\n<li>Unutarnje zone za opu\u0161tanje (tamna soba, kamin)<\/li>\n<li>Family Hour: u periodu od 11:00 do 14:00 spa centar mogu koristiti djeca mla\u0111a od 16 godina u pratnji roditelja<\/li>\n<li>U periodu od 8:00 do 12:00 i od 14:00 do 21:00 spa centar je na raspolaganju isklju\u010divo gostima starijim od 16 godina<\/li>\n<\/ul>\n<\/div>\n<\/div>\n<\/div>\n<\/div>\n<\/div>\n<\/div>\n<div class=\"standard_wrapper\">\n<div  class=\"one_third withsmallpadding ppb_text\" style=\"text-align:left;padding:40px 0 40px 0;\" >\n<div class=\"standard_wrapper\">\n<div class=\"page_content_wrapper wide\">\n<div class=\"inner\">\n<div style=\"margin:auto;width:100%\">\n<h2>BEAUTY ZONE<\/h2>\n<ul>\n<li>Prostorije za tretmane s Valamar potpisom<\/li>\n<li>Manikura i pedikura<\/li>\n<li>Kutak za kupnju i degustaciju prirodne kozmetike i tinktura koje izra\u0111uju certificirani lokalni obrtnici<\/li>\n<li>Kutak za degustaciju \u010dajeva spravljenih od ru\u010dno ubranog autohtonog bilja s otoka Raba<\/li>\n<\/ul>\n<\/div>\n<\/div>\n<\/div>\n<\/div>\n<\/div>\n<\/div>\n<div  class=\"one ppb_card_two_cols_with_image\" style=\"position:relative;padding:40px 0 40px 0;\" >\n<div class=\"standard_wrapper\">\n<div class=\"page_content_wrapper wide\">\n<div class=\"inner\">\n<div class=\"one_half parallax_scroll parallax_text\" style=\"width:40%;position:absolute;padding:40px;z-index:2;block !important;background:#fff;\" data-stellar-ratio=\"1.3\">\n<h2 class=\"ppb_title\" style=\"\">Arba Resort 4*, Valamar Collection<\/h2>\n<div class=\"ppb_header_content\">\n<p>Kampor 78, 51280, Rab, Croatia<\/p>\n<\/div>\n<\/div>\n<div class=\"one_half parallax_scroll_image last\" style=\"width:65%;\">\n<div class=\"image_classic_frame expand\">\n<div class=\"image_wrapper\"><img decoding=\"async\" src=\"https:\/\/balance-valamar.com\/wp-content\/uploads\/2024\/12\/2_punta_arba_resort_valamar_collection_wellness.jpg\" alt=\"\" class=\"portfolio_img\"\/><\/div>\n<\/div>\n<\/div>\n<p><br class=\"clear\"\/><\/div>\n<\/div>\n<\/div>\n<\/div>\n<\/div>\n<div class=\"standard_wrapper\">\n<div  class=\"one_fourth withsmallpadding ppb_text\" style=\"text-align:center;padding:40px 0 40px 0;\" >\n<div class=\"standard_wrapper\">\n<div class=\"page_content_wrapper wide\">\n<div class=\"inner\">\n<div style=\"margin:auto;width:100%\"><\/div>\n<\/div>\n<\/div>\n<\/div>\n<\/div>\n<\/div>\n<div class=\"standard_wrapper\">\n<div  class=\"two_third withsmallpadding ppb_text\" style=\"text-align:left;padding:40px 0 40px 0;\" >\n<div class=\"standard_wrapper\">\n<div class=\"page_content_wrapper wide\">\n<div class=\"inner\">\n<div style=\"margin:auto;width:100%\">\n<p>\u00a0<\/p>\n<p>Arba Resort, Valamar Collection, premium je obiteljsko uto\u010di\u0161te smje\u0161teno na zelenom poluotoku Capo Fronte na otoku Rabu. Ovaj all-inclusive resort nudi moderne sobe, ekskluzivne V Level obiteljske suiteove i raznovrsne aktivnosti, udaljen samo 5 km od slikovitog grada Raba.<\/p>\n<p><a href=\"https:\/\/www.valamar.com\/hr\/hoteli-rab\/arba-resort\" rel=\"noopener\">Vi\u0161e informacija<\/a><\/p>\n<\/div>\n<\/div>\n<\/div>\n<\/div>\n<\/div>\n<\/div>\n","protected":false},"excerpt":{"rendered":"<p>Arba Resort 4*, Valamar Collection &nbsp; Zakora\u010dite u 800 m\u00b2 potpunog opu\u0161tanja u Balance Mediterranean Spa u Arba Resortu, Valamar Collection. Prepustite se tretmanima s Valamar potpisom inspiriranim aromati\u010dnim biljem otoka Raba, medom i morskom soli, stru\u010dno osmi\u0161ljenima za njegu [&hellip;]<\/p>\n","protected":false},"author":1,"featured_media":0,"parent":0,"menu_order":0,"comment_status":"closed","ping_status":"closed","template":"","meta":{"footnotes":""},"class_list":["post-5693","page","type-page","status-publish","hentry"],"yoast_head":"<!-- This site is optimized with the Yoast SEO plugin v27.3 - https:\/\/yoast.com\/product\/yoast-seo-wordpress\/ -->\n<title>Arba Resort 4*, Valamar Collection | Balance by Valamar<\/title>\n<meta name=\"description\" content=\"Zakora\u010dite u 800 m\u00b2 potpunog opu\u0161tanja u Balance Mediterranean Spa u Arba Resortu, Valamar Collection. Prepustite se tretmanima s Valamar potpisom...\" \/>\n<meta name=\"robots\" content=\"index, follow, max-snippet:-1, max-image-preview:large, max-video-preview:-1\" \/>\n<link rel=\"canonical\" href=\"https:\/\/balance-valamar.com\/hr\/arba-resort-4-5-valamar-collection\/\" \/>\n<meta property=\"og:locale\" content=\"hr_HR\" \/>\n<meta property=\"og:type\" content=\"article\" \/>\n<meta property=\"og:title\" content=\"Arba Resort 4*, Valamar Collection | Balance by Valamar\" \/>\n<meta property=\"og:description\" content=\"Zakora\u010dite u 800 m\u00b2 potpunog opu\u0161tanja u Balance Mediterranean Spa u Arba Resortu, Valamar Collection. Prepustite se tretmanima s Valamar potpisom...\" \/>\n<meta property=\"og:url\" content=\"https:\/\/balance-valamar.com\/hr\/arba-resort-4-5-valamar-collection\/\" \/>\n<meta property=\"og:site_name\" content=\"Balance by Valamar\" \/>\n<meta property=\"article:modified_time\" content=\"2025-08-12T09:20:45+00:00\" \/>\n<meta property=\"og:image\" content=\"https:\/\/balance-valamar.com\/wp-content\/uploads\/2024\/12\/2_punta_arba_resort_valamar_collection_wellness.jpg\" \/>\n<meta name=\"twitter:card\" content=\"summary_large_image\" \/>\n<meta name=\"twitter:label1\" content=\"Procijenjeno vrijeme \u010ditanja\" \/>\n\t<meta name=\"twitter:data1\" content=\"3 minute\" \/>\n<script type=\"application\/ld+json\" class=\"yoast-schema-graph\">{\"@context\":\"https:\\\/\\\/schema.org\",\"@graph\":[{\"@type\":\"WebPage\",\"@id\":\"https:\\\/\\\/balance-valamar.com\\\/hr\\\/arba-resort-4-5-valamar-collection\\\/\",\"url\":\"https:\\\/\\\/balance-valamar.com\\\/hr\\\/arba-resort-4-5-valamar-collection\\\/\",\"name\":\"Arba Resort 4*, Valamar Collection | Balance by Valamar\",\"isPartOf\":{\"@id\":\"https:\\\/\\\/balance-valamar.com\\\/#website\"},\"primaryImageOfPage\":{\"@id\":\"https:\\\/\\\/balance-valamar.com\\\/hr\\\/arba-resort-4-5-valamar-collection\\\/#primaryimage\"},\"image\":{\"@id\":\"https:\\\/\\\/balance-valamar.com\\\/hr\\\/arba-resort-4-5-valamar-collection\\\/#primaryimage\"},\"thumbnailUrl\":\"https:\\\/\\\/balance-valamar.com\\\/wp-content\\\/uploads\\\/2024\\\/12\\\/2_punta_arba_resort_valamar_collection_wellness.jpg\",\"datePublished\":\"2024-12-05T12:17:46+00:00\",\"dateModified\":\"2025-08-12T09:20:45+00:00\",\"description\":\"Zakora\u010dite u 800 m\u00b2 potpunog opu\u0161tanja u Balance Mediterranean Spa u Arba Resortu, Valamar Collection. Prepustite se tretmanima s Valamar potpisom...\",\"breadcrumb\":{\"@id\":\"https:\\\/\\\/balance-valamar.com\\\/hr\\\/arba-resort-4-5-valamar-collection\\\/#breadcrumb\"},\"inLanguage\":\"hr\",\"potentialAction\":[{\"@type\":\"ReadAction\",\"target\":[\"https:\\\/\\\/balance-valamar.com\\\/hr\\\/arba-resort-4-5-valamar-collection\\\/\"]}]},{\"@type\":\"ImageObject\",\"inLanguage\":\"hr\",\"@id\":\"https:\\\/\\\/balance-valamar.com\\\/hr\\\/arba-resort-4-5-valamar-collection\\\/#primaryimage\",\"url\":\"https:\\\/\\\/balance-valamar.com\\\/wp-content\\\/uploads\\\/2024\\\/12\\\/2_punta_arba_resort_valamar_collection_wellness.jpg\",\"contentUrl\":\"https:\\\/\\\/balance-valamar.com\\\/wp-content\\\/uploads\\\/2024\\\/12\\\/2_punta_arba_resort_valamar_collection_wellness.jpg\"},{\"@type\":\"BreadcrumbList\",\"@id\":\"https:\\\/\\\/balance-valamar.com\\\/hr\\\/arba-resort-4-5-valamar-collection\\\/#breadcrumb\",\"itemListElement\":[{\"@type\":\"ListItem\",\"position\":1,\"name\":\"Home\",\"item\":\"https:\\\/\\\/balance-valamar.com\\\/hr\\\/\"},{\"@type\":\"ListItem\",\"position\":2,\"name\":\"Arba Resort 4*, Valamar Collection\"}]},{\"@type\":\"WebSite\",\"@id\":\"https:\\\/\\\/balance-valamar.com\\\/#website\",\"url\":\"https:\\\/\\\/balance-valamar.com\\\/\",\"name\":\"Balance by Valamar\",\"description\":\"Mediterranean Spa by Valamar\",\"publisher\":{\"@id\":\"https:\\\/\\\/balance-valamar.com\\\/#organization\"},\"potentialAction\":[{\"@type\":\"SearchAction\",\"target\":{\"@type\":\"EntryPoint\",\"urlTemplate\":\"https:\\\/\\\/balance-valamar.com\\\/?s={search_term_string}\"},\"query-input\":{\"@type\":\"PropertyValueSpecification\",\"valueRequired\":true,\"valueName\":\"search_term_string\"}}],\"inLanguage\":\"hr\"},{\"@type\":\"Organization\",\"@id\":\"https:\\\/\\\/balance-valamar.com\\\/#organization\",\"name\":\"Balance by Valamar\",\"url\":\"https:\\\/\\\/balance-valamar.com\\\/\",\"logo\":{\"@type\":\"ImageObject\",\"inLanguage\":\"hr\",\"@id\":\"https:\\\/\\\/balance-valamar.com\\\/#\\\/schema\\\/logo\\\/image\\\/\",\"url\":\"https:\\\/\\\/balance-valamar.com\\\/wp-content\\\/uploads\\\/2020\\\/02\\\/logoi.jpg\",\"contentUrl\":\"https:\\\/\\\/balance-valamar.com\\\/wp-content\\\/uploads\\\/2020\\\/02\\\/logoi.jpg\",\"width\":321,\"height\":321,\"caption\":\"Balance by Valamar\"},\"image\":{\"@id\":\"https:\\\/\\\/balance-valamar.com\\\/#\\\/schema\\\/logo\\\/image\\\/\"}}]}<\/script>\n<!-- \/ Yoast SEO plugin. -->","yoast_head_json":{"title":"Arba Resort 4*, Valamar Collection | Balance by Valamar","description":"Zakora\u010dite u 800 m\u00b2 potpunog opu\u0161tanja u Balance Mediterranean Spa u Arba Resortu, Valamar Collection. Prepustite se tretmanima s Valamar potpisom...","robots":{"index":"index","follow":"follow","max-snippet":"max-snippet:-1","max-image-preview":"max-image-preview:large","max-video-preview":"max-video-preview:-1"},"canonical":"https:\/\/balance-valamar.com\/hr\/arba-resort-4-5-valamar-collection\/","og_locale":"hr_HR","og_type":"article","og_title":"Arba Resort 4*, Valamar Collection | Balance by Valamar","og_description":"Zakora\u010dite u 800 m\u00b2 potpunog opu\u0161tanja u Balance Mediterranean Spa u Arba Resortu, Valamar Collection. Prepustite se tretmanima s Valamar potpisom...","og_url":"https:\/\/balance-valamar.com\/hr\/arba-resort-4-5-valamar-collection\/","og_site_name":"Balance by Valamar","article_modified_time":"2025-08-12T09:20:45+00:00","og_image":[{"url":"https:\/\/balance-valamar.com\/wp-content\/uploads\/2024\/12\/2_punta_arba_resort_valamar_collection_wellness.jpg","type":"","width":"","height":""}],"twitter_card":"summary_large_image","twitter_misc":{"Procijenjeno vrijeme \u010ditanja":"3 minute"},"schema":{"@context":"https:\/\/schema.org","@graph":[{"@type":"WebPage","@id":"https:\/\/balance-valamar.com\/hr\/arba-resort-4-5-valamar-collection\/","url":"https:\/\/balance-valamar.com\/hr\/arba-resort-4-5-valamar-collection\/","name":"Arba Resort 4*, Valamar Collection | Balance by Valamar","isPartOf":{"@id":"https:\/\/balance-valamar.com\/#website"},"primaryImageOfPage":{"@id":"https:\/\/balance-valamar.com\/hr\/arba-resort-4-5-valamar-collection\/#primaryimage"},"image":{"@id":"https:\/\/balance-valamar.com\/hr\/arba-resort-4-5-valamar-collection\/#primaryimage"},"thumbnailUrl":"https:\/\/balance-valamar.com\/wp-content\/uploads\/2024\/12\/2_punta_arba_resort_valamar_collection_wellness.jpg","datePublished":"2024-12-05T12:17:46+00:00","dateModified":"2025-08-12T09:20:45+00:00","description":"Zakora\u010dite u 800 m\u00b2 potpunog opu\u0161tanja u Balance Mediterranean Spa u Arba Resortu, Valamar Collection. Prepustite se tretmanima s Valamar potpisom...","breadcrumb":{"@id":"https:\/\/balance-valamar.com\/hr\/arba-resort-4-5-valamar-collection\/#breadcrumb"},"inLanguage":"hr","potentialAction":[{"@type":"ReadAction","target":["https:\/\/balance-valamar.com\/hr\/arba-resort-4-5-valamar-collection\/"]}]},{"@type":"ImageObject","inLanguage":"hr","@id":"https:\/\/balance-valamar.com\/hr\/arba-resort-4-5-valamar-collection\/#primaryimage","url":"https:\/\/balance-valamar.com\/wp-content\/uploads\/2024\/12\/2_punta_arba_resort_valamar_collection_wellness.jpg","contentUrl":"https:\/\/balance-valamar.com\/wp-content\/uploads\/2024\/12\/2_punta_arba_resort_valamar_collection_wellness.jpg"},{"@type":"BreadcrumbList","@id":"https:\/\/balance-valamar.com\/hr\/arba-resort-4-5-valamar-collection\/#breadcrumb","itemListElement":[{"@type":"ListItem","position":1,"name":"Home","item":"https:\/\/balance-valamar.com\/hr\/"},{"@type":"ListItem","position":2,"name":"Arba Resort 4*, Valamar Collection"}]},{"@type":"WebSite","@id":"https:\/\/balance-valamar.com\/#website","url":"https:\/\/balance-valamar.com\/","name":"Balance by Valamar","description":"Mediterranean Spa by Valamar","publisher":{"@id":"https:\/\/balance-valamar.com\/#organization"},"potentialAction":[{"@type":"SearchAction","target":{"@type":"EntryPoint","urlTemplate":"https:\/\/balance-valamar.com\/?s={search_term_string}"},"query-input":{"@type":"PropertyValueSpecification","valueRequired":true,"valueName":"search_term_string"}}],"inLanguage":"hr"},{"@type":"Organization","@id":"https:\/\/balance-valamar.com\/#organization","name":"Balance by Valamar","url":"https:\/\/balance-valamar.com\/","logo":{"@type":"ImageObject","inLanguage":"hr","@id":"https:\/\/balance-valamar.com\/#\/schema\/logo\/image\/","url":"https:\/\/balance-valamar.com\/wp-content\/uploads\/2020\/02\/logoi.jpg","contentUrl":"https:\/\/balance-valamar.com\/wp-content\/uploads\/2020\/02\/logoi.jpg","width":321,"height":321,"caption":"Balance by Valamar"},"image":{"@id":"https:\/\/balance-valamar.com\/#\/schema\/logo\/image\/"}}]}},"_links":{"self":[{"href":"https:\/\/balance-valamar.com\/hr\/wp-json\/wp\/v2\/pages\/5693","targetHints":{"allow":["GET"]}}],"collection":[{"href":"https:\/\/balance-valamar.com\/hr\/wp-json\/wp\/v2\/pages"}],"about":[{"href":"https:\/\/balance-valamar.com\/hr\/wp-json\/wp\/v2\/types\/page"}],"author":[{"embeddable":true,"href":"https:\/\/balance-valamar.com\/hr\/wp-json\/wp\/v2\/users\/1"}],"replies":[{"embeddable":true,"href":"https:\/\/balance-valamar.com\/hr\/wp-json\/wp\/v2\/comments?post=5693"}],"version-history":[{"count":11,"href":"https:\/\/balance-valamar.com\/hr\/wp-json\/wp\/v2\/pages\/5693\/revisions"}],"predecessor-version":[{"id":5756,"href":"https:\/\/balance-valamar.com\/hr\/wp-json\/wp\/v2\/pages\/5693\/revisions\/5756"}],"wp:attachment":[{"href":"https:\/\/balance-valamar.com\/hr\/wp-json\/wp\/v2\/media?parent=5693"}],"curies":[{"name":"wp","href":"https:\/\/api.w.org\/{rel}","templated":true}]}}