{"id":5098,"date":"2023-04-27T07:26:02","date_gmt":"2023-04-27T07:26:02","guid":{"rendered":"https:\/\/balance-valamar.com\/austria\/"},"modified":"2024-10-16T08:36:00","modified_gmt":"2024-10-16T08:36:00","slug":"austria","status":"publish","type":"page","link":"https:\/\/balance-valamar.com\/hr\/austria\/","title":{"rendered":"Austrija"},"content":{"rendered":"<div class=\"divider one\">&nbsp;<\/div>\n<div class=\"standard_wrapper\">\n<div  class=\"one_third withsmallpadding ppb_text\" style=\"font-size:18px; line-height:28px;text-align:left;padding:40px 0 40px 0;\" >\n<div class=\"standard_wrapper\">\n<div class=\"page_content_wrapper wide\">\n<div class=\"inner\">\n<div style=\"margin:auto;width:100%\">\n<p>Vrhunac odmora tik do staza najzabavnijeg skijali\u0161ta u Austriji!<\/p>\n<\/div>\n<\/div>\n<\/div>\n<\/div>\n<\/div>\n<\/div>\n<div class=\"standard_wrapper\">\n<div  class=\"two_third last withsmallpadding ppb_text\" style=\"text-align:left;padding:40px 0 40px 0;\" >\n<div class=\"standard_wrapper\">\n<div class=\"page_content_wrapper wide\">\n<div class=\"inner\">\n<div style=\"margin:auto;width:100%\">\n<p>Najvi\u0161i prijevoj pokrajine Salzburg Obertauern poznat je kao skijali\u0161te s najvi\u0161om razinom snijega i najdu\u017eom sezonom skijanja u Austriji. Osim ure\u0111enih staza ukupne duljine 100 km i nenadma\u0161ne apr\u00e8s-ski ponude, Obertauern nudi \u0161irok izbor sadr\u017eaja za sva\u010diji ukus u okru\u017eenju zadivljuju\u0107e planinske prirode.<\/p>\n<\/div>\n<\/div>\n<\/div>\n<\/div>\n<\/div>\n<\/div>\n<div  class=\"ppb_image_half_boxed_fixed_width one\" style=\"margin-top:20px;margin-bottom:20px;\" >\n<div class=\"standard_wrapper\">\n<div class=\"page_content_wrapper wide\">\n<div class=\"inner\" style=\"height:380px;\">\n<div class=\"one_half content_middle fixed parallax_text\" style=\"padding:40px; text-align:left;\">\n<div class=\"content_middle_wrapper\">\n<div class=\"content_middle_content\">\n<h2 class=\"ppb_title\" style=\"\">Kesselspitze Hotel &amp; Chalet 4*s, Valamar Collection<\/h2>\n<div class=\"ppb_header_content\">\n<p>Iz spoja alpskog naslije\u0111a i ljepote lokalne kulture izvire Balance Spa by Valamar, uto\u010di\u0161te za obnavljanje duha i tijela, pomla\u0111ivanje i opu\u0161tanje. U tretmanima i ritualima s potpisom koristi se organska kozmetika na bazi alpskih biljaka i sastojaka, lokalnih i priznatih svjetskih proizvo\u0111a\u010da.<\/p>\n<p><a href=\"\/hr\/kesselspitze-hotel-chalet-4-s-valamar-collection\/\">Vi\u0161e<\/a><\/p>\n<\/div>\n<\/div>\n<\/div>\n<\/div>\n<div class=\"one_half content_middle parallax_text last\" style=\"background-image:url(https:\/\/balance-valamar.com\/wp-content\/uploads\/2023\/04\/kesselspitze-hotel-exterior.jpg)\"><\/div>\n<p><br class=\"clear\"\/><\/div>\n<\/div>\n<\/div>\n<\/div>\n<div  class=\"ppb_image_half_boxed_fixed_width one\" style=\"margin-top:20px;margin-bottom:20px;\" >\n<div class=\"standard_wrapper\">\n<div class=\"page_content_wrapper wide\">\n<div class=\"inner\" style=\"height:380px;\">\n<div class=\"one_half content_middle parallax_text\" style=\"background-image:url(https:\/\/balance-valamar.com\/wp-content\/uploads\/2023\/04\/valamar-obertauern-hotel-pool-overview.jpg)\"><\/div>\n<div class=\"one_half last content_middle fixed parallax_text\" style=\"padding:40px;text-align:left; \">\n<div class=\"content_middle_wrapper\">\n<div class=\"content_middle_content\">\n<h2 class=\"ppb_title\" style=\"\">Valamar Obertauern Hotel 4*<\/h2>\n<div class=\"ppb_header_content\">\n<p>Iz spoja alpskog naslije\u0111a i ljepote lokalne kulture izvire Balance Spa by Valamar, uto\u010di\u0161te za obnavljanje duha i tijela, pomla\u0111ivanje i opu\u0161tanje. \t<\/p>\n<p><a href=\"\/hr\/valamar-obertauern-hotel-4\/\">Vi\u0161e<\/a><\/p>\n<\/div>\n<\/div>\n<\/div>\n<\/div>\n<p><br class=\"clear\"\/><\/div>\n<\/div>\n<\/div>\n<\/div>\n<div class=\"divider one\">&nbsp;<\/div>\n","protected":false},"excerpt":{"rendered":"<p>&nbsp; Vrhunac odmora tik do staza najzabavnijeg skijali\u0161ta u Austriji! Najvi\u0161i prijevoj pokrajine Salzburg Obertauern poznat je kao skijali\u0161te s najvi\u0161om razinom snijega i najdu\u017eom sezonom skijanja u Austriji. Osim ure\u0111enih staza ukupne duljine 100 km i nenadma\u0161ne apr\u00e8s-ski ponude, [&hellip;]<\/p>\n","protected":false},"author":1,"featured_media":5097,"parent":0,"menu_order":0,"comment_status":"closed","ping_status":"closed","template":"","meta":{"footnotes":""},"class_list":["post-5098","page","type-page","status-publish","has-post-thumbnail","hentry"],"yoast_head":"<!-- This site is optimized with the Yoast SEO plugin v27.3 - https:\/\/yoast.com\/product\/yoast-seo-wordpress\/ -->\n<title>Austrija | Balance by Valamar<\/title>\n<meta name=\"description\" content=\"Vrhunac odmora tik do staza najzabavnijeg skijali\u0161ta u Austriji!\" \/>\n<meta name=\"robots\" content=\"index, follow, max-snippet:-1, max-image-preview:large, max-video-preview:-1\" \/>\n<link rel=\"canonical\" href=\"https:\/\/balance-valamar.com\/hr\/austria\/\" \/>\n<meta property=\"og:locale\" content=\"hr_HR\" \/>\n<meta property=\"og:type\" content=\"article\" \/>\n<meta property=\"og:title\" content=\"Austrija | Balance by Valamar\" \/>\n<meta property=\"og:description\" content=\"Vrhunac odmora tik do staza najzabavnijeg skijali\u0161ta u Austriji!\" \/>\n<meta property=\"og:url\" content=\"https:\/\/balance-valamar.com\/hr\/austria\/\" \/>\n<meta property=\"og:site_name\" content=\"Balance by Valamar\" \/>\n<meta property=\"article:modified_time\" content=\"2024-10-16T08:36:00+00:00\" \/>\n<meta property=\"og:image\" content=\"https:\/\/balance-valamar.com\/wp-content\/uploads\/2023\/04\/valamar-destination-obertauern-listing-header-L.jpg\" \/>\n\t<meta property=\"og:image:width\" content=\"1920\" \/>\n\t<meta property=\"og:image:height\" content=\"783\" \/>\n\t<meta property=\"og:image:type\" content=\"image\/jpeg\" \/>\n<meta name=\"twitter:card\" content=\"summary_large_image\" \/>\n<meta name=\"twitter:label1\" content=\"Procijenjeno vrijeme \u010ditanja\" \/>\n\t<meta name=\"twitter:data1\" content=\"1 minuta\" \/>\n<script type=\"application\/ld+json\" class=\"yoast-schema-graph\">{\"@context\":\"https:\\\/\\\/schema.org\",\"@graph\":[{\"@type\":\"WebPage\",\"@id\":\"https:\\\/\\\/balance-valamar.com\\\/hr\\\/austria\\\/\",\"url\":\"https:\\\/\\\/balance-valamar.com\\\/hr\\\/austria\\\/\",\"name\":\"Austrija | Balance by Valamar\",\"isPartOf\":{\"@id\":\"https:\\\/\\\/balance-valamar.com\\\/#website\"},\"primaryImageOfPage\":{\"@id\":\"https:\\\/\\\/balance-valamar.com\\\/hr\\\/austria\\\/#primaryimage\"},\"image\":{\"@id\":\"https:\\\/\\\/balance-valamar.com\\\/hr\\\/austria\\\/#primaryimage\"},\"thumbnailUrl\":\"https:\\\/\\\/balance-valamar.com\\\/wp-content\\\/uploads\\\/2023\\\/04\\\/valamar-destination-obertauern-listing-header-L.jpg\",\"datePublished\":\"2023-04-27T07:26:02+00:00\",\"dateModified\":\"2024-10-16T08:36:00+00:00\",\"description\":\"Vrhunac odmora tik do staza najzabavnijeg skijali\u0161ta u Austriji!\",\"breadcrumb\":{\"@id\":\"https:\\\/\\\/balance-valamar.com\\\/hr\\\/austria\\\/#breadcrumb\"},\"inLanguage\":\"hr\",\"potentialAction\":[{\"@type\":\"ReadAction\",\"target\":[\"https:\\\/\\\/balance-valamar.com\\\/hr\\\/austria\\\/\"]}]},{\"@type\":\"ImageObject\",\"inLanguage\":\"hr\",\"@id\":\"https:\\\/\\\/balance-valamar.com\\\/hr\\\/austria\\\/#primaryimage\",\"url\":\"https:\\\/\\\/balance-valamar.com\\\/wp-content\\\/uploads\\\/2023\\\/04\\\/valamar-destination-obertauern-listing-header-L.jpg\",\"contentUrl\":\"https:\\\/\\\/balance-valamar.com\\\/wp-content\\\/uploads\\\/2023\\\/04\\\/valamar-destination-obertauern-listing-header-L.jpg\",\"width\":1920,\"height\":783,\"caption\":\"Balance Valamar\"},{\"@type\":\"BreadcrumbList\",\"@id\":\"https:\\\/\\\/balance-valamar.com\\\/hr\\\/austria\\\/#breadcrumb\",\"itemListElement\":[{\"@type\":\"ListItem\",\"position\":1,\"name\":\"Home\",\"item\":\"https:\\\/\\\/balance-valamar.com\\\/hr\\\/\"},{\"@type\":\"ListItem\",\"position\":2,\"name\":\"Austrija\"}]},{\"@type\":\"WebSite\",\"@id\":\"https:\\\/\\\/balance-valamar.com\\\/#website\",\"url\":\"https:\\\/\\\/balance-valamar.com\\\/\",\"name\":\"Balance by Valamar\",\"description\":\"Mediterranean Spa by Valamar\",\"publisher\":{\"@id\":\"https:\\\/\\\/balance-valamar.com\\\/#organization\"},\"potentialAction\":[{\"@type\":\"SearchAction\",\"target\":{\"@type\":\"EntryPoint\",\"urlTemplate\":\"https:\\\/\\\/balance-valamar.com\\\/?s={search_term_string}\"},\"query-input\":{\"@type\":\"PropertyValueSpecification\",\"valueRequired\":true,\"valueName\":\"search_term_string\"}}],\"inLanguage\":\"hr\"},{\"@type\":\"Organization\",\"@id\":\"https:\\\/\\\/balance-valamar.com\\\/#organization\",\"name\":\"Balance by Valamar\",\"url\":\"https:\\\/\\\/balance-valamar.com\\\/\",\"logo\":{\"@type\":\"ImageObject\",\"inLanguage\":\"hr\",\"@id\":\"https:\\\/\\\/balance-valamar.com\\\/#\\\/schema\\\/logo\\\/image\\\/\",\"url\":\"https:\\\/\\\/balance-valamar.com\\\/wp-content\\\/uploads\\\/2020\\\/02\\\/logoi.jpg\",\"contentUrl\":\"https:\\\/\\\/balance-valamar.com\\\/wp-content\\\/uploads\\\/2020\\\/02\\\/logoi.jpg\",\"width\":321,\"height\":321,\"caption\":\"Balance by Valamar\"},\"image\":{\"@id\":\"https:\\\/\\\/balance-valamar.com\\\/#\\\/schema\\\/logo\\\/image\\\/\"}}]}<\/script>\n<!-- \/ Yoast SEO plugin. -->","yoast_head_json":{"title":"Austrija | Balance by Valamar","description":"Vrhunac odmora tik do staza najzabavnijeg skijali\u0161ta u Austriji!","robots":{"index":"index","follow":"follow","max-snippet":"max-snippet:-1","max-image-preview":"max-image-preview:large","max-video-preview":"max-video-preview:-1"},"canonical":"https:\/\/balance-valamar.com\/hr\/austria\/","og_locale":"hr_HR","og_type":"article","og_title":"Austrija | Balance by Valamar","og_description":"Vrhunac odmora tik do staza najzabavnijeg skijali\u0161ta u Austriji!","og_url":"https:\/\/balance-valamar.com\/hr\/austria\/","og_site_name":"Balance by Valamar","article_modified_time":"2024-10-16T08:36:00+00:00","og_image":[{"width":1920,"height":783,"url":"https:\/\/balance-valamar.com\/wp-content\/uploads\/2023\/04\/valamar-destination-obertauern-listing-header-L.jpg","type":"image\/jpeg"}],"twitter_card":"summary_large_image","twitter_misc":{"Procijenjeno vrijeme \u010ditanja":"1 minuta"},"schema":{"@context":"https:\/\/schema.org","@graph":[{"@type":"WebPage","@id":"https:\/\/balance-valamar.com\/hr\/austria\/","url":"https:\/\/balance-valamar.com\/hr\/austria\/","name":"Austrija | Balance by Valamar","isPartOf":{"@id":"https:\/\/balance-valamar.com\/#website"},"primaryImageOfPage":{"@id":"https:\/\/balance-valamar.com\/hr\/austria\/#primaryimage"},"image":{"@id":"https:\/\/balance-valamar.com\/hr\/austria\/#primaryimage"},"thumbnailUrl":"https:\/\/balance-valamar.com\/wp-content\/uploads\/2023\/04\/valamar-destination-obertauern-listing-header-L.jpg","datePublished":"2023-04-27T07:26:02+00:00","dateModified":"2024-10-16T08:36:00+00:00","description":"Vrhunac odmora tik do staza najzabavnijeg skijali\u0161ta u Austriji!","breadcrumb":{"@id":"https:\/\/balance-valamar.com\/hr\/austria\/#breadcrumb"},"inLanguage":"hr","potentialAction":[{"@type":"ReadAction","target":["https:\/\/balance-valamar.com\/hr\/austria\/"]}]},{"@type":"ImageObject","inLanguage":"hr","@id":"https:\/\/balance-valamar.com\/hr\/austria\/#primaryimage","url":"https:\/\/balance-valamar.com\/wp-content\/uploads\/2023\/04\/valamar-destination-obertauern-listing-header-L.jpg","contentUrl":"https:\/\/balance-valamar.com\/wp-content\/uploads\/2023\/04\/valamar-destination-obertauern-listing-header-L.jpg","width":1920,"height":783,"caption":"Balance Valamar"},{"@type":"BreadcrumbList","@id":"https:\/\/balance-valamar.com\/hr\/austria\/#breadcrumb","itemListElement":[{"@type":"ListItem","position":1,"name":"Home","item":"https:\/\/balance-valamar.com\/hr\/"},{"@type":"ListItem","position":2,"name":"Austrija"}]},{"@type":"WebSite","@id":"https:\/\/balance-valamar.com\/#website","url":"https:\/\/balance-valamar.com\/","name":"Balance by Valamar","description":"Mediterranean Spa by Valamar","publisher":{"@id":"https:\/\/balance-valamar.com\/#organization"},"potentialAction":[{"@type":"SearchAction","target":{"@type":"EntryPoint","urlTemplate":"https:\/\/balance-valamar.com\/?s={search_term_string}"},"query-input":{"@type":"PropertyValueSpecification","valueRequired":true,"valueName":"search_term_string"}}],"inLanguage":"hr"},{"@type":"Organization","@id":"https:\/\/balance-valamar.com\/#organization","name":"Balance by Valamar","url":"https:\/\/balance-valamar.com\/","logo":{"@type":"ImageObject","inLanguage":"hr","@id":"https:\/\/balance-valamar.com\/#\/schema\/logo\/image\/","url":"https:\/\/balance-valamar.com\/wp-content\/uploads\/2020\/02\/logoi.jpg","contentUrl":"https:\/\/balance-valamar.com\/wp-content\/uploads\/2020\/02\/logoi.jpg","width":321,"height":321,"caption":"Balance by Valamar"},"image":{"@id":"https:\/\/balance-valamar.com\/#\/schema\/logo\/image\/"}}]}},"_links":{"self":[{"href":"https:\/\/balance-valamar.com\/hr\/wp-json\/wp\/v2\/pages\/5098","targetHints":{"allow":["GET"]}}],"collection":[{"href":"https:\/\/balance-valamar.com\/hr\/wp-json\/wp\/v2\/pages"}],"about":[{"href":"https:\/\/balance-valamar.com\/hr\/wp-json\/wp\/v2\/types\/page"}],"author":[{"embeddable":true,"href":"https:\/\/balance-valamar.com\/hr\/wp-json\/wp\/v2\/users\/1"}],"replies":[{"embeddable":true,"href":"https:\/\/balance-valamar.com\/hr\/wp-json\/wp\/v2\/comments?post=5098"}],"version-history":[{"count":6,"href":"https:\/\/balance-valamar.com\/hr\/wp-json\/wp\/v2\/pages\/5098\/revisions"}],"predecessor-version":[{"id":5609,"href":"https:\/\/balance-valamar.com\/hr\/wp-json\/wp\/v2\/pages\/5098\/revisions\/5609"}],"wp:featuredmedia":[{"embeddable":true,"href":"https:\/\/balance-valamar.com\/hr\/wp-json\/wp\/v2\/media\/5097"}],"wp:attachment":[{"href":"https:\/\/balance-valamar.com\/hr\/wp-json\/wp\/v2\/media?parent=5098"}],"curies":[{"name":"wp","href":"https:\/\/api.w.org\/{rel}","templated":true}]}}