{"id":5083,"date":"2023-04-27T07:26:48","date_gmt":"2023-04-27T07:26:48","guid":{"rendered":"https:\/\/balance-valamar.com\/island-of-rab\/"},"modified":"2025-03-26T08:14:25","modified_gmt":"2025-03-26T08:14:25","slug":"island-of-rab","status":"publish","type":"page","link":"https:\/\/balance-valamar.com\/hr\/island-of-rab\/","title":{"rendered":"Otok Rab"},"content":{"rendered":"<div class=\"divider one\">&nbsp;<\/div>\n<div class=\"standard_wrapper\">\n<div  class=\"one_third withsmallpadding ppb_text\" style=\"font-size:18px; line-height:28px;text-align:left;padding:40px 0 40px 0;\" >\n<div class=\"standard_wrapper\">\n<div class=\"page_content_wrapper wide\">\n<div class=\"inner\">\n<div style=\"margin:auto;width:100%\">\n<p>Odaberite idealan smje\u0161taj uz more na otoku Rabu!<\/p>\n<\/div>\n<\/div>\n<\/div>\n<\/div>\n<\/div>\n<\/div>\n<div class=\"standard_wrapper\">\n<div  class=\"two_third last withsmallpadding ppb_text\" style=\"text-align:left;padding:40px 0 40px 0;\" >\n<div class=\"standard_wrapper\">\n<div class=\"page_content_wrapper wide\">\n<div class=\"inner\">\n<div style=\"margin:auto;width:100%\">\n<p>Privla\u010di li vas opu\u0161tanje na pje\u0161\u010danoj pla\u017ei uz kristalno \u010disto more, aktivnosti u zadivljuju\u0107oj prirodi, \u0161etnje starogradskim ulicama i u\u017eivanje u finim oto\u010dkim specijalitetima, otok Rab je najbolji izbor za vas. Pregledajte na\u0161u \u0161iroku ponudu hotela i resorta na otoku i prona\u0111ite smje\u0161taj uz more po svojoj mjeri.<\/p>\n<\/div>\n<\/div>\n<\/div>\n<\/div>\n<\/div>\n<\/div>\n<div  class=\"ppb_image_half_boxed_fixed_width one\" style=\"margin-top:20px;margin-bottom:20px;\" >\n<div class=\"standard_wrapper\">\n<div class=\"page_content_wrapper wide\">\n<div class=\"inner\" style=\"height:380px;\">\n<div class=\"one_half content_middle parallax_text\" style=\"background-image:url(https:\/\/balance-valamar.com\/wp-content\/uploads\/2023\/04\/valamar-imperial-hotel-exterior-view.jpg)\"><\/div>\n<div class=\"one_half last content_middle fixed parallax_text\" style=\"padding:40px;text-align:left; \">\n<div class=\"content_middle_wrapper\">\n<div class=\"content_middle_content\">\n<h2 class=\"ppb_title\" style=\"\">Imperial Heritage Hotel 4*, Valamar Collection<\/h2>\n<div class=\"ppb_header_content\">\n<p>Prepustite se opu\u0161taju\u0107em odmoru u Imperial Valamar Collection hotelu uz na\u0161e wellness tretmane i sadr\u017eaje. Odaberite pojedina\u010dni tretman ili neki od paketa u ponudi.<\/p>\n<p><a href=\"\/hr\/imperial-heritage-hotel-4-valamar-collection\/\">Vi\u0161e<\/a><\/p>\n<\/div>\n<\/div>\n<\/div>\n<\/div>\n<p><br class=\"clear\"\/><\/div>\n<\/div>\n<\/div>\n<\/div>\n<div  class=\"ppb_image_half_boxed_fixed_width one\" style=\"margin-top:20px;margin-bottom:20px;\" >\n<div class=\"standard_wrapper\">\n<div class=\"page_content_wrapper wide\">\n<div class=\"inner\" style=\"height:380px;\">\n<div class=\"one_half content_middle fixed parallax_text\" style=\"padding:40px; text-align:left;\">\n<div class=\"content_middle_wrapper\">\n<div class=\"content_middle_content\">\n<h2 class=\"ppb_title\" style=\"\">Arba Resort 4\/5*, Valamar Collection<\/h2>\n<div class=\"ppb_header_content\">\n<p>Zakora\u010dite u 800 m\u00b2 potpunog opu\u0161tanja u Balance Mediterranean Spa u Arba Resortu, Valamar Collection.<\/p>\n<p><a href=\"\/hr\/arba-resort-4-5-valamar-collection\/\">Vi\u0161e<\/a><\/p>\n<\/div>\n<\/div>\n<\/div>\n<\/div>\n<div class=\"one_half content_middle parallax_text last\" style=\"background-image:url(https:\/\/balance-valamar.com\/wp-content\/uploads\/2024\/12\/2_punta_arba_resort_valamar_collection_wellness.jpg)\"><\/div>\n<p><br class=\"clear\"\/><\/div>\n<\/div>\n<\/div>\n<\/div>\n<div class=\"divider one\">&nbsp;<\/div>\n","protected":false},"excerpt":{"rendered":"<p>&nbsp; Odaberite idealan smje\u0161taj uz more na otoku Rabu! Privla\u010di li vas opu\u0161tanje na pje\u0161\u010danoj pla\u017ei uz kristalno \u010disto more, aktivnosti u zadivljuju\u0107oj prirodi, \u0161etnje starogradskim ulicama i u\u017eivanje u finim oto\u010dkim specijalitetima, otok Rab je najbolji izbor za vas. [&hellip;]<\/p>\n","protected":false},"author":1,"featured_media":5014,"parent":0,"menu_order":0,"comment_status":"closed","ping_status":"closed","template":"","meta":{"footnotes":""},"class_list":["post-5083","page","type-page","status-publish","has-post-thumbnail","hentry"],"yoast_head":"<!-- This site is optimized with the Yoast SEO plugin v27.3 - https:\/\/yoast.com\/product\/yoast-seo-wordpress\/ -->\n<title>Otok Rab | Balance by Valamar<\/title>\n<meta name=\"description\" content=\"Odaberite idealan smje\u0161taj uz more na otoku Rabu!\" \/>\n<meta name=\"robots\" content=\"index, follow, max-snippet:-1, max-image-preview:large, max-video-preview:-1\" \/>\n<link rel=\"canonical\" href=\"https:\/\/balance-valamar.com\/hr\/island-of-rab\/\" \/>\n<meta property=\"og:locale\" content=\"hr_HR\" \/>\n<meta property=\"og:type\" content=\"article\" \/>\n<meta property=\"og:title\" content=\"Otok Rab | Balance by Valamar\" \/>\n<meta property=\"og:description\" content=\"Odaberite idealan smje\u0161taj uz more na otoku Rabu!\" \/>\n<meta property=\"og:url\" content=\"https:\/\/balance-valamar.com\/hr\/island-of-rab\/\" \/>\n<meta property=\"og:site_name\" content=\"Balance by Valamar\" \/>\n<meta property=\"article:modified_time\" content=\"2025-03-26T08:14:25+00:00\" \/>\n<meta property=\"og:image\" content=\"https:\/\/balance-valamar.com\/wp-content\/uploads\/2023\/04\/valamar-collection-imperial-pool-overview-XL.jpg\" \/>\n\t<meta property=\"og:image:width\" content=\"1920\" \/>\n\t<meta property=\"og:image:height\" content=\"880\" \/>\n\t<meta property=\"og:image:type\" content=\"image\/jpeg\" \/>\n<meta name=\"twitter:card\" content=\"summary_large_image\" \/>\n<meta name=\"twitter:label1\" content=\"Procijenjeno vrijeme \u010ditanja\" \/>\n\t<meta name=\"twitter:data1\" content=\"1 minuta\" \/>\n<script type=\"application\/ld+json\" class=\"yoast-schema-graph\">{\"@context\":\"https:\\\/\\\/schema.org\",\"@graph\":[{\"@type\":\"WebPage\",\"@id\":\"https:\\\/\\\/balance-valamar.com\\\/hr\\\/island-of-rab\\\/\",\"url\":\"https:\\\/\\\/balance-valamar.com\\\/hr\\\/island-of-rab\\\/\",\"name\":\"Otok Rab | Balance by Valamar\",\"isPartOf\":{\"@id\":\"https:\\\/\\\/balance-valamar.com\\\/#website\"},\"primaryImageOfPage\":{\"@id\":\"https:\\\/\\\/balance-valamar.com\\\/hr\\\/island-of-rab\\\/#primaryimage\"},\"image\":{\"@id\":\"https:\\\/\\\/balance-valamar.com\\\/hr\\\/island-of-rab\\\/#primaryimage\"},\"thumbnailUrl\":\"https:\\\/\\\/balance-valamar.com\\\/wp-content\\\/uploads\\\/2023\\\/04\\\/valamar-collection-imperial-pool-overview-XL.jpg\",\"datePublished\":\"2023-04-27T07:26:48+00:00\",\"dateModified\":\"2025-03-26T08:14:25+00:00\",\"description\":\"Odaberite idealan smje\u0161taj uz more na otoku Rabu!\",\"breadcrumb\":{\"@id\":\"https:\\\/\\\/balance-valamar.com\\\/hr\\\/island-of-rab\\\/#breadcrumb\"},\"inLanguage\":\"hr\",\"potentialAction\":[{\"@type\":\"ReadAction\",\"target\":[\"https:\\\/\\\/balance-valamar.com\\\/hr\\\/island-of-rab\\\/\"]}]},{\"@type\":\"ImageObject\",\"inLanguage\":\"hr\",\"@id\":\"https:\\\/\\\/balance-valamar.com\\\/hr\\\/island-of-rab\\\/#primaryimage\",\"url\":\"https:\\\/\\\/balance-valamar.com\\\/wp-content\\\/uploads\\\/2023\\\/04\\\/valamar-collection-imperial-pool-overview-XL.jpg\",\"contentUrl\":\"https:\\\/\\\/balance-valamar.com\\\/wp-content\\\/uploads\\\/2023\\\/04\\\/valamar-collection-imperial-pool-overview-XL.jpg\",\"width\":1920,\"height\":880,\"caption\":\"Balance Valamar\"},{\"@type\":\"BreadcrumbList\",\"@id\":\"https:\\\/\\\/balance-valamar.com\\\/hr\\\/island-of-rab\\\/#breadcrumb\",\"itemListElement\":[{\"@type\":\"ListItem\",\"position\":1,\"name\":\"Home\",\"item\":\"https:\\\/\\\/balance-valamar.com\\\/hr\\\/\"},{\"@type\":\"ListItem\",\"position\":2,\"name\":\"Otok Rab\"}]},{\"@type\":\"WebSite\",\"@id\":\"https:\\\/\\\/balance-valamar.com\\\/#website\",\"url\":\"https:\\\/\\\/balance-valamar.com\\\/\",\"name\":\"Balance by Valamar\",\"description\":\"Mediterranean Spa by Valamar\",\"publisher\":{\"@id\":\"https:\\\/\\\/balance-valamar.com\\\/#organization\"},\"potentialAction\":[{\"@type\":\"SearchAction\",\"target\":{\"@type\":\"EntryPoint\",\"urlTemplate\":\"https:\\\/\\\/balance-valamar.com\\\/?s={search_term_string}\"},\"query-input\":{\"@type\":\"PropertyValueSpecification\",\"valueRequired\":true,\"valueName\":\"search_term_string\"}}],\"inLanguage\":\"hr\"},{\"@type\":\"Organization\",\"@id\":\"https:\\\/\\\/balance-valamar.com\\\/#organization\",\"name\":\"Balance by Valamar\",\"url\":\"https:\\\/\\\/balance-valamar.com\\\/\",\"logo\":{\"@type\":\"ImageObject\",\"inLanguage\":\"hr\",\"@id\":\"https:\\\/\\\/balance-valamar.com\\\/#\\\/schema\\\/logo\\\/image\\\/\",\"url\":\"https:\\\/\\\/balance-valamar.com\\\/wp-content\\\/uploads\\\/2020\\\/02\\\/logoi.jpg\",\"contentUrl\":\"https:\\\/\\\/balance-valamar.com\\\/wp-content\\\/uploads\\\/2020\\\/02\\\/logoi.jpg\",\"width\":321,\"height\":321,\"caption\":\"Balance by Valamar\"},\"image\":{\"@id\":\"https:\\\/\\\/balance-valamar.com\\\/#\\\/schema\\\/logo\\\/image\\\/\"}}]}<\/script>\n<!-- \/ Yoast SEO plugin. -->","yoast_head_json":{"title":"Otok Rab | Balance by Valamar","description":"Odaberite idealan smje\u0161taj uz more na otoku Rabu!","robots":{"index":"index","follow":"follow","max-snippet":"max-snippet:-1","max-image-preview":"max-image-preview:large","max-video-preview":"max-video-preview:-1"},"canonical":"https:\/\/balance-valamar.com\/hr\/island-of-rab\/","og_locale":"hr_HR","og_type":"article","og_title":"Otok Rab | Balance by Valamar","og_description":"Odaberite idealan smje\u0161taj uz more na otoku Rabu!","og_url":"https:\/\/balance-valamar.com\/hr\/island-of-rab\/","og_site_name":"Balance by Valamar","article_modified_time":"2025-03-26T08:14:25+00:00","og_image":[{"width":1920,"height":880,"url":"https:\/\/balance-valamar.com\/wp-content\/uploads\/2023\/04\/valamar-collection-imperial-pool-overview-XL.jpg","type":"image\/jpeg"}],"twitter_card":"summary_large_image","twitter_misc":{"Procijenjeno vrijeme \u010ditanja":"1 minuta"},"schema":{"@context":"https:\/\/schema.org","@graph":[{"@type":"WebPage","@id":"https:\/\/balance-valamar.com\/hr\/island-of-rab\/","url":"https:\/\/balance-valamar.com\/hr\/island-of-rab\/","name":"Otok Rab | Balance by Valamar","isPartOf":{"@id":"https:\/\/balance-valamar.com\/#website"},"primaryImageOfPage":{"@id":"https:\/\/balance-valamar.com\/hr\/island-of-rab\/#primaryimage"},"image":{"@id":"https:\/\/balance-valamar.com\/hr\/island-of-rab\/#primaryimage"},"thumbnailUrl":"https:\/\/balance-valamar.com\/wp-content\/uploads\/2023\/04\/valamar-collection-imperial-pool-overview-XL.jpg","datePublished":"2023-04-27T07:26:48+00:00","dateModified":"2025-03-26T08:14:25+00:00","description":"Odaberite idealan smje\u0161taj uz more na otoku Rabu!","breadcrumb":{"@id":"https:\/\/balance-valamar.com\/hr\/island-of-rab\/#breadcrumb"},"inLanguage":"hr","potentialAction":[{"@type":"ReadAction","target":["https:\/\/balance-valamar.com\/hr\/island-of-rab\/"]}]},{"@type":"ImageObject","inLanguage":"hr","@id":"https:\/\/balance-valamar.com\/hr\/island-of-rab\/#primaryimage","url":"https:\/\/balance-valamar.com\/wp-content\/uploads\/2023\/04\/valamar-collection-imperial-pool-overview-XL.jpg","contentUrl":"https:\/\/balance-valamar.com\/wp-content\/uploads\/2023\/04\/valamar-collection-imperial-pool-overview-XL.jpg","width":1920,"height":880,"caption":"Balance Valamar"},{"@type":"BreadcrumbList","@id":"https:\/\/balance-valamar.com\/hr\/island-of-rab\/#breadcrumb","itemListElement":[{"@type":"ListItem","position":1,"name":"Home","item":"https:\/\/balance-valamar.com\/hr\/"},{"@type":"ListItem","position":2,"name":"Otok Rab"}]},{"@type":"WebSite","@id":"https:\/\/balance-valamar.com\/#website","url":"https:\/\/balance-valamar.com\/","name":"Balance by Valamar","description":"Mediterranean Spa by Valamar","publisher":{"@id":"https:\/\/balance-valamar.com\/#organization"},"potentialAction":[{"@type":"SearchAction","target":{"@type":"EntryPoint","urlTemplate":"https:\/\/balance-valamar.com\/?s={search_term_string}"},"query-input":{"@type":"PropertyValueSpecification","valueRequired":true,"valueName":"search_term_string"}}],"inLanguage":"hr"},{"@type":"Organization","@id":"https:\/\/balance-valamar.com\/#organization","name":"Balance by Valamar","url":"https:\/\/balance-valamar.com\/","logo":{"@type":"ImageObject","inLanguage":"hr","@id":"https:\/\/balance-valamar.com\/#\/schema\/logo\/image\/","url":"https:\/\/balance-valamar.com\/wp-content\/uploads\/2020\/02\/logoi.jpg","contentUrl":"https:\/\/balance-valamar.com\/wp-content\/uploads\/2020\/02\/logoi.jpg","width":321,"height":321,"caption":"Balance by Valamar"},"image":{"@id":"https:\/\/balance-valamar.com\/#\/schema\/logo\/image\/"}}]}},"_links":{"self":[{"href":"https:\/\/balance-valamar.com\/hr\/wp-json\/wp\/v2\/pages\/5083","targetHints":{"allow":["GET"]}}],"collection":[{"href":"https:\/\/balance-valamar.com\/hr\/wp-json\/wp\/v2\/pages"}],"about":[{"href":"https:\/\/balance-valamar.com\/hr\/wp-json\/wp\/v2\/types\/page"}],"author":[{"embeddable":true,"href":"https:\/\/balance-valamar.com\/hr\/wp-json\/wp\/v2\/users\/1"}],"replies":[{"embeddable":true,"href":"https:\/\/balance-valamar.com\/hr\/wp-json\/wp\/v2\/comments?post=5083"}],"version-history":[{"count":9,"href":"https:\/\/balance-valamar.com\/hr\/wp-json\/wp\/v2\/pages\/5083\/revisions"}],"predecessor-version":[{"id":5736,"href":"https:\/\/balance-valamar.com\/hr\/wp-json\/wp\/v2\/pages\/5083\/revisions\/5736"}],"wp:featuredmedia":[{"embeddable":true,"href":"https:\/\/balance-valamar.com\/hr\/wp-json\/wp\/v2\/media\/5014"}],"wp:attachment":[{"href":"https:\/\/balance-valamar.com\/hr\/wp-json\/wp\/v2\/media?parent=5083"}],"curies":[{"name":"wp","href":"https:\/\/api.w.org\/{rel}","templated":true}]}}