{"id":5055,"date":"2023-04-26T10:57:56","date_gmt":"2023-04-26T10:57:56","guid":{"rendered":"https:\/\/balance-valamar.com\/imperial-valamar-collection-hotel\/"},"modified":"2024-10-16T09:19:29","modified_gmt":"2024-10-16T09:19:29","slug":"imperial-heritage-hotel-4-valamar-collection","status":"publish","type":"page","link":"https:\/\/balance-valamar.com\/hr\/imperial-heritage-hotel-4-valamar-collection\/","title":{"rendered":"Imperial Heritage Hotel 4*, Valamar Collection"},"content":{"rendered":"<div  class=\"one fullwidth \">\n\t\t\t<!-- START imperial REVOLUTION SLIDER 6.1.5 --><\/p>\n<p class=\"rs-p-wp-fix\">\n<p>\t\t\t<rs-module-wrap id=\"rev_slider_18_1_wrapper\" data-alias=\"imperial\" data-source=\"gallery\" style=\"background:transparent;padding:0;\"><br \/>\n\t\t\t\t<rs-module id=\"rev_slider_18_1\" style=\"display:none;\" data-version=\"6.1.5\"><br \/>\n\t\t\t\t\t<rs-slides><br \/>\n\t\t\t\t\t\t<rs-slide data-key=\"rs-49\" data-title=\"Slide\" data-thumb=\"\/\/balance-valamar.com\/wp-content\/uploads\/2023\/04\/valamar-collection-imperial-hotel-by-night-XL-50x100.jpg\" data-anim=\"ei:d;eo:d;s:1000;r:0;t:fade;sl:0;\"><br \/>\n\t\t\t\t\t\t\t<img loading=\"lazy\" decoding=\"async\" src=\"\/\/balance-valamar.com\/wp-content\/uploads\/2023\/04\/valamar-collection-imperial-hotel-by-night-XL.jpg\" alt=\"Balance Valamar\" title=\"valamar-collection-imperial-hotel-by-night-XL\" width=\"1920\" height=\"880\" class=\"rev-slidebg\" data-no-retina><br \/>\n<!---->\t\t\t\t\t\t<\/rs-slide><br \/>\n\t\t\t\t\t\t<rs-slide data-key=\"rs-50\" data-title=\"Slide\" data-thumb=\"\/\/balance-valamar.com\/wp-content\/uploads\/2023\/04\/valamar-collection-imperial-pool-overview-XL-50x100.jpg\" data-anim=\"ei:d;eo:d;s:1000;r:0;t:fade;sl:0;\"><br \/>\n\t\t\t\t\t\t\t<img loading=\"lazy\" decoding=\"async\" src=\"\/\/balance-valamar.com\/wp-content\/uploads\/2023\/04\/valamar-collection-imperial-pool-overview-XL.jpg\" alt=\"Balance Valamar\" title=\"valamar-collection-imperial-pool-overview-XL\" width=\"1920\" height=\"880\" class=\"rev-slidebg\" data-no-retina><br \/>\n<!---->\t\t\t\t\t\t<\/rs-slide><br \/>\n\t\t\t\t\t\t<rs-slide data-key=\"rs-51\" data-title=\"Slide\" data-thumb=\"\/\/balance-valamar.com\/wp-content\/uploads\/2023\/04\/valamar-collection-imperial-wellness-overview-XL-50x100.jpg\" data-anim=\"ei:d;eo:d;s:1000;r:0;t:fade;sl:0;\"><br \/>\n\t\t\t\t\t\t\t<img loading=\"lazy\" decoding=\"async\" src=\"\/\/balance-valamar.com\/wp-content\/uploads\/2023\/04\/valamar-collection-imperial-wellness-overview-XL.jpg\" alt=\"Balance Valamar\" title=\"valamar-collection-imperial-wellness-overview-XL\" width=\"1920\" height=\"880\" class=\"rev-slidebg\" data-no-retina><br \/>\n<!---->\t\t\t\t\t\t<\/rs-slide><br \/>\n\t\t\t\t\t<\/rs-slides><br \/>\n\t\t\t\t\t<rs-progress class=\"rs-bottom\" style=\"visibility: hidden !important;\"><\/rs-progress><br \/>\n\t\t\t\t<\/rs-module><br \/>\n\t\t\t\t<script type=\"text\/javascript\">\n\t\t\t\t\tsetREVStartSize({c: 'rev_slider_18_1',rl:[1240,1024,778,480],el:[900],gw:[1240],gh:[900],layout:'fullscreen',offsetContainer:'',offset:'',mh:\"0\"});\n\t\t\t\t\tvar\trevapi18,\n\t\t\t\t\t\ttpj;\n\t\t\t\t\tjQuery(function() {\n\t\t\t\t\t\ttpj = jQuery;\n\t\t\t\t\t\tif(tpj(\"#rev_slider_18_1\").revolution == undefined){\n\t\t\t\t\t\t\trevslider_showDoubleJqueryError(\"#rev_slider_18_1\");\n\t\t\t\t\t\t}else{\n\t\t\t\t\t\t\trevapi18 = tpj(\"#rev_slider_18_1\").show().revolution({\n\t\t\t\t\t\t\t\tjsFileLocation:\"\/\/balance-valamar.com\/wp-content\/plugins\/revslider\/public\/assets\/js\/\",\n\t\t\t\t\t\t\t\tsliderLayout:\"fullscreen\",\n\t\t\t\t\t\t\t\tvisibilityLevels:\"1240,1024,778,480\",\n\t\t\t\t\t\t\t\tgridwidth:1240,\n\t\t\t\t\t\t\t\tgridheight:900,\n\t\t\t\t\t\t\t\tminHeight:\"\",\n\t\t\t\t\t\t\t\tspinner:\"spinner0\",\n\t\t\t\t\t\t\t\teditorheight:\"900,768,960,720\",\n\t\t\t\t\t\t\t\tresponsiveLevels:\"1240,1024,778,480\",\n\t\t\t\t\t\t\t\tdisableProgressBar:\"on\",\n\t\t\t\t\t\t\t\tnavigation: {\n\t\t\t\t\t\t\t\t\tonHoverStop:false,\n\t\t\t\t\t\t\t\t\tarrows: {\n\t\t\t\t\t\t\t\t\t\tenable:true,\n\t\t\t\t\t\t\t\t\t\tstyle:\"hesperiden\",\n\t\t\t\t\t\t\t\t\t\tleft: {\n\t\t\t\t\t\t\t\t\t\t\th_offset:30\n\t\t\t\t\t\t\t\t\t\t},\n\t\t\t\t\t\t\t\t\t\tright: {\n\t\t\t\t\t\t\t\t\t\t\th_offset:30\n\t\t\t\t\t\t\t\t\t\t}\n\t\t\t\t\t\t\t\t\t}\n\t\t\t\t\t\t\t\t},\n\t\t\t\t\t\t\t\tfallbacks: {\n\t\t\t\t\t\t\t\t\tallowHTML5AutoPlayOnAndroid:true\n\t\t\t\t\t\t\t\t},\n\t\t\t\t\t\t\t});\n\t\t\t\t\t\t}<\/p>\n<p>\t\t\t\t\t});\n\t\t\t\t<\/script><\/p>\n<style type=\"text\/css\">#rev_slider_18_1_wrapper .hesperiden.tparrows{cursor:pointer;background:rgba(0,0,0,0.5);width:40px;height:40px;position:absolute;display:block;z-index:1000;  border-radius:50%}#rev_slider_18_1_wrapper .hesperiden.tparrows:hover{background:#000000}#rev_slider_18_1_wrapper .hesperiden.tparrows:before{font-family:'revicons';font-size:20px;color:#ffffff;display:block;line-height:40px;text-align:center}#rev_slider_18_1_wrapper .hesperiden.tparrows.tp-leftarrow:before{content:'e82c';  margin-left:-3px}#rev_slider_18_1_wrapper .hesperiden.tparrows.tp-rightarrow:before{content:'e82d';  margin-right:-3px}<\/style>\n<style type=\"text\/css\"><\/style>\n<p>\t\t\t<\/rs-module-wrap><br \/>\n\t\t\t<!-- END REVOLUTION SLIDER -->\n<\/div>\n<div  class=\"one withsmallpadding ppb_header \" style=\"margin-top:-141px; background:#fff; position:relative; z-index: 3000;text-align:center;padding:40px 0 40px 0;\" >\n<div class=\"standard_wrapper\">\n<div class=\"page_content_wrapper wide\">\n<div class=\"inner\">\n<div style=\"margin:auto;width:100%\">\n<h2 class=\"ppb_title\" style=\"\">Imperial Heritage Hotel 4*, Valamar Collection<\/h2>\n<\/div>\n<\/div>\n<\/div>\n<\/div>\n<\/div>\n<div class=\"standard_wrapper\">\n<div class=\"one withsmallpadding ppb_line_divider\"  style=\"text-align:center;padding:0px 0 0px 0;\" >\n<div class=\"page_content_wrapper wide\">\n<div class=\"inner\">\n<div class=\"line_divider_border\" style=\"width:100px;\"><\/div>\n<div class=\"line_divider_seperator\"><i class=\"fa fa-leaf\" style=\"\"><\/i><\/div>\n<div class=\"line_divider_border\" style=\"width:100px;\"><\/div>\n<\/div>\n<\/div>\n<\/div>\n<\/div>\n<div class=\"divider one\">&nbsp;<\/div>\n<div  class=\"one withsmallpadding ppb_text\" style=\"text-align:center;padding:40px 0 40px 0;\" >\n<div class=\"standard_wrapper\">\n<div class=\"page_content_wrapper wide\">\n<div class=\"inner\">\n<div style=\"margin:auto;width:100%\">\n<p>Prepustite se opu\u0161taju\u0107em odmoru u Imperial Heritage Hotel 4*, Valamar Collection uz na\u0161e wellness tretmane i sadr\u017eaje. Odaberite pojedina\u010dni tretman ili neki od paketa u ponudi. U\u017eivajte u spa zoni s finskom i bio saunom, whirlpoolom i sobom za opu\u0161tanje. Zaronite u grijanu vodu unutarnjeg bazena ili se sun\u010dajte u solariju. Zaronite du\u0161om i tijelom u jedan od na\u0161ih wellness rituala koji uklju\u010duju piling i osvje\u017euju\u0107e mirise ljeta.<\/p>\n<\/div>\n<\/div>\n<\/div>\n<\/div>\n<\/div>\n<div class=\"standard_wrapper\">\n<div  class=\"one_third withsmallpadding ppb_text\" style=\"text-align:left;padding:40px 0 40px 0;\" >\n<div class=\"standard_wrapper\">\n<div class=\"page_content_wrapper wide\">\n<div class=\"inner\">\n<div style=\"margin:auto;width:100%\">\n<h2>SPA ZONA<\/h2>\n<p>UZ NADOPLATU<\/p>\n<ul>\n<li>povr\u0161ina wellness centra 220 m2<\/li>\n<li>zona samo za odrasle<\/li>\n<li>finska sauna i bio sauna &#8211; bez nadoplate za goste V Level soba i suiteova<\/li>\n<li>turska kupelj<\/li>\n<li>whirlpool<\/li>\n<li>solarij<\/li>\n<li>slatkovodni unutarnji bazen (40 m2) \u2013 bez nadoplate<\/li>\n<li>soba za opu\u0161tanje<\/li>\n<li>Vitality Bar sa ponudom svje\u017eeg vo\u0107a, ora\u0161astog vo\u0107a, \u010dajeva i aromatizirane vode<\/li>\n<li>u cijenu uklju\u010deno: ogrta\u010d, papu\u010de, ru\u010dnik, \u010dajevi<\/li>\n<\/ul>\n<\/div>\n<\/div>\n<\/div>\n<\/div>\n<\/div>\n<\/div>\n<div class=\"standard_wrapper\">\n<div  class=\"one_third withsmallpadding ppb_text\" style=\"text-align:left;padding:40px 0 40px 0;\" >\n<div class=\"standard_wrapper\">\n<div class=\"page_content_wrapper wide\">\n<div class=\"inner\">\n<div style=\"margin:auto;width:100%\">\n<h2>BEAUTY ZONE<\/h2>\n<p>UZ NADOPLATU<\/p>\n<ul>\n<li>masa\u017ee i autenti\u010dni rituali<\/li>\n<li>paketi tretmana<\/li>\n<\/ul>\n<\/div>\n<\/div>\n<\/div>\n<\/div>\n<\/div>\n<\/div>\n<div class=\"standard_wrapper\">\n<div  class=\"one_third last withsmallpadding ppb_text\" style=\"text-align:left;padding:40px 0 40px 0;\" >\n<div class=\"standard_wrapper\">\n<div class=\"page_content_wrapper wide\">\n<div class=\"inner\">\n<div style=\"margin:auto;width:100%\">\n<h2>CJENIK I BRO\u0160URA<\/h2>\n<p><a class=\"centered_link2\" href=\"https:\/\/qrs.ly\/jjfifir\" target=\"_blank\" rel=\"noopener\"><img loading=\"lazy\" decoding=\"async\" class=\"alignnone size-medium wp-image-3896\" src=\"https:\/\/balance-valamar.com\/wp-content\/uploads\/2023\/10\/Balance_Imperial.jpg\" alt=\"\" width=\"242\" height=\"300\" \/><br \/>\nPreuzmi cjenik <\/a><\/p>\n<\/div>\n<\/div>\n<\/div>\n<\/div>\n<\/div>\n<\/div>\n<div  class=\"one ppb_card_two_cols_with_image\" style=\"position:relative;padding:40px 0 40px 0;\" >\n<div class=\"standard_wrapper\">\n<div class=\"page_content_wrapper wide\">\n<div class=\"inner\">\n<div class=\"one_half parallax_scroll parallax_text\" style=\"width:40%;position:absolute;padding:40px;z-index:2;block !important;background:#fff;\" data-stellar-ratio=\"1.3\">\n<h2 class=\"ppb_title\" style=\"\">Imperial Heritage Hotel 4*, Valamar Collection<\/h2>\n<div class=\"ppb_header_content\">\n<p>M. de Dominisa 9, 51280, Rab, Croatia<br \/>\n<i class=\"fa fa-mobile\"><\/i> +385 99 8000 228<br \/>\n<i class=\"fa fa-envelope\"><\/i> <a href=\"mailto:imperial@yestobeauty.spa\">imperial@yestobeauty.spa<\/a><\/p>\n<p>Radno vrijeme: svaki dan od 10:00 do 18:00.<\/p>\n<p><!--<a href=\"#\" target=\"_blank\" rel=\"noopener\"><i class=\"fa fa-2x fa-facebook\"><\/i><\/a> \u00a0\u00a0\u00a0 <a href=\"#\" target=\"_blank\" rel=\"noopener\"><i class=\"fa fa-2x fa-instagram\"><\/i><\/a>--><\/p>\n<\/div>\n<\/div>\n<div class=\"one_half parallax_scroll_image last\" style=\"width:65%;\">\n<div class=\"image_classic_frame expand\">\n<div class=\"image_wrapper\"><img decoding=\"async\" src=\"https:\/\/balance-valamar.com\/wp-content\/uploads\/2023\/04\/imperial-grand-hotel-wellness-bath.jpg\" alt=\"\" class=\"portfolio_img\"\/><\/div>\n<\/div>\n<\/div>\n<p><br class=\"clear\"\/><\/div>\n<\/div>\n<\/div>\n<\/div>\n<\/div>\n<div class=\"standard_wrapper\">\n<div  class=\"one_fourth withsmallpadding ppb_text\" style=\"text-align:center;padding:40px 0 40px 0;\" >\n<div class=\"standard_wrapper\">\n<div class=\"page_content_wrapper wide\">\n<div class=\"inner\">\n<div style=\"margin:auto;width:100%\"><\/div>\n<\/div>\n<\/div>\n<\/div>\n<\/div>\n<\/div>\n<div class=\"standard_wrapper\">\n<div  class=\"two_third withsmallpadding ppb_text\" style=\"text-align:left;padding:40px 0 40px 0;\" >\n<div class=\"standard_wrapper\">\n<div class=\"page_content_wrapper wide\">\n<div class=\"inner\">\n<div style=\"margin:auto;width:100%\">\n<p>Smje\u0161ten kraj egzoti\u010dnog gradskog parka blizu pla\u017ee i kulturnog i zabavnog \u017eivota starog grada Raba, ovaj hotel je oduvijek privla\u010dio svojim karakterom. Izgra\u0111en je davne 1927. godine kao jedan od prvih na otoku, a me\u0111u brojnim slavnim osobama posjetio ga je i kralj Edward VIII 1936. godine.<\/p>\n<p><a href=\"https:\/\/www.valamar.com\/en\/hotels-rab\/imperial-grand-hotel\" target=\"_blank\" rel=\"noopener\">Vi\u0161e informacija<\/a><\/p>\n<\/div>\n<\/div>\n<\/div>\n<\/div>\n<\/div>\n<\/div>\n","protected":false},"excerpt":{"rendered":"<p>Imperial Heritage Hotel 4*, Valamar Collection &nbsp; Prepustite se opu\u0161taju\u0107em odmoru u Imperial Heritage Hotel 4*, Valamar Collection uz na\u0161e wellness tretmane i sadr\u017eaje. Odaberite pojedina\u010dni tretman ili neki od paketa u ponudi. U\u017eivajte u spa zoni s finskom i [&hellip;]<\/p>\n","protected":false},"author":1,"featured_media":0,"parent":0,"menu_order":0,"comment_status":"closed","ping_status":"closed","template":"","meta":{"footnotes":""},"class_list":["post-5055","page","type-page","status-publish","hentry"],"yoast_head":"<!-- This site is optimized with the Yoast SEO plugin v27.3 - https:\/\/yoast.com\/product\/yoast-seo-wordpress\/ -->\n<title>Imperial Heritage Hotel 4*, Valamar Collection | Balance by Valamar<\/title>\n<meta name=\"description\" content=\"Prepustite se opu\u0161taju\u0107em odmoru u Imperial Valamar Collection hotelu uz na\u0161e wellness tretmane i sadr\u017eaje. Odaberite pojedina\u010dni tretman ili neki od...\" \/>\n<meta name=\"robots\" content=\"index, follow, max-snippet:-1, max-image-preview:large, max-video-preview:-1\" \/>\n<link rel=\"canonical\" href=\"https:\/\/balance-valamar.com\/hr\/imperial-heritage-hotel-4-valamar-collection\/\" \/>\n<meta property=\"og:locale\" content=\"hr_HR\" \/>\n<meta property=\"og:type\" content=\"article\" \/>\n<meta property=\"og:title\" content=\"Imperial Heritage Hotel 4*, Valamar Collection | Balance by Valamar\" \/>\n<meta property=\"og:description\" content=\"Prepustite se opu\u0161taju\u0107em odmoru u Imperial Valamar Collection hotelu uz na\u0161e wellness tretmane i sadr\u017eaje. Odaberite pojedina\u010dni tretman ili neki od...\" \/>\n<meta property=\"og:url\" content=\"https:\/\/balance-valamar.com\/hr\/imperial-heritage-hotel-4-valamar-collection\/\" \/>\n<meta property=\"og:site_name\" content=\"Balance by Valamar\" \/>\n<meta property=\"article:modified_time\" content=\"2024-10-16T09:19:29+00:00\" \/>\n<meta property=\"og:image\" content=\"https:\/\/balance-valamar.com\/wp-content\/uploads\/2023\/10\/Balance_Imperial.jpg\" \/>\n<meta name=\"twitter:card\" content=\"summary_large_image\" \/>\n<meta name=\"twitter:label1\" content=\"Procijenjeno vrijeme \u010ditanja\" \/>\n\t<meta name=\"twitter:data1\" content=\"2 minute\" \/>\n<script type=\"application\/ld+json\" class=\"yoast-schema-graph\">{\"@context\":\"https:\\\/\\\/schema.org\",\"@graph\":[{\"@type\":\"WebPage\",\"@id\":\"https:\\\/\\\/balance-valamar.com\\\/hr\\\/imperial-heritage-hotel-4-valamar-collection\\\/\",\"url\":\"https:\\\/\\\/balance-valamar.com\\\/hr\\\/imperial-heritage-hotel-4-valamar-collection\\\/\",\"name\":\"Imperial Heritage Hotel 4*, Valamar Collection | Balance by Valamar\",\"isPartOf\":{\"@id\":\"https:\\\/\\\/balance-valamar.com\\\/#website\"},\"primaryImageOfPage\":{\"@id\":\"https:\\\/\\\/balance-valamar.com\\\/hr\\\/imperial-heritage-hotel-4-valamar-collection\\\/#primaryimage\"},\"image\":{\"@id\":\"https:\\\/\\\/balance-valamar.com\\\/hr\\\/imperial-heritage-hotel-4-valamar-collection\\\/#primaryimage\"},\"thumbnailUrl\":\"https:\\\/\\\/balance-valamar.com\\\/wp-content\\\/uploads\\\/2023\\\/10\\\/Balance_Imperial.jpg\",\"datePublished\":\"2023-04-26T10:57:56+00:00\",\"dateModified\":\"2024-10-16T09:19:29+00:00\",\"description\":\"Prepustite se opu\u0161taju\u0107em odmoru u Imperial Valamar Collection hotelu uz na\u0161e wellness tretmane i sadr\u017eaje. Odaberite pojedina\u010dni tretman ili neki od...\",\"breadcrumb\":{\"@id\":\"https:\\\/\\\/balance-valamar.com\\\/hr\\\/imperial-heritage-hotel-4-valamar-collection\\\/#breadcrumb\"},\"inLanguage\":\"hr\",\"potentialAction\":[{\"@type\":\"ReadAction\",\"target\":[\"https:\\\/\\\/balance-valamar.com\\\/hr\\\/imperial-heritage-hotel-4-valamar-collection\\\/\"]}]},{\"@type\":\"ImageObject\",\"inLanguage\":\"hr\",\"@id\":\"https:\\\/\\\/balance-valamar.com\\\/hr\\\/imperial-heritage-hotel-4-valamar-collection\\\/#primaryimage\",\"url\":\"https:\\\/\\\/balance-valamar.com\\\/wp-content\\\/uploads\\\/2023\\\/10\\\/Balance_Imperial.jpg\",\"contentUrl\":\"https:\\\/\\\/balance-valamar.com\\\/wp-content\\\/uploads\\\/2023\\\/10\\\/Balance_Imperial.jpg\"},{\"@type\":\"BreadcrumbList\",\"@id\":\"https:\\\/\\\/balance-valamar.com\\\/hr\\\/imperial-heritage-hotel-4-valamar-collection\\\/#breadcrumb\",\"itemListElement\":[{\"@type\":\"ListItem\",\"position\":1,\"name\":\"Home\",\"item\":\"https:\\\/\\\/balance-valamar.com\\\/hr\\\/\"},{\"@type\":\"ListItem\",\"position\":2,\"name\":\"Imperial Heritage Hotel 4*, Valamar Collection\"}]},{\"@type\":\"WebSite\",\"@id\":\"https:\\\/\\\/balance-valamar.com\\\/#website\",\"url\":\"https:\\\/\\\/balance-valamar.com\\\/\",\"name\":\"Balance by Valamar\",\"description\":\"Mediterranean Spa by Valamar\",\"publisher\":{\"@id\":\"https:\\\/\\\/balance-valamar.com\\\/#organization\"},\"potentialAction\":[{\"@type\":\"SearchAction\",\"target\":{\"@type\":\"EntryPoint\",\"urlTemplate\":\"https:\\\/\\\/balance-valamar.com\\\/?s={search_term_string}\"},\"query-input\":{\"@type\":\"PropertyValueSpecification\",\"valueRequired\":true,\"valueName\":\"search_term_string\"}}],\"inLanguage\":\"hr\"},{\"@type\":\"Organization\",\"@id\":\"https:\\\/\\\/balance-valamar.com\\\/#organization\",\"name\":\"Balance by Valamar\",\"url\":\"https:\\\/\\\/balance-valamar.com\\\/\",\"logo\":{\"@type\":\"ImageObject\",\"inLanguage\":\"hr\",\"@id\":\"https:\\\/\\\/balance-valamar.com\\\/#\\\/schema\\\/logo\\\/image\\\/\",\"url\":\"https:\\\/\\\/balance-valamar.com\\\/wp-content\\\/uploads\\\/2020\\\/02\\\/logoi.jpg\",\"contentUrl\":\"https:\\\/\\\/balance-valamar.com\\\/wp-content\\\/uploads\\\/2020\\\/02\\\/logoi.jpg\",\"width\":321,\"height\":321,\"caption\":\"Balance by Valamar\"},\"image\":{\"@id\":\"https:\\\/\\\/balance-valamar.com\\\/#\\\/schema\\\/logo\\\/image\\\/\"}}]}<\/script>\n<!-- \/ Yoast SEO plugin. -->","yoast_head_json":{"title":"Imperial Heritage Hotel 4*, Valamar Collection | Balance by Valamar","description":"Prepustite se opu\u0161taju\u0107em odmoru u Imperial Valamar Collection hotelu uz na\u0161e wellness tretmane i sadr\u017eaje. Odaberite pojedina\u010dni tretman ili neki od...","robots":{"index":"index","follow":"follow","max-snippet":"max-snippet:-1","max-image-preview":"max-image-preview:large","max-video-preview":"max-video-preview:-1"},"canonical":"https:\/\/balance-valamar.com\/hr\/imperial-heritage-hotel-4-valamar-collection\/","og_locale":"hr_HR","og_type":"article","og_title":"Imperial Heritage Hotel 4*, Valamar Collection | Balance by Valamar","og_description":"Prepustite se opu\u0161taju\u0107em odmoru u Imperial Valamar Collection hotelu uz na\u0161e wellness tretmane i sadr\u017eaje. Odaberite pojedina\u010dni tretman ili neki od...","og_url":"https:\/\/balance-valamar.com\/hr\/imperial-heritage-hotel-4-valamar-collection\/","og_site_name":"Balance by Valamar","article_modified_time":"2024-10-16T09:19:29+00:00","og_image":[{"url":"https:\/\/balance-valamar.com\/wp-content\/uploads\/2023\/10\/Balance_Imperial.jpg","type":"","width":"","height":""}],"twitter_card":"summary_large_image","twitter_misc":{"Procijenjeno vrijeme \u010ditanja":"2 minute"},"schema":{"@context":"https:\/\/schema.org","@graph":[{"@type":"WebPage","@id":"https:\/\/balance-valamar.com\/hr\/imperial-heritage-hotel-4-valamar-collection\/","url":"https:\/\/balance-valamar.com\/hr\/imperial-heritage-hotel-4-valamar-collection\/","name":"Imperial Heritage Hotel 4*, Valamar Collection | Balance by Valamar","isPartOf":{"@id":"https:\/\/balance-valamar.com\/#website"},"primaryImageOfPage":{"@id":"https:\/\/balance-valamar.com\/hr\/imperial-heritage-hotel-4-valamar-collection\/#primaryimage"},"image":{"@id":"https:\/\/balance-valamar.com\/hr\/imperial-heritage-hotel-4-valamar-collection\/#primaryimage"},"thumbnailUrl":"https:\/\/balance-valamar.com\/wp-content\/uploads\/2023\/10\/Balance_Imperial.jpg","datePublished":"2023-04-26T10:57:56+00:00","dateModified":"2024-10-16T09:19:29+00:00","description":"Prepustite se opu\u0161taju\u0107em odmoru u Imperial Valamar Collection hotelu uz na\u0161e wellness tretmane i sadr\u017eaje. Odaberite pojedina\u010dni tretman ili neki od...","breadcrumb":{"@id":"https:\/\/balance-valamar.com\/hr\/imperial-heritage-hotel-4-valamar-collection\/#breadcrumb"},"inLanguage":"hr","potentialAction":[{"@type":"ReadAction","target":["https:\/\/balance-valamar.com\/hr\/imperial-heritage-hotel-4-valamar-collection\/"]}]},{"@type":"ImageObject","inLanguage":"hr","@id":"https:\/\/balance-valamar.com\/hr\/imperial-heritage-hotel-4-valamar-collection\/#primaryimage","url":"https:\/\/balance-valamar.com\/wp-content\/uploads\/2023\/10\/Balance_Imperial.jpg","contentUrl":"https:\/\/balance-valamar.com\/wp-content\/uploads\/2023\/10\/Balance_Imperial.jpg"},{"@type":"BreadcrumbList","@id":"https:\/\/balance-valamar.com\/hr\/imperial-heritage-hotel-4-valamar-collection\/#breadcrumb","itemListElement":[{"@type":"ListItem","position":1,"name":"Home","item":"https:\/\/balance-valamar.com\/hr\/"},{"@type":"ListItem","position":2,"name":"Imperial Heritage Hotel 4*, Valamar Collection"}]},{"@type":"WebSite","@id":"https:\/\/balance-valamar.com\/#website","url":"https:\/\/balance-valamar.com\/","name":"Balance by Valamar","description":"Mediterranean Spa by Valamar","publisher":{"@id":"https:\/\/balance-valamar.com\/#organization"},"potentialAction":[{"@type":"SearchAction","target":{"@type":"EntryPoint","urlTemplate":"https:\/\/balance-valamar.com\/?s={search_term_string}"},"query-input":{"@type":"PropertyValueSpecification","valueRequired":true,"valueName":"search_term_string"}}],"inLanguage":"hr"},{"@type":"Organization","@id":"https:\/\/balance-valamar.com\/#organization","name":"Balance by Valamar","url":"https:\/\/balance-valamar.com\/","logo":{"@type":"ImageObject","inLanguage":"hr","@id":"https:\/\/balance-valamar.com\/#\/schema\/logo\/image\/","url":"https:\/\/balance-valamar.com\/wp-content\/uploads\/2020\/02\/logoi.jpg","contentUrl":"https:\/\/balance-valamar.com\/wp-content\/uploads\/2020\/02\/logoi.jpg","width":321,"height":321,"caption":"Balance by Valamar"},"image":{"@id":"https:\/\/balance-valamar.com\/#\/schema\/logo\/image\/"}}]}},"_links":{"self":[{"href":"https:\/\/balance-valamar.com\/hr\/wp-json\/wp\/v2\/pages\/5055","targetHints":{"allow":["GET"]}}],"collection":[{"href":"https:\/\/balance-valamar.com\/hr\/wp-json\/wp\/v2\/pages"}],"about":[{"href":"https:\/\/balance-valamar.com\/hr\/wp-json\/wp\/v2\/types\/page"}],"author":[{"embeddable":true,"href":"https:\/\/balance-valamar.com\/hr\/wp-json\/wp\/v2\/users\/1"}],"replies":[{"embeddable":true,"href":"https:\/\/balance-valamar.com\/hr\/wp-json\/wp\/v2\/comments?post=5055"}],"version-history":[{"count":19,"href":"https:\/\/balance-valamar.com\/hr\/wp-json\/wp\/v2\/pages\/5055\/revisions"}],"predecessor-version":[{"id":5627,"href":"https:\/\/balance-valamar.com\/hr\/wp-json\/wp\/v2\/pages\/5055\/revisions\/5627"}],"wp:attachment":[{"href":"https:\/\/balance-valamar.com\/hr\/wp-json\/wp\/v2\/media?parent=5055"}],"curies":[{"name":"wp","href":"https:\/\/api.w.org\/{rel}","templated":true}]}}