{"id":4908,"date":"2022-12-09T09:04:16","date_gmt":"2022-12-09T09:04:16","guid":{"rendered":"https:\/\/balance-valamar.com\/kesselspitze-valamar-collection-hotel\/"},"modified":"2024-12-02T12:08:25","modified_gmt":"2024-12-02T12:08:25","slug":"kesselspitze-hotel-chalet-4-s-valamar-collection","status":"publish","type":"page","link":"https:\/\/balance-valamar.com\/hr\/kesselspitze-hotel-chalet-4-s-valamar-collection\/","title":{"rendered":"Kesselspitze Hotel &#038; Chalet 4*s, Valamar Collection"},"content":{"rendered":"<div  class=\"one fullwidth \">\n\t\t\t<!-- START kesselspitze REVOLUTION SLIDER 6.1.5 --><\/p>\n<p class=\"rs-p-wp-fix\">\n<p>\t\t\t<rs-module-wrap id=\"rev_slider_17_1_wrapper\" data-alias=\"kesselspitze\" data-source=\"gallery\" style=\"background:transparent;padding:0;\"><br \/>\n\t\t\t\t<rs-module id=\"rev_slider_17_1\" style=\"display:none;\" data-version=\"6.1.5\"><br \/>\n\t\t\t\t\t<rs-slides><br \/>\n\t\t\t\t\t\t<rs-slide data-key=\"rs-48\" data-title=\"Slide\" data-anim=\"ei:d;eo:d;s:1000;r:0;t:fade;sl:0;\"><br \/>\n\t\t\t\t\t\t\t<img loading=\"lazy\" decoding=\"async\" src=\"\/\/balance-valamar.com\/wp-content\/uploads\/2022\/12\/kesselspitze-hotel-pool-header-XL.jpg\" alt=\"Balance Valamar\" title=\"kesselspitze-hotel-pool-header-XL\" width=\"1920\" height=\"880\" class=\"rev-slidebg\" data-no-retina><br \/>\n<!---->\t\t\t\t\t\t<\/rs-slide><br \/>\n\t\t\t\t\t<\/rs-slides><br \/>\n\t\t\t\t\t<rs-progress class=\"rs-bottom\" style=\"visibility: hidden !important;\"><\/rs-progress><br \/>\n\t\t\t\t<\/rs-module><br \/>\n\t\t\t\t<script type=\"text\/javascript\">\n\t\t\t\t\tsetREVStartSize({c: 'rev_slider_17_1',rl:[1240,1024,778,480],el:[900],gw:[1240],gh:[900],layout:'fullscreen',offsetContainer:'',offset:'',mh:\"0\"});\n\t\t\t\t\tvar\trevapi17,\n\t\t\t\t\t\ttpj;\n\t\t\t\t\tjQuery(function() {\n\t\t\t\t\t\ttpj = jQuery;\n\t\t\t\t\t\tif(tpj(\"#rev_slider_17_1\").revolution == undefined){\n\t\t\t\t\t\t\trevslider_showDoubleJqueryError(\"#rev_slider_17_1\");\n\t\t\t\t\t\t}else{\n\t\t\t\t\t\t\trevapi17 = tpj(\"#rev_slider_17_1\").show().revolution({\n\t\t\t\t\t\t\t\tjsFileLocation:\"\/\/balance-valamar.com\/wp-content\/plugins\/revslider\/public\/assets\/js\/\",\n\t\t\t\t\t\t\t\tsliderLayout:\"fullscreen\",\n\t\t\t\t\t\t\t\tvisibilityLevels:\"1240,1024,778,480\",\n\t\t\t\t\t\t\t\tgridwidth:1240,\n\t\t\t\t\t\t\t\tgridheight:900,\n\t\t\t\t\t\t\t\tminHeight:\"\",\n\t\t\t\t\t\t\t\tspinner:\"spinner0\",\n\t\t\t\t\t\t\t\teditorheight:\"900,768,960,720\",\n\t\t\t\t\t\t\t\tresponsiveLevels:\"1240,1024,778,480\",\n\t\t\t\t\t\t\t\tdisableProgressBar:\"on\",\n\t\t\t\t\t\t\t\tnavigation: {\n\t\t\t\t\t\t\t\t\tonHoverStop:false\n\t\t\t\t\t\t\t\t},\n\t\t\t\t\t\t\t\tfallbacks: {\n\t\t\t\t\t\t\t\t\tallowHTML5AutoPlayOnAndroid:true\n\t\t\t\t\t\t\t\t},\n\t\t\t\t\t\t\t});\n\t\t\t\t\t\t}<\/p>\n<p>\t\t\t\t\t});\n\t\t\t\t<\/script><br \/>\n\t\t\t<\/rs-module-wrap><br \/>\n\t\t\t<!-- END REVOLUTION SLIDER -->\n<\/div>\n<div  class=\"one withsmallpadding ppb_header \" style=\"margin-top:-141px; background:#fff; position:relative; z-index: 3000;text-align:center;padding:40px 0 40px 0;\" >\n<div class=\"standard_wrapper\">\n<div class=\"page_content_wrapper wide\">\n<div class=\"inner\">\n<div style=\"margin:auto;width:100%\">\n<h2 class=\"ppb_title\" style=\"\">Kesselspitze Hotel &amp; Chalet 4*s, Valamar Collection<\/h2>\n<\/div>\n<\/div>\n<\/div>\n<\/div>\n<\/div>\n<div class=\"standard_wrapper\">\n<div class=\"one withsmallpadding ppb_line_divider\"  style=\"text-align:center;padding:0px 0 0px 0;\" >\n<div class=\"page_content_wrapper wide\">\n<div class=\"inner\">\n<div class=\"line_divider_border\" style=\"width:100px;\"><\/div>\n<div class=\"line_divider_seperator\"><i class=\"fa fa-leaf\" style=\"\"><\/i><\/div>\n<div class=\"line_divider_border\" style=\"width:100px;\"><\/div>\n<\/div>\n<\/div>\n<\/div>\n<\/div>\n<div class=\"divider one\">&nbsp;<\/div>\n<div  class=\"one withsmallpadding ppb_text\" style=\"text-align:center;padding:40px 0 40px 0;\" >\n<div class=\"standard_wrapper\">\n<div class=\"page_content_wrapper wide\">\n<div class=\"inner\">\n<div style=\"margin:auto;width:100%\">\n<p>Nakon uzbudljivog dana na snijegu, u\u017eivajte u zaslu\u017eenom odmoru i opustite svoje tijelo i um. Na\u0161 profesionalni tim Balance Spa centra razmazit \u0107e vas \u0161irokim izborom masa\u017ea i tretmana.<\/p>\n<p>Na\u0161a wellness oaza ispunit \u0107e sva va\u0161a o\u010dekivanja. Unutarnji bazen, saune i vanjski whirlpool pru\u017eaju fantasti\u010dan pogled na snijegom prekriveni zimski svijet Obertauerna. <\/p>\n<\/div>\n<\/div>\n<\/div>\n<\/div>\n<\/div>\n<div class=\"standard_wrapper\">\n<div  class=\"one_third withsmallpadding ppb_text\" style=\"text-align:left;padding:40px 0 40px 0;\" >\n<div class=\"standard_wrapper\">\n<div class=\"page_content_wrapper wide\">\n<div class=\"inner\">\n<div style=\"margin:auto;width:100%\">\n<h2>SPA ZONA<\/h2>\n<p>BESPLATNO KORI\u0160TENJE ZA GOSTE<\/p>\n<ul>\n<li>SPA &#8211; vi\u0161e od 200 m2 povr\u0161ine<\/li>\n<li>saune (finska, parna kupelj, slana soba i bio sauna)<\/li>\n<li>Vitality bar s raznolikom ponudom osvje\u017eavaju\u0107ih pi\u0107a<\/li>\n<li>grijane klupe<\/li>\n<li>tu\u0161evi do\u017eivljaja <\/li>\n<li>Relax zona<\/li>\n<\/ul>\n<\/div>\n<\/div>\n<\/div>\n<\/div>\n<\/div>\n<\/div>\n<div class=\"standard_wrapper\">\n<div  class=\"one_third withsmallpadding ppb_text\" style=\"text-align:left;padding:40px 0 40px 0;\" >\n<div class=\"standard_wrapper\">\n<div class=\"page_content_wrapper wide\">\n<div class=\"inner\">\n<div style=\"margin:auto;width:100%\">\n<h2>SPA TRETMANI<\/h2>\n<p>UZ NADOPLATU<\/p>\n<ul>\n<li>Valamar Signature Wellness Programme \u2013 masa\u017ee s vrhunskim organskim uljima <\/li>\n<li>autenti\u010dni rituali s potpisom <\/li>\n<li>tretmani lica i tijela uz upotrebu kozmetike vrhunskih marki<\/li>\n<li>tretmani za djecu i tinejd\u017eere <\/li>\n<li>organska kozmetika inspirirana ljekovitim alpskim i mediteranskim biljem<\/li>\n<\/ul>\n<\/div>\n<\/div>\n<\/div>\n<\/div>\n<\/div>\n<\/div>\n<div class=\"standard_wrapper\">\n<div  class=\"one_third last withsmallpadding ppb_text\" style=\"text-align:left;padding:40px 0 40px 0;\" >\n<div class=\"standard_wrapper\">\n<div class=\"page_content_wrapper wide\">\n<div class=\"inner\">\n<div style=\"margin:auto;width:100%\">\n<h2>UNUTARNJI BAZEN I WHIRPOOL NA OTVORENOM<\/h2>\n<p>BESPLATNO KORI\u0160TENJE ZA GOSTE HOTELA<\/p>\n<ul>\n<li>unutarnji bazen sa slatkom vodom<\/li>\n<li>ukupna vodena povr\u0161ina: 80 m2<\/li>\n<li>topli whirlpool pod otvorenim nebom<\/li>\n<li>fantasti\u010dan pogled na snijegom obavijen Obertauern<\/li>\n<li>radno vrijeme: svaki dan od 7:30 do 21:00<\/li>\n<\/ul>\n<\/div>\n<\/div>\n<\/div>\n<\/div>\n<\/div>\n<\/div>\n<div class=\"divider one\">&nbsp;<\/div>\n<div class=\"standard_wrapper\">\n<div  class=\"one_third withsmallpadding ppb_text\" style=\"text-align:left;padding:40px 0 40px 0;\" >\n<div class=\"standard_wrapper\">\n<div class=\"page_content_wrapper wide\">\n<div class=\"inner\">\n<div style=\"margin:auto;width:100%\"><\/div>\n<\/div>\n<\/div>\n<\/div>\n<\/div>\n<\/div>\n<div class=\"standard_wrapper\">\n<div  class=\"one_third withsmallpadding ppb_text\" style=\"text-align:left;padding:40px 0 40px 0;\" >\n<div class=\"standard_wrapper\">\n<div class=\"page_content_wrapper wide\">\n<div class=\"inner\">\n<div style=\"margin:auto;width:100%\">\n<h2>BRO\u0160URA I CJENIK<\/h2>\n<p><a class=\"centered_link2\" href=\"https:\/\/qrs.ly\/ayg3fvm\" target=\"_blank\" rel=\"noopener\"><img loading=\"lazy\" decoding=\"async\" class=\"alignnone size-medium wp-image-3896\" src=\"https:\/\/balance-valamar.com\/wp-content\/uploads\/2023\/10\/Balance_Kessel.jpg\" alt=\"\" width=\"242\" height=\"300\" \/><br \/>\nPreuzmite bro\u0161uru i cjenik usluga <\/a><\/p>\n<\/div>\n<\/div>\n<\/div>\n<\/div>\n<\/div>\n<\/div>\n<div  class=\"one ppb_card_two_cols_with_image\" style=\"position:relative;padding:40px 0 40px 0;\" >\n<div class=\"standard_wrapper\">\n<div class=\"page_content_wrapper wide\">\n<div class=\"inner\">\n<div class=\"one_half parallax_scroll parallax_text\" style=\"width:40%;position:absolute;padding:40px;z-index:2;block !important;background:#fff;\" data-stellar-ratio=\"1.3\">\n<h2 class=\"ppb_title\" style=\"\">Kesselspitze Hotel &amp; Chalet 4*s, Valamar Collection<\/h2>\n<div class=\"ppb_header_content\">\n<p>Alpenstra\u00dfe 1, 5562, Obertauern, Austria<br \/>\n<i class=\"fa fa-phone\"><\/i>+43 6456 7400<br \/>\n<i class=\"fa fa-mobile\"><\/i>+43 676 764 8073<br \/>\n<i class=\"fa fa-envelope\"><\/i> <a href=\"mailto:kesselspitze@yestobeauty.spa\">kesselspitze@yestobeauty.spa<\/a><\/p>\n<p>Radno vrijeme: od 11:00 do 20:00 ili po dogovoru<\/p>\n<p><!--<a href=\"#\" target=\"_blank\"><i class=\"fa fa-2x fa-facebook\"><\/i><\/a> \u00a0\u00a0\u00a0 <a href=\"#\" target=\"_blank\"><i class=\"fa fa-2x fa-instagram\"><\/i><\/a>--><\/p>\n<\/div>\n<\/div>\n<div class=\"one_half parallax_scroll_image last\" style=\"width:65%;\">\n<div class=\"image_classic_frame expand\">\n<div class=\"image_wrapper\"><img decoding=\"async\" src=\"https:\/\/balance-valamar.com\/wp-content\/uploads\/2022\/12\/kesselspitze-hotel-pool-header-XL.jpg\" alt=\"\" class=\"portfolio_img\"\/><\/div>\n<\/div>\n<\/div>\n<p><br class=\"clear\"\/><\/div>\n<\/div>\n<\/div>\n<\/div>\n<\/div>\n<div class=\"standard_wrapper\">\n<div  class=\"one_fourth withsmallpadding ppb_text\" style=\"text-align:center;padding:40px 0 40px 0;\" >\n<div class=\"standard_wrapper\">\n<div class=\"page_content_wrapper wide\">\n<div class=\"inner\">\n<div style=\"margin:auto;width:100%\"><\/div>\n<\/div>\n<\/div>\n<\/div>\n<\/div>\n<\/div>\n<div class=\"standard_wrapper\">\n<div  class=\"two_third withsmallpadding ppb_text\" style=\"text-align:left;padding:40px 0 40px 0;\" >\n<div class=\"standard_wrapper\">\n<div class=\"page_content_wrapper wide\">\n<div class=\"inner\">\n<div style=\"margin:auto;width:100%\">\n<p>\u00a0<\/p>\n<p>Zahvaljuju\u0107i jedinstvenoj lokaciji u mirnom dijelu Obertauerna, besprijekornim sadr\u017eajima i ekskluzivnim V Level uslugama, Kesselspitze Valamar Collection Hotel pravi je izbor za hedonisti\u010dki odmor u planinama. <\/p>\n<p><a href=\"https:\/\/www.valamar.com\/hr\/hotel-obertauern\/kesselspitze-valamar-collection-hotel\" target=\"_blank\" rel=\"noopener\">Vi\u0161e informacija<\/a><\/p>\n<\/div>\n<\/div>\n<\/div>\n<\/div>\n<\/div>\n<\/div>\n","protected":false},"excerpt":{"rendered":"<p>Kesselspitze Hotel &amp; Chalet 4*s, Valamar Collection &nbsp; Nakon uzbudljivog dana na snijegu, u\u017eivajte u zaslu\u017eenom odmoru i opustite svoje tijelo i um. Na\u0161 profesionalni tim Balance Spa centra razmazit \u0107e vas \u0161irokim izborom masa\u017ea i tretmana. Na\u0161a wellness oaza [&hellip;]<\/p>\n","protected":false},"author":1,"featured_media":0,"parent":0,"menu_order":0,"comment_status":"closed","ping_status":"closed","template":"","meta":{"footnotes":""},"class_list":["post-4908","page","type-page","status-publish","hentry"],"yoast_head":"<!-- This site is optimized with the Yoast SEO plugin v27.3 - https:\/\/yoast.com\/product\/yoast-seo-wordpress\/ -->\n<title>Kesselspitze Hotel &amp; Chalet 4*s, Valamar Collection | Balance by Valamar<\/title>\n<meta name=\"description\" content=\"Nakon uzbudljivog dana na snijegu, u\u017eivajte u zaslu\u017eenom odmoru i opustite svoje tijelo i um. Na\u0161 profesionalni tim Balance Spa centra razmazit \u0107e vas...\" \/>\n<meta name=\"robots\" content=\"index, follow, max-snippet:-1, max-image-preview:large, max-video-preview:-1\" \/>\n<link rel=\"canonical\" href=\"https:\/\/balance-valamar.com\/hr\/kesselspitze-hotel-chalet-4-s-valamar-collection\/\" \/>\n<meta property=\"og:locale\" content=\"hr_HR\" \/>\n<meta property=\"og:type\" content=\"article\" \/>\n<meta property=\"og:title\" content=\"Kesselspitze Hotel &amp; Chalet 4*s, Valamar Collection | Balance by Valamar\" \/>\n<meta property=\"og:description\" content=\"Nakon uzbudljivog dana na snijegu, u\u017eivajte u zaslu\u017eenom odmoru i opustite svoje tijelo i um. Na\u0161 profesionalni tim Balance Spa centra razmazit \u0107e vas...\" \/>\n<meta property=\"og:url\" content=\"https:\/\/balance-valamar.com\/hr\/kesselspitze-hotel-chalet-4-s-valamar-collection\/\" \/>\n<meta property=\"og:site_name\" content=\"Balance by Valamar\" \/>\n<meta property=\"article:modified_time\" content=\"2024-12-02T12:08:25+00:00\" \/>\n<meta property=\"og:image\" content=\"https:\/\/balance-valamar.com\/wp-content\/uploads\/2023\/10\/Balance_Kessel.jpg\" \/>\n<meta name=\"twitter:card\" content=\"summary_large_image\" \/>\n<meta name=\"twitter:label1\" content=\"Procijenjeno vrijeme \u010ditanja\" \/>\n\t<meta name=\"twitter:data1\" content=\"2 minute\" \/>\n<script type=\"application\/ld+json\" class=\"yoast-schema-graph\">{\"@context\":\"https:\\\/\\\/schema.org\",\"@graph\":[{\"@type\":\"WebPage\",\"@id\":\"https:\\\/\\\/balance-valamar.com\\\/hr\\\/kesselspitze-hotel-chalet-4-s-valamar-collection\\\/\",\"url\":\"https:\\\/\\\/balance-valamar.com\\\/hr\\\/kesselspitze-hotel-chalet-4-s-valamar-collection\\\/\",\"name\":\"Kesselspitze Hotel & Chalet 4*s, Valamar Collection | Balance by Valamar\",\"isPartOf\":{\"@id\":\"https:\\\/\\\/balance-valamar.com\\\/#website\"},\"primaryImageOfPage\":{\"@id\":\"https:\\\/\\\/balance-valamar.com\\\/hr\\\/kesselspitze-hotel-chalet-4-s-valamar-collection\\\/#primaryimage\"},\"image\":{\"@id\":\"https:\\\/\\\/balance-valamar.com\\\/hr\\\/kesselspitze-hotel-chalet-4-s-valamar-collection\\\/#primaryimage\"},\"thumbnailUrl\":\"https:\\\/\\\/balance-valamar.com\\\/wp-content\\\/uploads\\\/2023\\\/10\\\/Balance_Kessel.jpg\",\"datePublished\":\"2022-12-09T09:04:16+00:00\",\"dateModified\":\"2024-12-02T12:08:25+00:00\",\"description\":\"Nakon uzbudljivog dana na snijegu, u\u017eivajte u zaslu\u017eenom odmoru i opustite svoje tijelo i um. Na\u0161 profesionalni tim Balance Spa centra razmazit \u0107e vas...\",\"breadcrumb\":{\"@id\":\"https:\\\/\\\/balance-valamar.com\\\/hr\\\/kesselspitze-hotel-chalet-4-s-valamar-collection\\\/#breadcrumb\"},\"inLanguage\":\"hr\",\"potentialAction\":[{\"@type\":\"ReadAction\",\"target\":[\"https:\\\/\\\/balance-valamar.com\\\/hr\\\/kesselspitze-hotel-chalet-4-s-valamar-collection\\\/\"]}]},{\"@type\":\"ImageObject\",\"inLanguage\":\"hr\",\"@id\":\"https:\\\/\\\/balance-valamar.com\\\/hr\\\/kesselspitze-hotel-chalet-4-s-valamar-collection\\\/#primaryimage\",\"url\":\"https:\\\/\\\/balance-valamar.com\\\/wp-content\\\/uploads\\\/2023\\\/10\\\/Balance_Kessel.jpg\",\"contentUrl\":\"https:\\\/\\\/balance-valamar.com\\\/wp-content\\\/uploads\\\/2023\\\/10\\\/Balance_Kessel.jpg\"},{\"@type\":\"BreadcrumbList\",\"@id\":\"https:\\\/\\\/balance-valamar.com\\\/hr\\\/kesselspitze-hotel-chalet-4-s-valamar-collection\\\/#breadcrumb\",\"itemListElement\":[{\"@type\":\"ListItem\",\"position\":1,\"name\":\"Home\",\"item\":\"https:\\\/\\\/balance-valamar.com\\\/hr\\\/\"},{\"@type\":\"ListItem\",\"position\":2,\"name\":\"Kesselspitze Hotel &#038; Chalet 4*s, Valamar Collection\"}]},{\"@type\":\"WebSite\",\"@id\":\"https:\\\/\\\/balance-valamar.com\\\/#website\",\"url\":\"https:\\\/\\\/balance-valamar.com\\\/\",\"name\":\"Balance by Valamar\",\"description\":\"Mediterranean Spa by Valamar\",\"publisher\":{\"@id\":\"https:\\\/\\\/balance-valamar.com\\\/#organization\"},\"potentialAction\":[{\"@type\":\"SearchAction\",\"target\":{\"@type\":\"EntryPoint\",\"urlTemplate\":\"https:\\\/\\\/balance-valamar.com\\\/?s={search_term_string}\"},\"query-input\":{\"@type\":\"PropertyValueSpecification\",\"valueRequired\":true,\"valueName\":\"search_term_string\"}}],\"inLanguage\":\"hr\"},{\"@type\":\"Organization\",\"@id\":\"https:\\\/\\\/balance-valamar.com\\\/#organization\",\"name\":\"Balance by Valamar\",\"url\":\"https:\\\/\\\/balance-valamar.com\\\/\",\"logo\":{\"@type\":\"ImageObject\",\"inLanguage\":\"hr\",\"@id\":\"https:\\\/\\\/balance-valamar.com\\\/#\\\/schema\\\/logo\\\/image\\\/\",\"url\":\"https:\\\/\\\/balance-valamar.com\\\/wp-content\\\/uploads\\\/2020\\\/02\\\/logoi.jpg\",\"contentUrl\":\"https:\\\/\\\/balance-valamar.com\\\/wp-content\\\/uploads\\\/2020\\\/02\\\/logoi.jpg\",\"width\":321,\"height\":321,\"caption\":\"Balance by Valamar\"},\"image\":{\"@id\":\"https:\\\/\\\/balance-valamar.com\\\/#\\\/schema\\\/logo\\\/image\\\/\"}}]}<\/script>\n<!-- \/ Yoast SEO plugin. -->","yoast_head_json":{"title":"Kesselspitze Hotel & Chalet 4*s, Valamar Collection | Balance by Valamar","description":"Nakon uzbudljivog dana na snijegu, u\u017eivajte u zaslu\u017eenom odmoru i opustite svoje tijelo i um. Na\u0161 profesionalni tim Balance Spa centra razmazit \u0107e vas...","robots":{"index":"index","follow":"follow","max-snippet":"max-snippet:-1","max-image-preview":"max-image-preview:large","max-video-preview":"max-video-preview:-1"},"canonical":"https:\/\/balance-valamar.com\/hr\/kesselspitze-hotel-chalet-4-s-valamar-collection\/","og_locale":"hr_HR","og_type":"article","og_title":"Kesselspitze Hotel & Chalet 4*s, Valamar Collection | Balance by Valamar","og_description":"Nakon uzbudljivog dana na snijegu, u\u017eivajte u zaslu\u017eenom odmoru i opustite svoje tijelo i um. Na\u0161 profesionalni tim Balance Spa centra razmazit \u0107e vas...","og_url":"https:\/\/balance-valamar.com\/hr\/kesselspitze-hotel-chalet-4-s-valamar-collection\/","og_site_name":"Balance by Valamar","article_modified_time":"2024-12-02T12:08:25+00:00","og_image":[{"url":"https:\/\/balance-valamar.com\/wp-content\/uploads\/2023\/10\/Balance_Kessel.jpg","type":"","width":"","height":""}],"twitter_card":"summary_large_image","twitter_misc":{"Procijenjeno vrijeme \u010ditanja":"2 minute"},"schema":{"@context":"https:\/\/schema.org","@graph":[{"@type":"WebPage","@id":"https:\/\/balance-valamar.com\/hr\/kesselspitze-hotel-chalet-4-s-valamar-collection\/","url":"https:\/\/balance-valamar.com\/hr\/kesselspitze-hotel-chalet-4-s-valamar-collection\/","name":"Kesselspitze Hotel & Chalet 4*s, Valamar Collection | Balance by Valamar","isPartOf":{"@id":"https:\/\/balance-valamar.com\/#website"},"primaryImageOfPage":{"@id":"https:\/\/balance-valamar.com\/hr\/kesselspitze-hotel-chalet-4-s-valamar-collection\/#primaryimage"},"image":{"@id":"https:\/\/balance-valamar.com\/hr\/kesselspitze-hotel-chalet-4-s-valamar-collection\/#primaryimage"},"thumbnailUrl":"https:\/\/balance-valamar.com\/wp-content\/uploads\/2023\/10\/Balance_Kessel.jpg","datePublished":"2022-12-09T09:04:16+00:00","dateModified":"2024-12-02T12:08:25+00:00","description":"Nakon uzbudljivog dana na snijegu, u\u017eivajte u zaslu\u017eenom odmoru i opustite svoje tijelo i um. Na\u0161 profesionalni tim Balance Spa centra razmazit \u0107e vas...","breadcrumb":{"@id":"https:\/\/balance-valamar.com\/hr\/kesselspitze-hotel-chalet-4-s-valamar-collection\/#breadcrumb"},"inLanguage":"hr","potentialAction":[{"@type":"ReadAction","target":["https:\/\/balance-valamar.com\/hr\/kesselspitze-hotel-chalet-4-s-valamar-collection\/"]}]},{"@type":"ImageObject","inLanguage":"hr","@id":"https:\/\/balance-valamar.com\/hr\/kesselspitze-hotel-chalet-4-s-valamar-collection\/#primaryimage","url":"https:\/\/balance-valamar.com\/wp-content\/uploads\/2023\/10\/Balance_Kessel.jpg","contentUrl":"https:\/\/balance-valamar.com\/wp-content\/uploads\/2023\/10\/Balance_Kessel.jpg"},{"@type":"BreadcrumbList","@id":"https:\/\/balance-valamar.com\/hr\/kesselspitze-hotel-chalet-4-s-valamar-collection\/#breadcrumb","itemListElement":[{"@type":"ListItem","position":1,"name":"Home","item":"https:\/\/balance-valamar.com\/hr\/"},{"@type":"ListItem","position":2,"name":"Kesselspitze Hotel &#038; Chalet 4*s, Valamar Collection"}]},{"@type":"WebSite","@id":"https:\/\/balance-valamar.com\/#website","url":"https:\/\/balance-valamar.com\/","name":"Balance by Valamar","description":"Mediterranean Spa by Valamar","publisher":{"@id":"https:\/\/balance-valamar.com\/#organization"},"potentialAction":[{"@type":"SearchAction","target":{"@type":"EntryPoint","urlTemplate":"https:\/\/balance-valamar.com\/?s={search_term_string}"},"query-input":{"@type":"PropertyValueSpecification","valueRequired":true,"valueName":"search_term_string"}}],"inLanguage":"hr"},{"@type":"Organization","@id":"https:\/\/balance-valamar.com\/#organization","name":"Balance by Valamar","url":"https:\/\/balance-valamar.com\/","logo":{"@type":"ImageObject","inLanguage":"hr","@id":"https:\/\/balance-valamar.com\/#\/schema\/logo\/image\/","url":"https:\/\/balance-valamar.com\/wp-content\/uploads\/2020\/02\/logoi.jpg","contentUrl":"https:\/\/balance-valamar.com\/wp-content\/uploads\/2020\/02\/logoi.jpg","width":321,"height":321,"caption":"Balance by Valamar"},"image":{"@id":"https:\/\/balance-valamar.com\/#\/schema\/logo\/image\/"}}]}},"_links":{"self":[{"href":"https:\/\/balance-valamar.com\/hr\/wp-json\/wp\/v2\/pages\/4908","targetHints":{"allow":["GET"]}}],"collection":[{"href":"https:\/\/balance-valamar.com\/hr\/wp-json\/wp\/v2\/pages"}],"about":[{"href":"https:\/\/balance-valamar.com\/hr\/wp-json\/wp\/v2\/types\/page"}],"author":[{"embeddable":true,"href":"https:\/\/balance-valamar.com\/hr\/wp-json\/wp\/v2\/users\/1"}],"replies":[{"embeddable":true,"href":"https:\/\/balance-valamar.com\/hr\/wp-json\/wp\/v2\/comments?post=4908"}],"version-history":[{"count":31,"href":"https:\/\/balance-valamar.com\/hr\/wp-json\/wp\/v2\/pages\/4908\/revisions"}],"predecessor-version":[{"id":5654,"href":"https:\/\/balance-valamar.com\/hr\/wp-json\/wp\/v2\/pages\/4908\/revisions\/5654"}],"wp:attachment":[{"href":"https:\/\/balance-valamar.com\/hr\/wp-json\/wp\/v2\/media?parent=4908"}],"curies":[{"name":"wp","href":"https:\/\/api.w.org\/{rel}","templated":true}]}}