{"id":4231,"date":"2020-02-26T12:40:54","date_gmt":"2020-02-26T12:40:54","guid":{"rendered":"http:\/\/balance-valamar.com\/lanterna-premium-camping-resort\/"},"modified":"2024-10-21T13:18:41","modified_gmt":"2024-10-21T13:18:41","slug":"valamar-camping-lanterna-4","status":"publish","type":"page","link":"https:\/\/balance-valamar.com\/hr\/valamar-camping-lanterna-4\/","title":{"rendered":"Valamar Camping Lanterna 4*"},"content":{"rendered":"<div  class=\"one fullwidth \">\n\t\t\t<!-- START lanterna REVOLUTION SLIDER 6.1.5 --><\/p>\n<p class=\"rs-p-wp-fix\">\n<p>\t\t\t<rs-module-wrap id=\"rev_slider_13_1_wrapper\" data-alias=\"lanterna\" data-source=\"gallery\" style=\"background:transparent;padding:0;\"><br \/>\n\t\t\t\t<rs-module id=\"rev_slider_13_1\" style=\"display:none;\" data-version=\"6.1.5\"><br \/>\n\t\t\t\t\t<rs-slides><br \/>\n\t\t\t\t\t\t<rs-slide data-key=\"rs-34\" data-title=\"Slide\" data-thumb=\"\/\/balance-valamar.com\/wp-content\/uploads\/2023\/07\/Lanterna-Premium-Camping-Resort_Balance-Mediterranean-Spa_05-8101-lowres-1-50x100.jpg\" data-anim=\"ei:d;eo:d;s:1000;r:0;t:fade;sl:0;\"><br \/>\n\t\t\t\t\t\t\t<img loading=\"lazy\" decoding=\"async\" src=\"\/\/balance-valamar.com\/wp-content\/uploads\/2023\/07\/Lanterna-Premium-Camping-Resort_Balance-Mediterranean-Spa_05-8101-lowres-1.jpg\" title=\"Lanterna Premium Camping Resort_Balance Mediterranean Spa_05 (8101) [lowres] (1)\" width=\"1280\" height=\"853\" class=\"rev-slidebg\" data-no-retina><br \/>\n<!---->\t\t\t\t\t\t<\/rs-slide><br \/>\n\t\t\t\t\t\t<rs-slide data-key=\"rs-35\" data-title=\"Slide\" data-thumb=\"\/\/balance-valamar.com\/wp-content\/uploads\/2023\/07\/Lanterna-Premium-Camping-Resort_Balance-Mediterranean-Spa_08-8104-lowres-50x100.jpg\" data-anim=\"ei:d;eo:d;s:1000;r:0;t:fade;sl:0;\"><br \/>\n\t\t\t\t\t\t\t<img loading=\"lazy\" decoding=\"async\" src=\"\/\/balance-valamar.com\/wp-content\/uploads\/2023\/07\/Lanterna-Premium-Camping-Resort_Balance-Mediterranean-Spa_08-8104-lowres.jpg\" title=\"Lanterna Premium Camping Resort_Balance Mediterranean Spa_08 (8104) [lowres]\" width=\"1280\" height=\"677\" class=\"rev-slidebg\" data-no-retina><br \/>\n<!---->\t\t\t\t\t\t<\/rs-slide><br \/>\n\t\t\t\t\t\t<rs-slide data-key=\"rs-36\" data-title=\"Slide\" data-thumb=\"\/\/balance-valamar.com\/wp-content\/uploads\/2023\/07\/Lanterna-Premium-Camping-Resort_Balance-Mediterranean-Spa_10-8106-original-scaled-50x100.jpg\" data-anim=\"ei:d;eo:d;s:1000;r:0;t:fade;sl:0;\"><br \/>\n\t\t\t\t\t\t\t<img loading=\"lazy\" decoding=\"async\" src=\"\/\/balance-valamar.com\/wp-content\/uploads\/2023\/07\/Lanterna-Premium-Camping-Resort_Balance-Mediterranean-Spa_10-8106-original-scaled.jpg\" alt=\"Balance Valamar\" title=\"Lanterna Premium Camping Resort_Balance Mediterranean Spa_10 (8106) [original]\" width=\"2560\" height=\"886\" class=\"rev-slidebg\" data-no-retina><br \/>\n<!---->\t\t\t\t\t\t<\/rs-slide><br \/>\n\t\t\t\t\t\t<rs-slide data-key=\"rs-63\" data-title=\"Slide\" data-anim=\"ei:d;eo:d;r:0;t:fade;sl:7;\"><br \/>\n\t\t\t\t\t\t\t<img decoding=\"async\" src=\"\/\/balance-valamar.com\/wp-content\/plugins\/revslider\/public\/assets\/assets\/transparent.png\" title=\"Valamar Camping Lanterna 4*\" class=\"rev-slidebg\" data-no-retina><br \/>\n<!---->\t\t\t\t\t\t<\/rs-slide><br \/>\n\t\t\t\t\t<\/rs-slides><br \/>\n\t\t\t\t\t<rs-progress class=\"rs-bottom\" style=\"visibility: hidden !important;\"><\/rs-progress><br \/>\n\t\t\t\t<\/rs-module><br \/>\n\t\t\t\t<script type=\"text\/javascript\">\n\t\t\t\t\tsetREVStartSize({c: 'rev_slider_13_1',rl:[1240,1024,778,480],el:[900],gw:[1240],gh:[900],layout:'fullscreen',offsetContainer:'',offset:'',mh:\"0\"});\n\t\t\t\t\tvar\trevapi13,\n\t\t\t\t\t\ttpj;\n\t\t\t\t\tjQuery(function() {\n\t\t\t\t\t\ttpj = jQuery;\n\t\t\t\t\t\tif(tpj(\"#rev_slider_13_1\").revolution == undefined){\n\t\t\t\t\t\t\trevslider_showDoubleJqueryError(\"#rev_slider_13_1\");\n\t\t\t\t\t\t}else{\n\t\t\t\t\t\t\trevapi13 = tpj(\"#rev_slider_13_1\").show().revolution({\n\t\t\t\t\t\t\t\tjsFileLocation:\"\/\/balance-valamar.com\/wp-content\/plugins\/revslider\/public\/assets\/js\/\",\n\t\t\t\t\t\t\t\tsliderLayout:\"fullscreen\",\n\t\t\t\t\t\t\t\tvisibilityLevels:\"1240,1024,778,480\",\n\t\t\t\t\t\t\t\tgridwidth:1240,\n\t\t\t\t\t\t\t\tgridheight:900,\n\t\t\t\t\t\t\t\tminHeight:\"\",\n\t\t\t\t\t\t\t\tspinner:\"spinner0\",\n\t\t\t\t\t\t\t\teditorheight:\"900,768,960,720\",\n\t\t\t\t\t\t\t\tresponsiveLevels:\"1240,1024,778,480\",\n\t\t\t\t\t\t\t\tdisableProgressBar:\"on\",\n\t\t\t\t\t\t\t\tnavigation: {\n\t\t\t\t\t\t\t\t\tonHoverStop:false,\n\t\t\t\t\t\t\t\t\tarrows: {\n\t\t\t\t\t\t\t\t\t\tenable:true,\n\t\t\t\t\t\t\t\t\t\tstyle:\"hesperiden\",\n\t\t\t\t\t\t\t\t\t\tleft: {\n\t\t\t\t\t\t\t\t\t\t\th_offset:30\n\t\t\t\t\t\t\t\t\t\t},\n\t\t\t\t\t\t\t\t\t\tright: {\n\t\t\t\t\t\t\t\t\t\t\th_offset:30\n\t\t\t\t\t\t\t\t\t\t}\n\t\t\t\t\t\t\t\t\t}\n\t\t\t\t\t\t\t\t},\n\t\t\t\t\t\t\t\tfallbacks: {\n\t\t\t\t\t\t\t\t\tallowHTML5AutoPlayOnAndroid:true\n\t\t\t\t\t\t\t\t},\n\t\t\t\t\t\t\t});\n\t\t\t\t\t\t}<\/p>\n<p>\t\t\t\t\t});\n\t\t\t\t<\/script><\/p>\n<style type=\"text\/css\">#rev_slider_13_1_wrapper .hesperiden.tparrows{cursor:pointer;background:rgba(0,0,0,0.5);width:40px;height:40px;position:absolute;display:block;z-index:1000;  border-radius:50%}#rev_slider_13_1_wrapper .hesperiden.tparrows:hover{background:#000000}#rev_slider_13_1_wrapper .hesperiden.tparrows:before{font-family:'revicons';font-size:20px;color:#ffffff;display:block;line-height:40px;text-align:center}#rev_slider_13_1_wrapper .hesperiden.tparrows.tp-leftarrow:before{content:'e82c';  margin-left:-3px}#rev_slider_13_1_wrapper .hesperiden.tparrows.tp-rightarrow:before{content:'e82d';  margin-right:-3px}<\/style>\n<style type=\"text\/css\"><\/style>\n<p>\t\t\t<\/rs-module-wrap><br \/>\n\t\t\t<!-- END REVOLUTION SLIDER -->\n<\/div>\n<div  class=\"one withsmallpadding ppb_header \" style=\"margin-top:-141px; background:#fff; position:relative; z-index: 3000;text-align:center;padding:40px 0 40px 0;\" >\n<div class=\"standard_wrapper\">\n<div class=\"page_content_wrapper wide\">\n<div class=\"inner\">\n<div style=\"margin:auto;width:100%\">\n<h2 class=\"ppb_title\" style=\"\">Valamar Camping Lanterna 4*<\/h2>\n<\/div>\n<\/div>\n<\/div>\n<\/div>\n<\/div>\n<div class=\"standard_wrapper\">\n<div class=\"one withsmallpadding ppb_line_divider\"  style=\"text-align:center;padding:0px 0 0px 0;\" >\n<div class=\"page_content_wrapper wide\">\n<div class=\"inner\">\n<div class=\"line_divider_border\" style=\"width:100px;\"><\/div>\n<div class=\"line_divider_seperator\"><i class=\"fa fa-leaf\" style=\"\"><\/i><\/div>\n<div class=\"line_divider_border\" style=\"width:100px;\"><\/div>\n<\/div>\n<\/div>\n<\/div>\n<\/div>\n<div class=\"divider one\">&nbsp;<\/div>\n<div  class=\"one withsmallpadding ppb_text\" style=\"text-align:center;padding:40px 0 40px 0;\" >\n<div class=\"standard_wrapper\">\n<div class=\"page_content_wrapper wide\">\n<div class=\"inner\">\n<div style=\"margin:auto;width:100%\">\n<p>Opustite se uz umiruju\u0107e zvukove valova i mirise ljeta u sjeni Balance Mediterranea Spa paviljona smje\u0161tenog tik uz more.<\/p>\n<\/div>\n<\/div>\n<\/div>\n<\/div>\n<\/div>\n<div class=\"standard_wrapper\">\n<div  class=\"one_half withsmallpadding ppb_text\" style=\"text-align:left;padding:40px 0 40px 0;\" >\n<div class=\"standard_wrapper\">\n<div class=\"page_content_wrapper wide\">\n<div class=\"inner\">\n<div style=\"margin:auto;width:100%\">\n<h2>BALANCE MEDITERRANEAN SPA<br \/>\nMASA\u017dE UZ MORE<\/h2>\n<p>\u00a0<\/p>\n<ul>\n<li style=\"text-align: left;\">\u00a0 masa\u017ea le\u0111a<\/li>\n<li style=\"text-align: left;\">\u00a0 masa\u017ea cijelog tijela<\/li>\n<li style=\"text-align: left;\">\u00a0 de-stress masa\u017ea<\/li>\n<li style=\"text-align: left;\">\u00a0 masa\u017ea za budu\u0107e majke<\/li>\n<\/ul>\n<\/div>\n<\/div>\n<\/div>\n<\/div>\n<\/div>\n<\/div>\n<div class=\"standard_wrapper\">\n<div  class=\"one_half last withsmallpadding ppb_text\" style=\"text-align:left;padding:40px 0 40px 0;\" >\n<div class=\"standard_wrapper\">\n<div class=\"page_content_wrapper wide\">\n<div class=\"inner\">\n<div style=\"margin:auto;width:100%\">\n<h2>CJENIK<\/h2>\n<p><a class=\"centered_link2\" href=\"https:\/\/balance-valamar.com\/wp-content\/uploads\/2024\/07\/BalanceSpa_LanternaCjenikA4.pdf\" target=\"_blank\" rel=\"noopener\"><img loading=\"lazy\" decoding=\"async\" class=\"alignnone size-medium wp-image-3896\" src=\"http:\/\/balance-valamar.com\/wp-content\/uploads\/2020\/03\/brosura-242x300.jpg\" alt=\"\" width=\"242\" height=\"300\" \/><br \/>\nPreuzmite cjenik usluga <\/a><\/p>\n<\/div>\n<\/div>\n<\/div>\n<\/div>\n<\/div>\n<\/div>\n<div  class=\"one ppb_card_two_cols_with_image\" style=\"position:relative;padding:40px 0 40px 0;\" >\n<div class=\"standard_wrapper\">\n<div class=\"page_content_wrapper wide\">\n<div class=\"inner\">\n<div class=\"one_half parallax_scroll parallax_text\" style=\"width:40%;position:absolute;padding:40px;z-index:2;block !important;background:#fff;\" data-stellar-ratio=\"1.3\">\n<h2 class=\"ppb_title\" style=\"\">Valamar Camping Lanterna 4*<\/h2>\n<div class=\"ppb_header_content\">\n<p>Lanterna 1, 52465, Tar, Hrvatska<br \/>\n<i class=\"fa fa-phone\"><\/i> +385 99 240 14 10<br \/>\n<i class=\"fa fa-envelope\"><\/i> <a href=\"mailto:info@balance-istrapremiumcamping.com\">info@balance-istrapremiumcamping.com<\/a><br \/>\n<i class=\"fa fa-globe\"><\/i> <a href=\"https:\/\/www.balance-istrapremiumcamping.com\" target=\"_blank\" rel=\"noopener\">www.balance-istrapremiumcamping.com<\/a><\/p>\n<p><!--<a href=\"#\" target=\"_blank\" rel=\"noopener\"><i class=\"fa fa-2x fa-facebook\"><\/i><\/a> \u00a0\u00a0\u00a0 <a href=\"#\" target=\"_blank\" rel=\"noopener\"><i class=\"fa fa-2x fa-instagram\"><\/i><\/a>--><\/p>\n<\/div>\n<\/div>\n<div class=\"one_half parallax_scroll_image last\" style=\"width:65%;\">\n<div class=\"image_classic_frame expand\">\n<div class=\"image_wrapper\"><img decoding=\"async\" src=\"http:\/\/balance-valamar.com\/wp-content\/uploads\/2020\/03\/Lanterna-Premium-Camping-Resort_Balance-Mediterranean-Spa_-2-1.jpg\" alt=\"\" class=\"portfolio_img\"\/><\/div>\n<\/div>\n<\/div>\n<p><br class=\"clear\"\/><\/div>\n<\/div>\n<\/div>\n<\/div>\n<\/div>\n<div class=\"standard_wrapper\">\n<div  class=\"one_fourth withsmallpadding ppb_text\" style=\"text-align:center;padding:40px 0 40px 0;\" >\n<div class=\"standard_wrapper\">\n<div class=\"page_content_wrapper wide\">\n<div class=\"inner\">\n<div style=\"margin:auto;width:100%\"><\/div>\n<\/div>\n<\/div>\n<\/div>\n<\/div>\n<\/div>\n<div class=\"standard_wrapper\">\n<div  class=\"two_third withsmallpadding ppb_text\" style=\"text-align:left;padding:40px 0 40px 0;\" >\n<div class=\"standard_wrapper\">\n<div class=\"page_content_wrapper wide\">\n<div class=\"inner\">\n<div style=\"margin:auto;width:100%\">\n<p>Po\u010dastite svoju obitelj najboljim odmorom do sada u Lanterna Premium Camping Resortu, ponosnom dobitniku presti\u017enih nagrada za kvalitetu.<\/p>\n<p><a href=\"https:\/\/www.valamar.com\/hr\/kamping-porec\/lanterna-camping-resort\" target=\"_blank\" rel=\"noopener\">Vi\u0161e informacija<\/a><\/p>\n<\/div>\n<\/div>\n<\/div>\n<\/div>\n<\/div>\n<\/div>\n","protected":false},"excerpt":{"rendered":"<p>Valamar Camping Lanterna 4* &nbsp; Opustite se uz umiruju\u0107e zvukove valova i mirise ljeta u sjeni Balance Mediterranea Spa paviljona smje\u0161tenog tik uz more. BALANCE MEDITERRANEAN SPA MASA\u017dE UZ MORE \u00a0 \u00a0 masa\u017ea le\u0111a \u00a0 masa\u017ea cijelog tijela \u00a0 de-stress [&hellip;]<\/p>\n","protected":false},"author":1,"featured_media":0,"parent":0,"menu_order":0,"comment_status":"closed","ping_status":"closed","template":"","meta":{"footnotes":""},"class_list":["post-4231","page","type-page","status-publish","hentry"],"yoast_head":"<!-- This site is optimized with the Yoast SEO plugin v27.3 - https:\/\/yoast.com\/product\/yoast-seo-wordpress\/ -->\n<title>Valamar Camping Lanterna 4* | Balance by Valamar<\/title>\n<meta name=\"description\" content=\"Opustite se uz umiruju\u0107e zvukove valova i mirise ljeta u sjeni Balance Mediterranea Spa paviljona smje\u0161tenog tik uz more.\" \/>\n<meta name=\"robots\" content=\"index, follow, max-snippet:-1, max-image-preview:large, max-video-preview:-1\" \/>\n<link rel=\"canonical\" href=\"https:\/\/balance-valamar.com\/hr\/valamar-camping-lanterna-4\/\" \/>\n<meta property=\"og:locale\" content=\"hr_HR\" \/>\n<meta property=\"og:type\" content=\"article\" \/>\n<meta property=\"og:title\" content=\"Valamar Camping Lanterna 4* | Balance by Valamar\" \/>\n<meta property=\"og:description\" content=\"Opustite se uz umiruju\u0107e zvukove valova i mirise ljeta u sjeni Balance Mediterranea Spa paviljona smje\u0161tenog tik uz more.\" \/>\n<meta property=\"og:url\" content=\"https:\/\/balance-valamar.com\/hr\/valamar-camping-lanterna-4\/\" \/>\n<meta property=\"og:site_name\" content=\"Balance by Valamar\" \/>\n<meta property=\"article:modified_time\" content=\"2024-10-21T13:18:41+00:00\" \/>\n<meta property=\"og:image\" content=\"http:\/\/balance-valamar.com\/wp-content\/uploads\/2020\/03\/brosura-242x300.jpg\" \/>\n<meta name=\"twitter:card\" content=\"summary_large_image\" \/>\n<meta name=\"twitter:label1\" content=\"Procijenjeno vrijeme \u010ditanja\" \/>\n\t<meta name=\"twitter:data1\" content=\"2 minute\" \/>\n<script type=\"application\/ld+json\" class=\"yoast-schema-graph\">{\"@context\":\"https:\\\/\\\/schema.org\",\"@graph\":[{\"@type\":\"WebPage\",\"@id\":\"https:\\\/\\\/balance-valamar.com\\\/hr\\\/valamar-camping-lanterna-4\\\/\",\"url\":\"https:\\\/\\\/balance-valamar.com\\\/hr\\\/valamar-camping-lanterna-4\\\/\",\"name\":\"Valamar Camping Lanterna 4* | Balance by Valamar\",\"isPartOf\":{\"@id\":\"https:\\\/\\\/balance-valamar.com\\\/#website\"},\"primaryImageOfPage\":{\"@id\":\"https:\\\/\\\/balance-valamar.com\\\/hr\\\/valamar-camping-lanterna-4\\\/#primaryimage\"},\"image\":{\"@id\":\"https:\\\/\\\/balance-valamar.com\\\/hr\\\/valamar-camping-lanterna-4\\\/#primaryimage\"},\"thumbnailUrl\":\"http:\\\/\\\/balance-valamar.com\\\/wp-content\\\/uploads\\\/2020\\\/03\\\/brosura-242x300.jpg\",\"datePublished\":\"2020-02-26T12:40:54+00:00\",\"dateModified\":\"2024-10-21T13:18:41+00:00\",\"description\":\"Opustite se uz umiruju\u0107e zvukove valova i mirise ljeta u sjeni Balance Mediterranea Spa paviljona smje\u0161tenog tik uz more.\",\"breadcrumb\":{\"@id\":\"https:\\\/\\\/balance-valamar.com\\\/hr\\\/valamar-camping-lanterna-4\\\/#breadcrumb\"},\"inLanguage\":\"hr\",\"potentialAction\":[{\"@type\":\"ReadAction\",\"target\":[\"https:\\\/\\\/balance-valamar.com\\\/hr\\\/valamar-camping-lanterna-4\\\/\"]}]},{\"@type\":\"ImageObject\",\"inLanguage\":\"hr\",\"@id\":\"https:\\\/\\\/balance-valamar.com\\\/hr\\\/valamar-camping-lanterna-4\\\/#primaryimage\",\"url\":\"http:\\\/\\\/balance-valamar.com\\\/wp-content\\\/uploads\\\/2020\\\/03\\\/brosura-242x300.jpg\",\"contentUrl\":\"http:\\\/\\\/balance-valamar.com\\\/wp-content\\\/uploads\\\/2020\\\/03\\\/brosura-242x300.jpg\"},{\"@type\":\"BreadcrumbList\",\"@id\":\"https:\\\/\\\/balance-valamar.com\\\/hr\\\/valamar-camping-lanterna-4\\\/#breadcrumb\",\"itemListElement\":[{\"@type\":\"ListItem\",\"position\":1,\"name\":\"Home\",\"item\":\"https:\\\/\\\/balance-valamar.com\\\/hr\\\/\"},{\"@type\":\"ListItem\",\"position\":2,\"name\":\"Valamar Camping Lanterna 4*\"}]},{\"@type\":\"WebSite\",\"@id\":\"https:\\\/\\\/balance-valamar.com\\\/#website\",\"url\":\"https:\\\/\\\/balance-valamar.com\\\/\",\"name\":\"Balance by Valamar\",\"description\":\"Mediterranean Spa by Valamar\",\"publisher\":{\"@id\":\"https:\\\/\\\/balance-valamar.com\\\/#organization\"},\"potentialAction\":[{\"@type\":\"SearchAction\",\"target\":{\"@type\":\"EntryPoint\",\"urlTemplate\":\"https:\\\/\\\/balance-valamar.com\\\/?s={search_term_string}\"},\"query-input\":{\"@type\":\"PropertyValueSpecification\",\"valueRequired\":true,\"valueName\":\"search_term_string\"}}],\"inLanguage\":\"hr\"},{\"@type\":\"Organization\",\"@id\":\"https:\\\/\\\/balance-valamar.com\\\/#organization\",\"name\":\"Balance by Valamar\",\"url\":\"https:\\\/\\\/balance-valamar.com\\\/\",\"logo\":{\"@type\":\"ImageObject\",\"inLanguage\":\"hr\",\"@id\":\"https:\\\/\\\/balance-valamar.com\\\/#\\\/schema\\\/logo\\\/image\\\/\",\"url\":\"https:\\\/\\\/balance-valamar.com\\\/wp-content\\\/uploads\\\/2020\\\/02\\\/logoi.jpg\",\"contentUrl\":\"https:\\\/\\\/balance-valamar.com\\\/wp-content\\\/uploads\\\/2020\\\/02\\\/logoi.jpg\",\"width\":321,\"height\":321,\"caption\":\"Balance by Valamar\"},\"image\":{\"@id\":\"https:\\\/\\\/balance-valamar.com\\\/#\\\/schema\\\/logo\\\/image\\\/\"}}]}<\/script>\n<!-- \/ Yoast SEO plugin. -->","yoast_head_json":{"title":"Valamar Camping Lanterna 4* | Balance by Valamar","description":"Opustite se uz umiruju\u0107e zvukove valova i mirise ljeta u sjeni Balance Mediterranea Spa paviljona smje\u0161tenog tik uz more.","robots":{"index":"index","follow":"follow","max-snippet":"max-snippet:-1","max-image-preview":"max-image-preview:large","max-video-preview":"max-video-preview:-1"},"canonical":"https:\/\/balance-valamar.com\/hr\/valamar-camping-lanterna-4\/","og_locale":"hr_HR","og_type":"article","og_title":"Valamar Camping Lanterna 4* | Balance by Valamar","og_description":"Opustite se uz umiruju\u0107e zvukove valova i mirise ljeta u sjeni Balance Mediterranea Spa paviljona smje\u0161tenog tik uz more.","og_url":"https:\/\/balance-valamar.com\/hr\/valamar-camping-lanterna-4\/","og_site_name":"Balance by Valamar","article_modified_time":"2024-10-21T13:18:41+00:00","og_image":[{"url":"http:\/\/balance-valamar.com\/wp-content\/uploads\/2020\/03\/brosura-242x300.jpg","type":"","width":"","height":""}],"twitter_card":"summary_large_image","twitter_misc":{"Procijenjeno vrijeme \u010ditanja":"2 minute"},"schema":{"@context":"https:\/\/schema.org","@graph":[{"@type":"WebPage","@id":"https:\/\/balance-valamar.com\/hr\/valamar-camping-lanterna-4\/","url":"https:\/\/balance-valamar.com\/hr\/valamar-camping-lanterna-4\/","name":"Valamar Camping Lanterna 4* | Balance by Valamar","isPartOf":{"@id":"https:\/\/balance-valamar.com\/#website"},"primaryImageOfPage":{"@id":"https:\/\/balance-valamar.com\/hr\/valamar-camping-lanterna-4\/#primaryimage"},"image":{"@id":"https:\/\/balance-valamar.com\/hr\/valamar-camping-lanterna-4\/#primaryimage"},"thumbnailUrl":"http:\/\/balance-valamar.com\/wp-content\/uploads\/2020\/03\/brosura-242x300.jpg","datePublished":"2020-02-26T12:40:54+00:00","dateModified":"2024-10-21T13:18:41+00:00","description":"Opustite se uz umiruju\u0107e zvukove valova i mirise ljeta u sjeni Balance Mediterranea Spa paviljona smje\u0161tenog tik uz more.","breadcrumb":{"@id":"https:\/\/balance-valamar.com\/hr\/valamar-camping-lanterna-4\/#breadcrumb"},"inLanguage":"hr","potentialAction":[{"@type":"ReadAction","target":["https:\/\/balance-valamar.com\/hr\/valamar-camping-lanterna-4\/"]}]},{"@type":"ImageObject","inLanguage":"hr","@id":"https:\/\/balance-valamar.com\/hr\/valamar-camping-lanterna-4\/#primaryimage","url":"http:\/\/balance-valamar.com\/wp-content\/uploads\/2020\/03\/brosura-242x300.jpg","contentUrl":"http:\/\/balance-valamar.com\/wp-content\/uploads\/2020\/03\/brosura-242x300.jpg"},{"@type":"BreadcrumbList","@id":"https:\/\/balance-valamar.com\/hr\/valamar-camping-lanterna-4\/#breadcrumb","itemListElement":[{"@type":"ListItem","position":1,"name":"Home","item":"https:\/\/balance-valamar.com\/hr\/"},{"@type":"ListItem","position":2,"name":"Valamar Camping Lanterna 4*"}]},{"@type":"WebSite","@id":"https:\/\/balance-valamar.com\/#website","url":"https:\/\/balance-valamar.com\/","name":"Balance by Valamar","description":"Mediterranean Spa by Valamar","publisher":{"@id":"https:\/\/balance-valamar.com\/#organization"},"potentialAction":[{"@type":"SearchAction","target":{"@type":"EntryPoint","urlTemplate":"https:\/\/balance-valamar.com\/?s={search_term_string}"},"query-input":{"@type":"PropertyValueSpecification","valueRequired":true,"valueName":"search_term_string"}}],"inLanguage":"hr"},{"@type":"Organization","@id":"https:\/\/balance-valamar.com\/#organization","name":"Balance by Valamar","url":"https:\/\/balance-valamar.com\/","logo":{"@type":"ImageObject","inLanguage":"hr","@id":"https:\/\/balance-valamar.com\/#\/schema\/logo\/image\/","url":"https:\/\/balance-valamar.com\/wp-content\/uploads\/2020\/02\/logoi.jpg","contentUrl":"https:\/\/balance-valamar.com\/wp-content\/uploads\/2020\/02\/logoi.jpg","width":321,"height":321,"caption":"Balance by Valamar"},"image":{"@id":"https:\/\/balance-valamar.com\/#\/schema\/logo\/image\/"}}]}},"_links":{"self":[{"href":"https:\/\/balance-valamar.com\/hr\/wp-json\/wp\/v2\/pages\/4231","targetHints":{"allow":["GET"]}}],"collection":[{"href":"https:\/\/balance-valamar.com\/hr\/wp-json\/wp\/v2\/pages"}],"about":[{"href":"https:\/\/balance-valamar.com\/hr\/wp-json\/wp\/v2\/types\/page"}],"author":[{"embeddable":true,"href":"https:\/\/balance-valamar.com\/hr\/wp-json\/wp\/v2\/users\/1"}],"replies":[{"embeddable":true,"href":"https:\/\/balance-valamar.com\/hr\/wp-json\/wp\/v2\/comments?post=4231"}],"version-history":[{"count":33,"href":"https:\/\/balance-valamar.com\/hr\/wp-json\/wp\/v2\/pages\/4231\/revisions"}],"predecessor-version":[{"id":5637,"href":"https:\/\/balance-valamar.com\/hr\/wp-json\/wp\/v2\/pages\/4231\/revisions\/5637"}],"wp:attachment":[{"href":"https:\/\/balance-valamar.com\/hr\/wp-json\/wp\/v2\/media?parent=4231"}],"curies":[{"name":"wp","href":"https:\/\/api.w.org\/{rel}","templated":true}]}}