{"id":4208,"date":"2020-02-26T12:38:15","date_gmt":"2020-02-26T12:38:15","guid":{"rendered":"http:\/\/balance-valamar.com\/isabella-valamar-collection-island-resort\/"},"modified":"2024-10-16T09:14:50","modified_gmt":"2024-10-16T09:14:50","slug":"isabella-island-resort-4-5-valamar-collection","status":"publish","type":"page","link":"https:\/\/balance-valamar.com\/hr\/isabella-island-resort-4-5-valamar-collection\/","title":{"rendered":"Isabella Island Resort 4\/5*, Valamar Collection"},"content":{"rendered":"<div  class=\"one fullwidth \">\n\t\t\t<!-- START isabella REVOLUTION SLIDER 6.1.5 --><\/p>\n<p class=\"rs-p-wp-fix\">\n<p>\t\t\t<rs-module-wrap id=\"rev_slider_5_1_wrapper\" data-alias=\"isabella\" data-source=\"gallery\" style=\"background:transparent;padding:0;\"><br \/>\n\t\t\t\t<rs-module id=\"rev_slider_5_1\" style=\"display:none;\" data-version=\"6.1.5\"><br \/>\n\t\t\t\t\t<rs-slides><br \/>\n\t\t\t\t\t\t<rs-slide data-key=\"rs-7\" data-title=\"Slide\" data-thumb=\"\/\/balance-valamar.com\/wp-content\/uploads\/2020\/03\/Valamar-Isabella-Hotel-Wellness-2-50x100.jpg\" data-anim=\"ei:d;eo:d;s:1000;r:0;t:fade;sl:0;\"><br \/>\n\t\t\t\t\t\t\t<img loading=\"lazy\" decoding=\"async\" src=\"\/\/balance-valamar.com\/wp-content\/uploads\/2020\/03\/Valamar-Isabella-Hotel-Wellness-2.jpg\" alt=\"Balance Valamar\" title=\"Valamar-Isabella-Hotel-Wellness\" width=\"1920\" height=\"1280\" class=\"rev-slidebg\" data-no-retina><br \/>\n<!---->\t\t\t\t\t\t<\/rs-slide><br \/>\n\t\t\t\t\t\t<rs-slide data-key=\"rs-8\" data-title=\"Slide\" data-thumb=\"\/\/balance-valamar.com\/wp-content\/uploads\/2020\/03\/Valamar-Isabella-Wellness_3-1-50x100.jpg\" data-anim=\"ei:d;eo:d;s:1000;r:0;t:fade;sl:0;\"><br \/>\n\t\t\t\t\t\t\t<img loading=\"lazy\" decoding=\"async\" src=\"\/\/balance-valamar.com\/wp-content\/uploads\/2020\/03\/Valamar-Isabella-Wellness_3-1.jpg\" alt=\"Balance Valamar\" title=\"Valamar-Isabella-Wellness_3\" width=\"1920\" height=\"1280\" class=\"rev-slidebg\" data-no-retina><br \/>\n<!---->\t\t\t\t\t\t<\/rs-slide><br \/>\n\t\t\t\t\t\t<rs-slide data-key=\"rs-9\" data-title=\"Slide\" data-thumb=\"\/\/balance-valamar.com\/wp-content\/uploads\/2020\/03\/Valamar-Isabella-Hotel-Wellness_2-1-50x100.jpg\" data-anim=\"ei:d;eo:d;s:1000;r:0;t:fade;sl:0;\"><br \/>\n\t\t\t\t\t\t\t<img loading=\"lazy\" decoding=\"async\" src=\"\/\/balance-valamar.com\/wp-content\/uploads\/2020\/03\/Valamar-Isabella-Hotel-Wellness_2-1.jpg\" alt=\"Balance Valamar\" title=\"Valamar-Isabella-Hotel-Wellness_2\" width=\"1920\" height=\"1280\" class=\"rev-slidebg\" data-no-retina><br \/>\n<!---->\t\t\t\t\t\t<\/rs-slide><br \/>\n\t\t\t\t\t<\/rs-slides><br \/>\n\t\t\t\t\t<rs-progress class=\"rs-bottom\" style=\"visibility: hidden !important;\"><\/rs-progress><br \/>\n\t\t\t\t<\/rs-module><br \/>\n\t\t\t\t<script type=\"text\/javascript\">\n\t\t\t\t\tsetREVStartSize({c: 'rev_slider_5_1',rl:[1240,1024,778,480],el:[900],gw:[1240],gh:[900],layout:'fullscreen',offsetContainer:'',offset:'',mh:\"0\"});\n\t\t\t\t\tvar\trevapi5,\n\t\t\t\t\t\ttpj;\n\t\t\t\t\tjQuery(function() {\n\t\t\t\t\t\ttpj = jQuery;\n\t\t\t\t\t\tif(tpj(\"#rev_slider_5_1\").revolution == undefined){\n\t\t\t\t\t\t\trevslider_showDoubleJqueryError(\"#rev_slider_5_1\");\n\t\t\t\t\t\t}else{\n\t\t\t\t\t\t\trevapi5 = tpj(\"#rev_slider_5_1\").show().revolution({\n\t\t\t\t\t\t\t\tjsFileLocation:\"\/\/balance-valamar.com\/wp-content\/plugins\/revslider\/public\/assets\/js\/\",\n\t\t\t\t\t\t\t\tsliderLayout:\"fullscreen\",\n\t\t\t\t\t\t\t\tvisibilityLevels:\"1240,1024,778,480\",\n\t\t\t\t\t\t\t\tgridwidth:1240,\n\t\t\t\t\t\t\t\tgridheight:900,\n\t\t\t\t\t\t\t\tminHeight:\"\",\n\t\t\t\t\t\t\t\tspinner:\"spinner0\",\n\t\t\t\t\t\t\t\teditorheight:\"900,768,960,720\",\n\t\t\t\t\t\t\t\tresponsiveLevels:\"1240,1024,778,480\",\n\t\t\t\t\t\t\t\tdisableProgressBar:\"on\",\n\t\t\t\t\t\t\t\tnavigation: {\n\t\t\t\t\t\t\t\t\tonHoverStop:false,\n\t\t\t\t\t\t\t\t\tarrows: {\n\t\t\t\t\t\t\t\t\t\tenable:true,\n\t\t\t\t\t\t\t\t\t\tstyle:\"hesperiden\",\n\t\t\t\t\t\t\t\t\t\tleft: {\n\t\t\t\t\t\t\t\t\t\t\th_offset:30\n\t\t\t\t\t\t\t\t\t\t},\n\t\t\t\t\t\t\t\t\t\tright: {\n\t\t\t\t\t\t\t\t\t\t\th_offset:30\n\t\t\t\t\t\t\t\t\t\t}\n\t\t\t\t\t\t\t\t\t}\n\t\t\t\t\t\t\t\t},\n\t\t\t\t\t\t\t\tfallbacks: {\n\t\t\t\t\t\t\t\t\tallowHTML5AutoPlayOnAndroid:true\n\t\t\t\t\t\t\t\t},\n\t\t\t\t\t\t\t});\n\t\t\t\t\t\t}<\/p>\n<p>\t\t\t\t\t});\n\t\t\t\t<\/script><\/p>\n<style type=\"text\/css\">#rev_slider_5_1_wrapper .hesperiden.tparrows{cursor:pointer;background:rgba(0,0,0,0.5);width:40px;height:40px;position:absolute;display:block;z-index:1000;  border-radius:50%}#rev_slider_5_1_wrapper .hesperiden.tparrows:hover{background:#000000}#rev_slider_5_1_wrapper .hesperiden.tparrows:before{font-family:'revicons';font-size:20px;color:#ffffff;display:block;line-height:40px;text-align:center}#rev_slider_5_1_wrapper .hesperiden.tparrows.tp-leftarrow:before{content:'e82c';  margin-left:-3px}#rev_slider_5_1_wrapper .hesperiden.tparrows.tp-rightarrow:before{content:'e82d';  margin-right:-3px}<\/style>\n<style type=\"text\/css\"><\/style>\n<p>\t\t\t<\/rs-module-wrap><br \/>\n\t\t\t<!-- END REVOLUTION SLIDER -->\n<\/div>\n<div  class=\"one withsmallpadding ppb_header \" style=\"margin-top:-141px; background:#fff; position:relative; z-index: 3000;text-align:center;padding:40px 0 40px 0;\" >\n<div class=\"standard_wrapper\">\n<div class=\"page_content_wrapper wide\">\n<div class=\"inner\">\n<div style=\"margin:auto;width:100%\">\n<h2 class=\"ppb_title\" style=\"\">Isabella Island Resort 4\/5*, Valamar Collection<\/h2>\n<\/div>\n<\/div>\n<\/div>\n<\/div>\n<\/div>\n<div class=\"standard_wrapper\">\n<div class=\"one withsmallpadding ppb_line_divider\"  style=\"text-align:center;padding:0px 0 0px 0;\" >\n<div class=\"page_content_wrapper wide\">\n<div class=\"inner\">\n<div class=\"line_divider_border\" style=\"width:100px;\"><\/div>\n<div class=\"line_divider_seperator\"><i class=\"fa fa-leaf\" style=\"\"><\/i><\/div>\n<div class=\"line_divider_border\" style=\"width:100px;\"><\/div>\n<\/div>\n<\/div>\n<\/div>\n<\/div>\n<div class=\"divider one\">&nbsp;<\/div>\n<div  class=\"one withsmallpadding ppb_text\" style=\"text-align:center;padding:40px 0 40px 0;\" >\n<div class=\"standard_wrapper\">\n<div class=\"page_content_wrapper wide\">\n<div class=\"inner\">\n<div style=\"margin:auto;width:100%\">\n<p>Kombinacija oto\u010dnog mediteranskog ugo\u0111aja i modernih wellness sadr\u017eaja pru\u017ea nezaboravan u\u017eitak. Uzmite vremena kako biste napunili baterije i pomladili se tretmanima koji uz bogatstvo organskih sastojaka dovode Va\u0161e tijelo i duh u ravnote\u017eu s prirodom.<\/p>\n<\/div>\n<\/div>\n<\/div>\n<\/div>\n<\/div>\n<div class=\"standard_wrapper\">\n<div  class=\"one_third withsmallpadding ppb_text\" style=\"text-align:left;padding:40px 0 40px 0;\" >\n<div class=\"standard_wrapper\">\n<div class=\"page_content_wrapper wide\">\n<div class=\"inner\">\n<div style=\"margin:auto;width:100%\">\n<h2>SPA ZONA<\/h2>\n<ul>\n<li>Parna kupelj<\/li>\n<li>Finska sauna 80\u00b0 &#8211; 100 \u00b0 C<\/li>\n<li>Biosauna &#8211; temperatura 40\u00b0 &#8211; 62 \u00b0C<\/li>\n<li>relax zona uz bazen<\/li>\n<li>Kneipp kupka za stopala<\/li>\n<li>prostor za opu\u0161tanje na kamenim le\u017eajevima<\/li>\n<li>Organic Bar sa ponudom svje\u017eeg vo\u0107a, ora\u0161astog vo\u0107a, \u010dajeva i aromatizirane vode<\/li>\n<li><span lang=\"en-GB\">Family Hour: u periodu od 12:00 do 14:00 spa centar mogu koristiti djeca mla\u0111a od 16 godina u pratnji roditelja<\/span><\/li>\n<\/ul>\n<\/div>\n<\/div>\n<\/div>\n<\/div>\n<\/div>\n<\/div>\n<div class=\"standard_wrapper\">\n<div  class=\"one_third withsmallpadding ppb_text\" style=\"text-align:left;padding:40px 0 40px 0;\" >\n<div class=\"standard_wrapper\">\n<div class=\"page_content_wrapper wide\">\n<div class=\"inner\">\n<div style=\"margin:auto;width:100%\">\n<h2>BEAUTY ZONA<\/h2>\n<ul>\n<li>masa\u017ee i autenti\u010dni rituali<\/li>\n<li>tretmani za lice i tijelo<\/li>\n<li>tretmani za djecu i tinejd\u017eere<\/li>\n<li>manikura i pedikura<\/li>\n<li>depilacija<\/li>\n<\/ul>\n<\/div>\n<\/div>\n<\/div>\n<\/div>\n<\/div>\n<\/div>\n<div class=\"standard_wrapper\">\n<div  class=\"one_third last withsmallpadding ppb_text\" style=\"text-align:left;padding:40px 0 40px 0;\" >\n<div class=\"standard_wrapper\">\n<div class=\"page_content_wrapper wide\">\n<div class=\"inner\">\n<div style=\"margin:auto;width:100%\">\n<h2>CJENIK<\/h2>\n<p><a class=\"centered_link2\" href=\"https:\/\/balance-valamar.com\/wp-content\/uploads\/2024\/07\/BalanceSpa_IsabellaCjenikA4.pdf\" target=\"_blank\" rel=\"noopener\"><img loading=\"lazy\" decoding=\"async\" class=\"alignnone size-medium wp-image-3896\" src=\"http:\/\/balance-valamar.com\/wp-content\/uploads\/2020\/03\/brosura-242x300.jpg\" alt=\"\" width=\"242\" height=\"300\" \/><br \/>\nPreuzmite\u00a0 cjenik usluga<\/a><\/p>\n<\/div>\n<\/div>\n<\/div>\n<\/div>\n<\/div>\n<\/div>\n<div  class=\"one ppb_card_two_cols_with_image\" style=\"position:relative;padding:40px 0 40px 0;\" >\n<div class=\"standard_wrapper\">\n<div class=\"page_content_wrapper wide\">\n<div class=\"inner\">\n<div class=\"one_half parallax_scroll parallax_text\" style=\"width:40%;position:absolute;padding:40px;z-index:2;block !important;background:#fff;\" data-stellar-ratio=\"1.3\">\n<h2 class=\"ppb_title\" style=\"\">Isabella Island Resort 4\/5*, Valamar Collection<\/h2>\n<div class=\"ppb_header_content\">\n<p>Otok Sveti Nikola, 52440, Pore\u010d<br \/>\n<i class=\"fa fa-phone\"><\/i> +385 52 406 023<br \/>\n<i class=\"fa fa-envelope\"><\/i> <a href=\"mailto:balance@book-wellness.com\">balance@book-wellness.com<\/a><\/p>\n<p>Radno vrijeme: 10:00 \u2013 19:00<\/p>\n<p><!--<a href=\"#\" target=\"_blank\" rel=\"noopener\"><i class=\"fa fa-2x fa-facebook\"><\/i><\/a> \u00a0\u00a0\u00a0 <a href=\"#\" target=\"_blank\" rel=\"noopener\"><i class=\"fa fa-2x fa-instagram\"><\/i><\/a>--><\/p>\n<\/div>\n<\/div>\n<div class=\"one_half parallax_scroll_image last\" style=\"width:65%;\">\n<div class=\"image_classic_frame expand\">\n<div class=\"image_wrapper\"><img decoding=\"async\" src=\"http:\/\/balance-valamar.com\/wp-content\/uploads\/2020\/03\/Valamar-Isabella-Hotel-Wellness-2.jpg\" alt=\"\" class=\"portfolio_img\"\/><\/div>\n<\/div>\n<\/div>\n<p><br class=\"clear\"\/><\/div>\n<\/div>\n<\/div>\n<\/div>\n<\/div>\n<div class=\"standard_wrapper\">\n<div  class=\"one_fourth withsmallpadding ppb_text\" style=\"text-align:center;padding:40px 0 40px 0;\" >\n<div class=\"standard_wrapper\">\n<div class=\"page_content_wrapper wide\">\n<div class=\"inner\">\n<div style=\"margin:auto;width:100%\"><\/div>\n<\/div>\n<\/div>\n<\/div>\n<\/div>\n<\/div>\n<div class=\"standard_wrapper\">\n<div  class=\"two_third withsmallpadding ppb_text\" style=\"text-align:left;padding:40px 0 40px 0;\" >\n<div class=\"standard_wrapper\">\n<div class=\"page_content_wrapper wide\">\n<div class=\"inner\">\n<div style=\"margin:auto;width:100%\">\n<p>\u00a0<\/p>\n<p>Otkrijte djeli\u0107 raja u ekskluzivnom Isabella Island Resort 4\/5*, Valamar Collection nasuprot Pore\u010da.<\/p>\n<p><a href=\"https:\/\/www.valamar.com\/hr\/hoteli-porec\/valamar-isabella-island-resort\" target=\"_blank\" rel=\"noopener\">Vi\u0161e informacija<\/a><\/p>\n<\/div>\n<\/div>\n<\/div>\n<\/div>\n<\/div>\n<\/div>\n","protected":false},"excerpt":{"rendered":"<p>Isabella Island Resort 4\/5*, Valamar Collection &nbsp; Kombinacija oto\u010dnog mediteranskog ugo\u0111aja i modernih wellness sadr\u017eaja pru\u017ea nezaboravan u\u017eitak. Uzmite vremena kako biste napunili baterije i pomladili se tretmanima koji uz bogatstvo organskih sastojaka dovode Va\u0161e tijelo i duh u ravnote\u017eu [&hellip;]<\/p>\n","protected":false},"author":1,"featured_media":0,"parent":0,"menu_order":0,"comment_status":"closed","ping_status":"closed","template":"","meta":{"footnotes":""},"class_list":["post-4208","page","type-page","status-publish","hentry"],"yoast_head":"<!-- This site is optimized with the Yoast SEO plugin v27.3 - https:\/\/yoast.com\/product\/yoast-seo-wordpress\/ -->\n<title>Isabella Island Resort 4\/5*, Valamar Collection | Balance by Valamar<\/title>\n<meta name=\"description\" content=\"Kombinacija oto\u010dnog mediteranskog ugo\u0111aja i modernih wellness sadr\u017eaja pru\u017ea nezaboravan u\u017eitak. Uzmite vremena kako biste napunili baterije...\" \/>\n<meta name=\"robots\" content=\"index, follow, max-snippet:-1, max-image-preview:large, max-video-preview:-1\" \/>\n<link rel=\"canonical\" href=\"https:\/\/balance-valamar.com\/hr\/isabella-island-resort-4-5-valamar-collection\/\" \/>\n<meta property=\"og:locale\" content=\"hr_HR\" \/>\n<meta property=\"og:type\" content=\"article\" \/>\n<meta property=\"og:title\" content=\"Isabella Island Resort 4\/5*, Valamar Collection | Balance by Valamar\" \/>\n<meta property=\"og:description\" content=\"Kombinacija oto\u010dnog mediteranskog ugo\u0111aja i modernih wellness sadr\u017eaja pru\u017ea nezaboravan u\u017eitak. Uzmite vremena kako biste napunili baterije...\" \/>\n<meta property=\"og:url\" content=\"https:\/\/balance-valamar.com\/hr\/isabella-island-resort-4-5-valamar-collection\/\" \/>\n<meta property=\"og:site_name\" content=\"Balance by Valamar\" \/>\n<meta property=\"article:modified_time\" content=\"2024-10-16T09:14:50+00:00\" \/>\n<meta property=\"og:image\" content=\"http:\/\/balance-valamar.com\/wp-content\/uploads\/2020\/03\/brosura-242x300.jpg\" \/>\n<meta name=\"twitter:card\" content=\"summary_large_image\" \/>\n<meta name=\"twitter:label1\" content=\"Procijenjeno vrijeme \u010ditanja\" \/>\n\t<meta name=\"twitter:data1\" content=\"2 minute\" \/>\n<script type=\"application\/ld+json\" class=\"yoast-schema-graph\">{\"@context\":\"https:\\\/\\\/schema.org\",\"@graph\":[{\"@type\":\"WebPage\",\"@id\":\"https:\\\/\\\/balance-valamar.com\\\/hr\\\/isabella-island-resort-4-5-valamar-collection\\\/\",\"url\":\"https:\\\/\\\/balance-valamar.com\\\/hr\\\/isabella-island-resort-4-5-valamar-collection\\\/\",\"name\":\"Isabella Island Resort 4\\\/5*, Valamar Collection | Balance by Valamar\",\"isPartOf\":{\"@id\":\"https:\\\/\\\/balance-valamar.com\\\/#website\"},\"primaryImageOfPage\":{\"@id\":\"https:\\\/\\\/balance-valamar.com\\\/hr\\\/isabella-island-resort-4-5-valamar-collection\\\/#primaryimage\"},\"image\":{\"@id\":\"https:\\\/\\\/balance-valamar.com\\\/hr\\\/isabella-island-resort-4-5-valamar-collection\\\/#primaryimage\"},\"thumbnailUrl\":\"http:\\\/\\\/balance-valamar.com\\\/wp-content\\\/uploads\\\/2020\\\/03\\\/brosura-242x300.jpg\",\"datePublished\":\"2020-02-26T12:38:15+00:00\",\"dateModified\":\"2024-10-16T09:14:50+00:00\",\"description\":\"Kombinacija oto\u010dnog mediteranskog ugo\u0111aja i modernih wellness sadr\u017eaja pru\u017ea nezaboravan u\u017eitak. Uzmite vremena kako biste napunili baterije...\",\"breadcrumb\":{\"@id\":\"https:\\\/\\\/balance-valamar.com\\\/hr\\\/isabella-island-resort-4-5-valamar-collection\\\/#breadcrumb\"},\"inLanguage\":\"hr\",\"potentialAction\":[{\"@type\":\"ReadAction\",\"target\":[\"https:\\\/\\\/balance-valamar.com\\\/hr\\\/isabella-island-resort-4-5-valamar-collection\\\/\"]}]},{\"@type\":\"ImageObject\",\"inLanguage\":\"hr\",\"@id\":\"https:\\\/\\\/balance-valamar.com\\\/hr\\\/isabella-island-resort-4-5-valamar-collection\\\/#primaryimage\",\"url\":\"http:\\\/\\\/balance-valamar.com\\\/wp-content\\\/uploads\\\/2020\\\/03\\\/brosura-242x300.jpg\",\"contentUrl\":\"http:\\\/\\\/balance-valamar.com\\\/wp-content\\\/uploads\\\/2020\\\/03\\\/brosura-242x300.jpg\"},{\"@type\":\"BreadcrumbList\",\"@id\":\"https:\\\/\\\/balance-valamar.com\\\/hr\\\/isabella-island-resort-4-5-valamar-collection\\\/#breadcrumb\",\"itemListElement\":[{\"@type\":\"ListItem\",\"position\":1,\"name\":\"Home\",\"item\":\"https:\\\/\\\/balance-valamar.com\\\/hr\\\/\"},{\"@type\":\"ListItem\",\"position\":2,\"name\":\"Isabella Island Resort 4\\\/5*, Valamar Collection\"}]},{\"@type\":\"WebSite\",\"@id\":\"https:\\\/\\\/balance-valamar.com\\\/#website\",\"url\":\"https:\\\/\\\/balance-valamar.com\\\/\",\"name\":\"Balance by Valamar\",\"description\":\"Mediterranean Spa by Valamar\",\"publisher\":{\"@id\":\"https:\\\/\\\/balance-valamar.com\\\/#organization\"},\"potentialAction\":[{\"@type\":\"SearchAction\",\"target\":{\"@type\":\"EntryPoint\",\"urlTemplate\":\"https:\\\/\\\/balance-valamar.com\\\/?s={search_term_string}\"},\"query-input\":{\"@type\":\"PropertyValueSpecification\",\"valueRequired\":true,\"valueName\":\"search_term_string\"}}],\"inLanguage\":\"hr\"},{\"@type\":\"Organization\",\"@id\":\"https:\\\/\\\/balance-valamar.com\\\/#organization\",\"name\":\"Balance by Valamar\",\"url\":\"https:\\\/\\\/balance-valamar.com\\\/\",\"logo\":{\"@type\":\"ImageObject\",\"inLanguage\":\"hr\",\"@id\":\"https:\\\/\\\/balance-valamar.com\\\/#\\\/schema\\\/logo\\\/image\\\/\",\"url\":\"https:\\\/\\\/balance-valamar.com\\\/wp-content\\\/uploads\\\/2020\\\/02\\\/logoi.jpg\",\"contentUrl\":\"https:\\\/\\\/balance-valamar.com\\\/wp-content\\\/uploads\\\/2020\\\/02\\\/logoi.jpg\",\"width\":321,\"height\":321,\"caption\":\"Balance by Valamar\"},\"image\":{\"@id\":\"https:\\\/\\\/balance-valamar.com\\\/#\\\/schema\\\/logo\\\/image\\\/\"}}]}<\/script>\n<!-- \/ Yoast SEO plugin. -->","yoast_head_json":{"title":"Isabella Island Resort 4\/5*, Valamar Collection | Balance by Valamar","description":"Kombinacija oto\u010dnog mediteranskog ugo\u0111aja i modernih wellness sadr\u017eaja pru\u017ea nezaboravan u\u017eitak. Uzmite vremena kako biste napunili baterije...","robots":{"index":"index","follow":"follow","max-snippet":"max-snippet:-1","max-image-preview":"max-image-preview:large","max-video-preview":"max-video-preview:-1"},"canonical":"https:\/\/balance-valamar.com\/hr\/isabella-island-resort-4-5-valamar-collection\/","og_locale":"hr_HR","og_type":"article","og_title":"Isabella Island Resort 4\/5*, Valamar Collection | Balance by Valamar","og_description":"Kombinacija oto\u010dnog mediteranskog ugo\u0111aja i modernih wellness sadr\u017eaja pru\u017ea nezaboravan u\u017eitak. Uzmite vremena kako biste napunili baterije...","og_url":"https:\/\/balance-valamar.com\/hr\/isabella-island-resort-4-5-valamar-collection\/","og_site_name":"Balance by Valamar","article_modified_time":"2024-10-16T09:14:50+00:00","og_image":[{"url":"http:\/\/balance-valamar.com\/wp-content\/uploads\/2020\/03\/brosura-242x300.jpg","type":"","width":"","height":""}],"twitter_card":"summary_large_image","twitter_misc":{"Procijenjeno vrijeme \u010ditanja":"2 minute"},"schema":{"@context":"https:\/\/schema.org","@graph":[{"@type":"WebPage","@id":"https:\/\/balance-valamar.com\/hr\/isabella-island-resort-4-5-valamar-collection\/","url":"https:\/\/balance-valamar.com\/hr\/isabella-island-resort-4-5-valamar-collection\/","name":"Isabella Island Resort 4\/5*, Valamar Collection | Balance by Valamar","isPartOf":{"@id":"https:\/\/balance-valamar.com\/#website"},"primaryImageOfPage":{"@id":"https:\/\/balance-valamar.com\/hr\/isabella-island-resort-4-5-valamar-collection\/#primaryimage"},"image":{"@id":"https:\/\/balance-valamar.com\/hr\/isabella-island-resort-4-5-valamar-collection\/#primaryimage"},"thumbnailUrl":"http:\/\/balance-valamar.com\/wp-content\/uploads\/2020\/03\/brosura-242x300.jpg","datePublished":"2020-02-26T12:38:15+00:00","dateModified":"2024-10-16T09:14:50+00:00","description":"Kombinacija oto\u010dnog mediteranskog ugo\u0111aja i modernih wellness sadr\u017eaja pru\u017ea nezaboravan u\u017eitak. Uzmite vremena kako biste napunili baterije...","breadcrumb":{"@id":"https:\/\/balance-valamar.com\/hr\/isabella-island-resort-4-5-valamar-collection\/#breadcrumb"},"inLanguage":"hr","potentialAction":[{"@type":"ReadAction","target":["https:\/\/balance-valamar.com\/hr\/isabella-island-resort-4-5-valamar-collection\/"]}]},{"@type":"ImageObject","inLanguage":"hr","@id":"https:\/\/balance-valamar.com\/hr\/isabella-island-resort-4-5-valamar-collection\/#primaryimage","url":"http:\/\/balance-valamar.com\/wp-content\/uploads\/2020\/03\/brosura-242x300.jpg","contentUrl":"http:\/\/balance-valamar.com\/wp-content\/uploads\/2020\/03\/brosura-242x300.jpg"},{"@type":"BreadcrumbList","@id":"https:\/\/balance-valamar.com\/hr\/isabella-island-resort-4-5-valamar-collection\/#breadcrumb","itemListElement":[{"@type":"ListItem","position":1,"name":"Home","item":"https:\/\/balance-valamar.com\/hr\/"},{"@type":"ListItem","position":2,"name":"Isabella Island Resort 4\/5*, Valamar Collection"}]},{"@type":"WebSite","@id":"https:\/\/balance-valamar.com\/#website","url":"https:\/\/balance-valamar.com\/","name":"Balance by Valamar","description":"Mediterranean Spa by Valamar","publisher":{"@id":"https:\/\/balance-valamar.com\/#organization"},"potentialAction":[{"@type":"SearchAction","target":{"@type":"EntryPoint","urlTemplate":"https:\/\/balance-valamar.com\/?s={search_term_string}"},"query-input":{"@type":"PropertyValueSpecification","valueRequired":true,"valueName":"search_term_string"}}],"inLanguage":"hr"},{"@type":"Organization","@id":"https:\/\/balance-valamar.com\/#organization","name":"Balance by Valamar","url":"https:\/\/balance-valamar.com\/","logo":{"@type":"ImageObject","inLanguage":"hr","@id":"https:\/\/balance-valamar.com\/#\/schema\/logo\/image\/","url":"https:\/\/balance-valamar.com\/wp-content\/uploads\/2020\/02\/logoi.jpg","contentUrl":"https:\/\/balance-valamar.com\/wp-content\/uploads\/2020\/02\/logoi.jpg","width":321,"height":321,"caption":"Balance by Valamar"},"image":{"@id":"https:\/\/balance-valamar.com\/#\/schema\/logo\/image\/"}}]}},"_links":{"self":[{"href":"https:\/\/balance-valamar.com\/hr\/wp-json\/wp\/v2\/pages\/4208","targetHints":{"allow":["GET"]}}],"collection":[{"href":"https:\/\/balance-valamar.com\/hr\/wp-json\/wp\/v2\/pages"}],"about":[{"href":"https:\/\/balance-valamar.com\/hr\/wp-json\/wp\/v2\/types\/page"}],"author":[{"embeddable":true,"href":"https:\/\/balance-valamar.com\/hr\/wp-json\/wp\/v2\/users\/1"}],"replies":[{"embeddable":true,"href":"https:\/\/balance-valamar.com\/hr\/wp-json\/wp\/v2\/comments?post=4208"}],"version-history":[{"count":23,"href":"https:\/\/balance-valamar.com\/hr\/wp-json\/wp\/v2\/pages\/4208\/revisions"}],"predecessor-version":[{"id":5689,"href":"https:\/\/balance-valamar.com\/hr\/wp-json\/wp\/v2\/pages\/4208\/revisions\/5689"}],"wp:attachment":[{"href":"https:\/\/balance-valamar.com\/hr\/wp-json\/wp\/v2\/media?parent=4208"}],"curies":[{"name":"wp","href":"https:\/\/api.w.org\/{rel}","templated":true}]}}