{"id":4189,"date":"2020-02-26T12:41:24","date_gmt":"2020-02-26T12:41:24","guid":{"rendered":"http:\/\/balance-valamar.com\/valamar-collection-dubrovnik-president-hotel\/"},"modified":"2025-03-26T07:49:11","modified_gmt":"2025-03-26T07:49:11","slug":"president-hotel-5-valamar-collection","status":"publish","type":"page","link":"https:\/\/balance-valamar.com\/hr\/president-hotel-5-valamar-collection\/","title":{"rendered":"President Hotel 5*, Valamar Collection"},"content":{"rendered":"<div  class=\"one fullwidth \">\n\t\t\t<!-- START president REVOLUTION SLIDER 6.1.5 --><\/p>\n<p class=\"rs-p-wp-fix\">\n<p>\t\t\t<rs-module-wrap id=\"rev_slider_9_1_wrapper\" data-alias=\"president\" data-source=\"gallery\" style=\"background:transparent;padding:0;\"><br \/>\n\t\t\t\t<rs-module id=\"rev_slider_9_1\" style=\"display:none;\" data-version=\"6.1.5\"><br \/>\n\t\t\t\t\t<rs-slides><br \/>\n\t\t\t\t\t\t<rs-slide data-key=\"rs-22\" data-title=\"Slide\" data-thumb=\"\/\/balance-valamar.com\/wp-content\/uploads\/2020\/03\/IMG_6101-2-1-50x100.jpg\" data-anim=\"ei:d;eo:d;s:1000;r:0;t:fade;sl:0;\"><br \/>\n\t\t\t\t\t\t\t<img loading=\"lazy\" decoding=\"async\" src=\"\/\/balance-valamar.com\/wp-content\/uploads\/2020\/03\/IMG_6101-2-1.jpg\" alt=\"Balance Valamar\" title=\"IMG_6101-2\" width=\"1920\" height=\"1280\" class=\"rev-slidebg\" data-no-retina><br \/>\n<!---->\t\t\t\t\t\t<\/rs-slide><br \/>\n\t\t\t\t\t\t<rs-slide data-key=\"rs-23\" data-title=\"Slide\" data-thumb=\"\/\/balance-valamar.com\/wp-content\/uploads\/2020\/03\/5D3A4175-Panorama-50x100.jpg\" data-anim=\"ei:d;eo:d;s:1000;r:0;t:fade;sl:0;\"><br \/>\n\t\t\t\t\t\t\t<img loading=\"lazy\" decoding=\"async\" src=\"\/\/balance-valamar.com\/wp-content\/uploads\/2020\/03\/5D3A4175-Panorama.jpg\" alt=\"Balance Valamar\" title=\"5D3A4175-Panorama\" width=\"1920\" height=\"1280\" class=\"rev-slidebg\" data-no-retina><br \/>\n<!---->\t\t\t\t\t\t<\/rs-slide><br \/>\n\t\t\t\t\t<\/rs-slides><br \/>\n\t\t\t\t\t<rs-progress class=\"rs-bottom\" style=\"visibility: hidden !important;\"><\/rs-progress><br \/>\n\t\t\t\t<\/rs-module><br \/>\n\t\t\t\t<script type=\"text\/javascript\">\n\t\t\t\t\tsetREVStartSize({c: 'rev_slider_9_1',rl:[1240,1024,778,480],el:[900],gw:[1240],gh:[900],layout:'fullscreen',offsetContainer:'',offset:'',mh:\"0\"});\n\t\t\t\t\tvar\trevapi9,\n\t\t\t\t\t\ttpj;\n\t\t\t\t\tjQuery(function() {\n\t\t\t\t\t\ttpj = jQuery;\n\t\t\t\t\t\tif(tpj(\"#rev_slider_9_1\").revolution == undefined){\n\t\t\t\t\t\t\trevslider_showDoubleJqueryError(\"#rev_slider_9_1\");\n\t\t\t\t\t\t}else{\n\t\t\t\t\t\t\trevapi9 = tpj(\"#rev_slider_9_1\").show().revolution({\n\t\t\t\t\t\t\t\tjsFileLocation:\"\/\/balance-valamar.com\/wp-content\/plugins\/revslider\/public\/assets\/js\/\",\n\t\t\t\t\t\t\t\tsliderLayout:\"fullscreen\",\n\t\t\t\t\t\t\t\tvisibilityLevels:\"1240,1024,778,480\",\n\t\t\t\t\t\t\t\tgridwidth:1240,\n\t\t\t\t\t\t\t\tgridheight:900,\n\t\t\t\t\t\t\t\tminHeight:\"\",\n\t\t\t\t\t\t\t\tspinner:\"spinner0\",\n\t\t\t\t\t\t\t\teditorheight:\"900,768,960,720\",\n\t\t\t\t\t\t\t\tresponsiveLevels:\"1240,1024,778,480\",\n\t\t\t\t\t\t\t\tdisableProgressBar:\"on\",\n\t\t\t\t\t\t\t\tnavigation: {\n\t\t\t\t\t\t\t\t\tonHoverStop:false,\n\t\t\t\t\t\t\t\t\tarrows: {\n\t\t\t\t\t\t\t\t\t\tenable:true,\n\t\t\t\t\t\t\t\t\t\tstyle:\"hesperiden\",\n\t\t\t\t\t\t\t\t\t\tleft: {\n\t\t\t\t\t\t\t\t\t\t\th_offset:30\n\t\t\t\t\t\t\t\t\t\t},\n\t\t\t\t\t\t\t\t\t\tright: {\n\t\t\t\t\t\t\t\t\t\t\th_offset:30\n\t\t\t\t\t\t\t\t\t\t}\n\t\t\t\t\t\t\t\t\t}\n\t\t\t\t\t\t\t\t},\n\t\t\t\t\t\t\t\tfallbacks: {\n\t\t\t\t\t\t\t\t\tallowHTML5AutoPlayOnAndroid:true\n\t\t\t\t\t\t\t\t},\n\t\t\t\t\t\t\t});\n\t\t\t\t\t\t}<\/p>\n<p>\t\t\t\t\t});\n\t\t\t\t<\/script><\/p>\n<style type=\"text\/css\">#rev_slider_9_1_wrapper .hesperiden.tparrows{cursor:pointer;background:rgba(0,0,0,0.5);width:40px;height:40px;position:absolute;display:block;z-index:1000;  border-radius:50%}#rev_slider_9_1_wrapper .hesperiden.tparrows:hover{background:#000000}#rev_slider_9_1_wrapper .hesperiden.tparrows:before{font-family:'revicons';font-size:20px;color:#ffffff;display:block;line-height:40px;text-align:center}#rev_slider_9_1_wrapper .hesperiden.tparrows.tp-leftarrow:before{content:'e82c';  margin-left:-3px}#rev_slider_9_1_wrapper .hesperiden.tparrows.tp-rightarrow:before{content:'e82d';  margin-right:-3px}<\/style>\n<style type=\"text\/css\"><\/style>\n<p>\t\t\t<\/rs-module-wrap><br \/>\n\t\t\t<!-- END REVOLUTION SLIDER -->\n<\/div>\n<div  class=\"one withsmallpadding ppb_header \" style=\"margin-top:-141px; background:#fff; position:relative; z-index: 3000;text-align:center;padding:40px 0 40px 0;\" >\n<div class=\"standard_wrapper\">\n<div class=\"page_content_wrapper wide\">\n<div class=\"inner\">\n<div style=\"margin:auto;width:100%\">\n<h2 class=\"ppb_title\" style=\"\">President Hotel 5*, Valamar Collection<\/h2>\n<\/div>\n<\/div>\n<\/div>\n<\/div>\n<\/div>\n<div class=\"standard_wrapper\">\n<div class=\"one withsmallpadding ppb_line_divider\"  style=\"text-align:center;padding:0px 0 0px 0;\" >\n<div class=\"page_content_wrapper wide\">\n<div class=\"inner\">\n<div class=\"line_divider_border\" style=\"width:100px;\"><\/div>\n<div class=\"line_divider_seperator\"><i class=\"fa fa-leaf\" style=\"\"><\/i><\/div>\n<div class=\"line_divider_border\" style=\"width:100px;\"><\/div>\n<\/div>\n<\/div>\n<\/div>\n<\/div>\n<div class=\"divider one\">&nbsp;<\/div>\n<div  class=\"one withsmallpadding ppb_text\" style=\"text-align:center;padding:40px 0 40px 0;\" >\n<div class=\"standard_wrapper\">\n<div class=\"page_content_wrapper wide\">\n<div class=\"inner\">\n<div style=\"margin:auto;width:100%\">\n<p>Filozofija kvalitetnog i opu\u0161tenog \u017eivota na Mediteranu, utkana je u sve prostorne elemente Balance centra &#8211; ambijentu, infrastrukturi i sadr\u017eaju, dok posebno osmi\u0161ljeni tretmani i rituali s morskom soli, maslinovim uljem i lavandom nude autenti\u010dno opu\u0161taju\u0107e iskustvo.<\/p>\n<\/div>\n<\/div>\n<\/div>\n<\/div>\n<\/div>\n<div class=\"standard_wrapper\">\n<div  class=\"one_third withsmallpadding ppb_text\" style=\"text-align:left;padding:40px 0 40px 0;\" >\n<div class=\"standard_wrapper\">\n<div class=\"page_content_wrapper wide\">\n<div class=\"inner\">\n<div style=\"margin:auto;width:100%\">\n<h2>ADULTS ONLY SPA ZONA<\/h2>\n<p>spa centar je namijenjen gostima starijim od 16 godina<\/p>\n<ul>\n<li>Finska sauna 80\u00b0 &#8211; 100 \u00b0 C<\/li>\n<li>Infracrvena sauna 45\u00b0 &#8211; 60 \u00b0 C<\/li>\n<li>Turska kupelj 42\u00b0 &#8211; 45 \u00b0 C<\/li>\n<li>zona za opu\u0161tanje na otvorenom sa whirlpoolom<\/li>\n<li>Kneipp kupka za stopala<\/li>\n<li>Vitality bar sa ponudom svje\u017eeg vo\u0107a, ora\u0161astog vo\u0107a, \u010dajeva i aromatizirane vode<\/li>\n<li>besplatno kori\u0161tenje za goste hotela<\/li>\n<li>soba za tretmane s hidromasa\u017enom kadom (uz nadoplatu)<\/li>\n<li>soba za tretmane za parove (uz nadoplatu)<\/li>\n<\/ul>\n<\/div>\n<\/div>\n<\/div>\n<\/div>\n<\/div>\n<\/div>\n<div class=\"standard_wrapper\">\n<div  class=\"one_third withsmallpadding ppb_text\" style=\"text-align:left;padding:40px 0 40px 0;\" >\n<div class=\"standard_wrapper\">\n<div class=\"page_content_wrapper wide\">\n<div class=\"inner\">\n<div style=\"margin:auto;width:100%\">\n<h2>BEAUTY ZONA<\/h2>\n<p>usluge uz nadoplatu<\/p>\n<ul>\n<li>masa\u017ee (parcijalna masa\u017ea, masa\u017ea cijelog tijela, masa\u017ea za trudnice, hot stone masa\u017ea, aroma masa\u017ea, antistress masa\u017ea)<\/li>\n<li>tretmani za lice<\/li>\n<li>tretmani za tijelo<\/li>\n<li>autenti\u010dni rituali<\/li>\n<li>manikura i pedikura<\/li>\n<li>depilacija<\/li>\n<li>spa paketi<\/li>\n<li>Balance \u010dlanstva<\/li>\n<\/ul>\n<\/div>\n<\/div>\n<\/div>\n<\/div>\n<\/div>\n<\/div>\n<div class=\"standard_wrapper\">\n<div  class=\"one_third last withsmallpadding ppb_text\" style=\"text-align:left;padding:40px 0 40px 0;\" >\n<div class=\"standard_wrapper\">\n<div class=\"page_content_wrapper wide\">\n<div class=\"inner\">\n<div style=\"margin:auto;width:100%\">\n<h2>CJENIK<\/h2>\n<p><a class=\"centered_link2\" href=\"https:\/\/balance-valamar.com\/wp-content\/uploads\/2025\/03\/BalanceSpa_PresidentCjenikA4.pdf\" target=\"_blank\" rel=\"noopener\"><img loading=\"lazy\" decoding=\"async\" class=\"alignnone size-medium wp-image-3896\" src=\"http:\/\/balance-valamar.com\/wp-content\/uploads\/2020\/03\/brosura-242x300.jpg\" alt=\"\" width=\"242\" height=\"300\" \/><br \/>Preuzmite cjenik usluga<\/a><\/p>\n<\/div>\n<\/div>\n<\/div>\n<\/div>\n<\/div>\n<\/div>\n<div  class=\"one ppb_card_two_cols_with_image\" style=\"position:relative;padding:40px 0 40px 0;\" >\n<div class=\"standard_wrapper\">\n<div class=\"page_content_wrapper wide\">\n<div class=\"inner\">\n<div class=\"one_half parallax_scroll parallax_text\" style=\"width:40%;position:absolute;padding:40px;z-index:2;block !important;background:#fff;\" data-stellar-ratio=\"1.3\">\n<h2 class=\"ppb_title\" style=\"\">President Hotel 5*, Valamar Collection<\/h2>\n<div class=\"ppb_header_content\">\n<p>Iva Dul\u010di\u0107a 142, 20000 Dubrovnik, Hrvatska<br \/>\n<i class=\"fa fa-phone\"><\/i> +385 20 441 1025<\/p>\n<p>Radno vrijeme: 08:00 \u2013 21:00 h<\/p>\n<p><!--<a href=\"#\" target=\"_blank\"><i class=\"fa fa-2x fa-facebook\"><\/i><\/a> \u00a0\u00a0\u00a0 <a href=\"#\" target=\"_blank\"><i class=\"fa fa-2x fa-instagram\"><\/i><\/a>--><\/p>\n<\/div>\n<\/div>\n<div class=\"one_half parallax_scroll_image last\" style=\"width:65%;\">\n<div class=\"image_classic_frame expand\">\n<div class=\"image_wrapper\"><img decoding=\"async\" src=\"http:\/\/balance-valamar.com\/wp-content\/uploads\/2020\/03\/IMG_6101-2-1.jpg\" alt=\"\" class=\"portfolio_img\"\/><\/div>\n<\/div>\n<\/div>\n<p><br class=\"clear\"\/><\/div>\n<\/div>\n<\/div>\n<\/div>\n<\/div>\n<div class=\"standard_wrapper\">\n<div  class=\"one_fourth withsmallpadding ppb_text\" style=\"text-align:center;padding:40px 0 40px 0;\" >\n<div class=\"standard_wrapper\">\n<div class=\"page_content_wrapper wide\">\n<div class=\"inner\">\n<div style=\"margin:auto;width:100%\"><\/div>\n<\/div>\n<\/div>\n<\/div>\n<\/div>\n<\/div>\n<div class=\"standard_wrapper\">\n<div  class=\"two_third withsmallpadding ppb_text\" style=\"text-align:left;padding:40px 0 40px 0;\" >\n<div class=\"standard_wrapper\">\n<div class=\"page_content_wrapper wide\">\n<div class=\"inner\">\n<div style=\"margin:auto;width:100%\">\n<p>\u00a0<\/p>\n<p>Jedinstveni polo\u017eaj uz vlastitu pla\u017eu na zapadnom dijelu poluotoka Babin kuk, samo nekoliko minuta od starog grada Dubrovnika, omogu\u0107uje spektakularan pogled iz svih soba i opu\u0161taju\u0107i kontakt s prirodom i kristalno \u010distim morem iz svakog kutka hotela.<\/p>\n<p><a href=\"https:\/\/www.valamar.com\/hr\/hoteli-dubrovnik\/valamar-dubrovnik-president-hotel\" target=\"_blank\" rel=\"noopener\">Vi\u0161e informacija<\/a><\/p>\n<\/div>\n<\/div>\n<\/div>\n<\/div>\n<\/div>\n<\/div>\n","protected":false},"excerpt":{"rendered":"<p>President Hotel 5*, Valamar Collection &nbsp; Filozofija kvalitetnog i opu\u0161tenog \u017eivota na Mediteranu, utkana je u sve prostorne elemente Balance centra &#8211; ambijentu, infrastrukturi i sadr\u017eaju, dok posebno osmi\u0161ljeni tretmani i rituali s morskom soli, maslinovim uljem i lavandom nude [&hellip;]<\/p>\n","protected":false},"author":1,"featured_media":0,"parent":0,"menu_order":0,"comment_status":"closed","ping_status":"closed","template":"","meta":{"footnotes":""},"class_list":["post-4189","page","type-page","status-publish","hentry"],"yoast_head":"<!-- This site is optimized with the Yoast SEO plugin v27.3 - https:\/\/yoast.com\/product\/yoast-seo-wordpress\/ -->\n<title>President Hotel 5*, Valamar Collection | Balance by Valamar<\/title>\n<meta name=\"description\" content=\"Filozofija kvalitetnog i opu\u0161tenog \u017eivota na Mediteranu, utkana je u sve prostorne elemente Balance centra \u2013 ambijentu, infrastrukturi i sadr\u017eaju...\" \/>\n<meta name=\"robots\" content=\"index, follow, max-snippet:-1, max-image-preview:large, max-video-preview:-1\" \/>\n<link rel=\"canonical\" href=\"https:\/\/balance-valamar.com\/hr\/president-hotel-5-valamar-collection\/\" \/>\n<meta property=\"og:locale\" content=\"hr_HR\" \/>\n<meta property=\"og:type\" content=\"article\" \/>\n<meta property=\"og:title\" content=\"President Hotel 5*, Valamar Collection | Balance by Valamar\" \/>\n<meta property=\"og:description\" content=\"Filozofija kvalitetnog i opu\u0161tenog \u017eivota na Mediteranu, utkana je u sve prostorne elemente Balance centra \u2013 ambijentu, infrastrukturi i sadr\u017eaju...\" \/>\n<meta property=\"og:url\" content=\"https:\/\/balance-valamar.com\/hr\/president-hotel-5-valamar-collection\/\" \/>\n<meta property=\"og:site_name\" content=\"Balance by Valamar\" \/>\n<meta property=\"article:modified_time\" content=\"2025-03-26T07:49:11+00:00\" \/>\n<meta property=\"og:image\" content=\"http:\/\/balance-valamar.com\/wp-content\/uploads\/2020\/03\/brosura-242x300.jpg\" \/>\n<meta name=\"twitter:card\" content=\"summary_large_image\" \/>\n<meta name=\"twitter:label1\" content=\"Procijenjeno vrijeme \u010ditanja\" \/>\n\t<meta name=\"twitter:data1\" content=\"2 minute\" \/>\n<script type=\"application\/ld+json\" class=\"yoast-schema-graph\">{\"@context\":\"https:\\\/\\\/schema.org\",\"@graph\":[{\"@type\":\"WebPage\",\"@id\":\"https:\\\/\\\/balance-valamar.com\\\/hr\\\/president-hotel-5-valamar-collection\\\/\",\"url\":\"https:\\\/\\\/balance-valamar.com\\\/hr\\\/president-hotel-5-valamar-collection\\\/\",\"name\":\"President Hotel 5*, Valamar Collection | Balance by Valamar\",\"isPartOf\":{\"@id\":\"https:\\\/\\\/balance-valamar.com\\\/#website\"},\"primaryImageOfPage\":{\"@id\":\"https:\\\/\\\/balance-valamar.com\\\/hr\\\/president-hotel-5-valamar-collection\\\/#primaryimage\"},\"image\":{\"@id\":\"https:\\\/\\\/balance-valamar.com\\\/hr\\\/president-hotel-5-valamar-collection\\\/#primaryimage\"},\"thumbnailUrl\":\"http:\\\/\\\/balance-valamar.com\\\/wp-content\\\/uploads\\\/2020\\\/03\\\/brosura-242x300.jpg\",\"datePublished\":\"2020-02-26T12:41:24+00:00\",\"dateModified\":\"2025-03-26T07:49:11+00:00\",\"description\":\"Filozofija kvalitetnog i opu\u0161tenog \u017eivota na Mediteranu, utkana je u sve prostorne elemente Balance centra \u2013 ambijentu, infrastrukturi i sadr\u017eaju...\",\"breadcrumb\":{\"@id\":\"https:\\\/\\\/balance-valamar.com\\\/hr\\\/president-hotel-5-valamar-collection\\\/#breadcrumb\"},\"inLanguage\":\"hr\",\"potentialAction\":[{\"@type\":\"ReadAction\",\"target\":[\"https:\\\/\\\/balance-valamar.com\\\/hr\\\/president-hotel-5-valamar-collection\\\/\"]}]},{\"@type\":\"ImageObject\",\"inLanguage\":\"hr\",\"@id\":\"https:\\\/\\\/balance-valamar.com\\\/hr\\\/president-hotel-5-valamar-collection\\\/#primaryimage\",\"url\":\"http:\\\/\\\/balance-valamar.com\\\/wp-content\\\/uploads\\\/2020\\\/03\\\/brosura-242x300.jpg\",\"contentUrl\":\"http:\\\/\\\/balance-valamar.com\\\/wp-content\\\/uploads\\\/2020\\\/03\\\/brosura-242x300.jpg\"},{\"@type\":\"BreadcrumbList\",\"@id\":\"https:\\\/\\\/balance-valamar.com\\\/hr\\\/president-hotel-5-valamar-collection\\\/#breadcrumb\",\"itemListElement\":[{\"@type\":\"ListItem\",\"position\":1,\"name\":\"Home\",\"item\":\"https:\\\/\\\/balance-valamar.com\\\/hr\\\/\"},{\"@type\":\"ListItem\",\"position\":2,\"name\":\"President Hotel 5*, Valamar Collection\"}]},{\"@type\":\"WebSite\",\"@id\":\"https:\\\/\\\/balance-valamar.com\\\/#website\",\"url\":\"https:\\\/\\\/balance-valamar.com\\\/\",\"name\":\"Balance by Valamar\",\"description\":\"Mediterranean Spa by Valamar\",\"publisher\":{\"@id\":\"https:\\\/\\\/balance-valamar.com\\\/#organization\"},\"potentialAction\":[{\"@type\":\"SearchAction\",\"target\":{\"@type\":\"EntryPoint\",\"urlTemplate\":\"https:\\\/\\\/balance-valamar.com\\\/?s={search_term_string}\"},\"query-input\":{\"@type\":\"PropertyValueSpecification\",\"valueRequired\":true,\"valueName\":\"search_term_string\"}}],\"inLanguage\":\"hr\"},{\"@type\":\"Organization\",\"@id\":\"https:\\\/\\\/balance-valamar.com\\\/#organization\",\"name\":\"Balance by Valamar\",\"url\":\"https:\\\/\\\/balance-valamar.com\\\/\",\"logo\":{\"@type\":\"ImageObject\",\"inLanguage\":\"hr\",\"@id\":\"https:\\\/\\\/balance-valamar.com\\\/#\\\/schema\\\/logo\\\/image\\\/\",\"url\":\"https:\\\/\\\/balance-valamar.com\\\/wp-content\\\/uploads\\\/2020\\\/02\\\/logoi.jpg\",\"contentUrl\":\"https:\\\/\\\/balance-valamar.com\\\/wp-content\\\/uploads\\\/2020\\\/02\\\/logoi.jpg\",\"width\":321,\"height\":321,\"caption\":\"Balance by Valamar\"},\"image\":{\"@id\":\"https:\\\/\\\/balance-valamar.com\\\/#\\\/schema\\\/logo\\\/image\\\/\"}}]}<\/script>\n<!-- \/ Yoast SEO plugin. -->","yoast_head_json":{"title":"President Hotel 5*, Valamar Collection | Balance by Valamar","description":"Filozofija kvalitetnog i opu\u0161tenog \u017eivota na Mediteranu, utkana je u sve prostorne elemente Balance centra \u2013 ambijentu, infrastrukturi i sadr\u017eaju...","robots":{"index":"index","follow":"follow","max-snippet":"max-snippet:-1","max-image-preview":"max-image-preview:large","max-video-preview":"max-video-preview:-1"},"canonical":"https:\/\/balance-valamar.com\/hr\/president-hotel-5-valamar-collection\/","og_locale":"hr_HR","og_type":"article","og_title":"President Hotel 5*, Valamar Collection | Balance by Valamar","og_description":"Filozofija kvalitetnog i opu\u0161tenog \u017eivota na Mediteranu, utkana je u sve prostorne elemente Balance centra \u2013 ambijentu, infrastrukturi i sadr\u017eaju...","og_url":"https:\/\/balance-valamar.com\/hr\/president-hotel-5-valamar-collection\/","og_site_name":"Balance by Valamar","article_modified_time":"2025-03-26T07:49:11+00:00","og_image":[{"url":"http:\/\/balance-valamar.com\/wp-content\/uploads\/2020\/03\/brosura-242x300.jpg","type":"","width":"","height":""}],"twitter_card":"summary_large_image","twitter_misc":{"Procijenjeno vrijeme \u010ditanja":"2 minute"},"schema":{"@context":"https:\/\/schema.org","@graph":[{"@type":"WebPage","@id":"https:\/\/balance-valamar.com\/hr\/president-hotel-5-valamar-collection\/","url":"https:\/\/balance-valamar.com\/hr\/president-hotel-5-valamar-collection\/","name":"President Hotel 5*, Valamar Collection | Balance by Valamar","isPartOf":{"@id":"https:\/\/balance-valamar.com\/#website"},"primaryImageOfPage":{"@id":"https:\/\/balance-valamar.com\/hr\/president-hotel-5-valamar-collection\/#primaryimage"},"image":{"@id":"https:\/\/balance-valamar.com\/hr\/president-hotel-5-valamar-collection\/#primaryimage"},"thumbnailUrl":"http:\/\/balance-valamar.com\/wp-content\/uploads\/2020\/03\/brosura-242x300.jpg","datePublished":"2020-02-26T12:41:24+00:00","dateModified":"2025-03-26T07:49:11+00:00","description":"Filozofija kvalitetnog i opu\u0161tenog \u017eivota na Mediteranu, utkana je u sve prostorne elemente Balance centra \u2013 ambijentu, infrastrukturi i sadr\u017eaju...","breadcrumb":{"@id":"https:\/\/balance-valamar.com\/hr\/president-hotel-5-valamar-collection\/#breadcrumb"},"inLanguage":"hr","potentialAction":[{"@type":"ReadAction","target":["https:\/\/balance-valamar.com\/hr\/president-hotel-5-valamar-collection\/"]}]},{"@type":"ImageObject","inLanguage":"hr","@id":"https:\/\/balance-valamar.com\/hr\/president-hotel-5-valamar-collection\/#primaryimage","url":"http:\/\/balance-valamar.com\/wp-content\/uploads\/2020\/03\/brosura-242x300.jpg","contentUrl":"http:\/\/balance-valamar.com\/wp-content\/uploads\/2020\/03\/brosura-242x300.jpg"},{"@type":"BreadcrumbList","@id":"https:\/\/balance-valamar.com\/hr\/president-hotel-5-valamar-collection\/#breadcrumb","itemListElement":[{"@type":"ListItem","position":1,"name":"Home","item":"https:\/\/balance-valamar.com\/hr\/"},{"@type":"ListItem","position":2,"name":"President Hotel 5*, Valamar Collection"}]},{"@type":"WebSite","@id":"https:\/\/balance-valamar.com\/#website","url":"https:\/\/balance-valamar.com\/","name":"Balance by Valamar","description":"Mediterranean Spa by Valamar","publisher":{"@id":"https:\/\/balance-valamar.com\/#organization"},"potentialAction":[{"@type":"SearchAction","target":{"@type":"EntryPoint","urlTemplate":"https:\/\/balance-valamar.com\/?s={search_term_string}"},"query-input":{"@type":"PropertyValueSpecification","valueRequired":true,"valueName":"search_term_string"}}],"inLanguage":"hr"},{"@type":"Organization","@id":"https:\/\/balance-valamar.com\/#organization","name":"Balance by Valamar","url":"https:\/\/balance-valamar.com\/","logo":{"@type":"ImageObject","inLanguage":"hr","@id":"https:\/\/balance-valamar.com\/#\/schema\/logo\/image\/","url":"https:\/\/balance-valamar.com\/wp-content\/uploads\/2020\/02\/logoi.jpg","contentUrl":"https:\/\/balance-valamar.com\/wp-content\/uploads\/2020\/02\/logoi.jpg","width":321,"height":321,"caption":"Balance by Valamar"},"image":{"@id":"https:\/\/balance-valamar.com\/#\/schema\/logo\/image\/"}}]}},"_links":{"self":[{"href":"https:\/\/balance-valamar.com\/hr\/wp-json\/wp\/v2\/pages\/4189","targetHints":{"allow":["GET"]}}],"collection":[{"href":"https:\/\/balance-valamar.com\/hr\/wp-json\/wp\/v2\/pages"}],"about":[{"href":"https:\/\/balance-valamar.com\/hr\/wp-json\/wp\/v2\/types\/page"}],"author":[{"embeddable":true,"href":"https:\/\/balance-valamar.com\/hr\/wp-json\/wp\/v2\/users\/1"}],"replies":[{"embeddable":true,"href":"https:\/\/balance-valamar.com\/hr\/wp-json\/wp\/v2\/comments?post=4189"}],"version-history":[{"count":19,"href":"https:\/\/balance-valamar.com\/hr\/wp-json\/wp\/v2\/pages\/4189\/revisions"}],"predecessor-version":[{"id":5720,"href":"https:\/\/balance-valamar.com\/hr\/wp-json\/wp\/v2\/pages\/4189\/revisions\/5720"}],"wp:attachment":[{"href":"https:\/\/balance-valamar.com\/hr\/wp-json\/wp\/v2\/media?parent=4189"}],"curies":[{"name":"wp","href":"https:\/\/api.w.org\/{rel}","templated":true}]}}