{"id":4167,"date":"2020-02-26T12:43:16","date_gmt":"2020-02-26T12:43:16","guid":{"rendered":"http:\/\/balance-valamar.com\/valamar-obertauern-hotel\/"},"modified":"2025-10-14T10:56:26","modified_gmt":"2025-10-14T10:56:26","slug":"valamar-obertauern-hotel-4","status":"publish","type":"page","link":"https:\/\/balance-valamar.com\/hr\/valamar-obertauern-hotel-4\/","title":{"rendered":"Valamar Obertauern Hotel 4*"},"content":{"rendered":"<div  class=\"one fullwidth \">\n\t\t\t<!-- START obertauern REVOLUTION SLIDER 6.1.5 --><\/p>\n<p class=\"rs-p-wp-fix\">\n<p>\t\t\t<rs-module-wrap id=\"rev_slider_11_1_wrapper\" data-alias=\"obertauern\" data-source=\"gallery\" style=\"background:transparent;padding:0;\"><br \/>\n\t\t\t\t<rs-module id=\"rev_slider_11_1\" style=\"display:none;\" data-version=\"6.1.5\"><br \/>\n\t\t\t\t\t<rs-slides><br \/>\n\t\t\t\t\t\t<rs-slide data-key=\"rs-29\" data-title=\"Slide\" data-thumb=\"\/\/balance-valamar.com\/wp-content\/uploads\/2020\/03\/Valamar-Obertauern-Hotel_Balance-Mediterranean-Spa_09-50x100.jpg\" data-anim=\"ei:d;eo:d;s:1000;r:0;t:fade;sl:0;\"><br \/>\n\t\t\t\t\t\t\t<img loading=\"lazy\" decoding=\"async\" src=\"\/\/balance-valamar.com\/wp-content\/uploads\/2020\/03\/Valamar-Obertauern-Hotel_Balance-Mediterranean-Spa_09.jpg\" alt=\"Balance Valamar\" title=\"Valamar-Obertauern-Hotel_Balance-Mediterranean-Spa_09\" width=\"1920\" height=\"1280\" class=\"rev-slidebg\" data-no-retina><br \/>\n<!---->\t\t\t\t\t\t<\/rs-slide><br \/>\n\t\t\t\t\t\t<rs-slide data-key=\"rs-30\" data-title=\"Slide\" data-thumb=\"\/\/balance-valamar.com\/wp-content\/uploads\/2020\/03\/Valamar-Obertauern-Hotel_Balance-Mediterranean-Spa_10-50x100.jpg\" data-anim=\"ei:d;eo:d;s:1000;r:0;t:fade;sl:0;\"><br \/>\n\t\t\t\t\t\t\t<img loading=\"lazy\" decoding=\"async\" src=\"\/\/balance-valamar.com\/wp-content\/uploads\/2020\/03\/Valamar-Obertauern-Hotel_Balance-Mediterranean-Spa_10.jpg\" alt=\"Balance Valamar\" title=\"Valamar-Obertauern-Hotel_Balance-Mediterranean-Spa_10\" width=\"1920\" height=\"1280\" class=\"rev-slidebg\" data-no-retina><br \/>\n<!---->\t\t\t\t\t\t<\/rs-slide><br \/>\n\t\t\t\t\t\t<rs-slide data-key=\"rs-62\" data-title=\"Slide\" data-thumb=\"\/\/balance-valamar.com\/wp-content\/uploads\/2024\/02\/Valamar-Obertauern-Hotel_Balance-Mediterranean-Spa_-1-7431-original--50x100.jpg\" data-anim=\"ei:d;eo:d;s:1000;r:0;t:fade;sl:0;\"><br \/>\n\t\t\t\t\t\t\t<img loading=\"lazy\" decoding=\"async\" src=\"\/\/balance-valamar.com\/wp-content\/uploads\/2024\/02\/Valamar-Obertauern-Hotel_Balance-Mediterranean-Spa_-1-7431-original-.jpg\" alt=\"Balance Valamar\" title=\"Valamar-Obertauern-Hotel_Balance-Mediterranean-Spa_-(1)-(7431)-[original]-\" width=\"1776\" height=\"1234\" class=\"rev-slidebg\" data-no-retina><br \/>\n<!---->\t\t\t\t\t\t<\/rs-slide><br \/>\n\t\t\t\t\t<\/rs-slides><br \/>\n\t\t\t\t\t<rs-progress class=\"rs-bottom\" style=\"visibility: hidden !important;\"><\/rs-progress><br \/>\n\t\t\t\t<\/rs-module><br \/>\n\t\t\t\t<script type=\"text\/javascript\">\n\t\t\t\t\tsetREVStartSize({c: 'rev_slider_11_1',rl:[1240,1024,778,480],el:[900],gw:[1240],gh:[900],layout:'fullscreen',offsetContainer:'',offset:'',mh:\"0\"});\n\t\t\t\t\tvar\trevapi11,\n\t\t\t\t\t\ttpj;\n\t\t\t\t\tjQuery(function() {\n\t\t\t\t\t\ttpj = jQuery;\n\t\t\t\t\t\tif(tpj(\"#rev_slider_11_1\").revolution == undefined){\n\t\t\t\t\t\t\trevslider_showDoubleJqueryError(\"#rev_slider_11_1\");\n\t\t\t\t\t\t}else{\n\t\t\t\t\t\t\trevapi11 = tpj(\"#rev_slider_11_1\").show().revolution({\n\t\t\t\t\t\t\t\tjsFileLocation:\"\/\/balance-valamar.com\/wp-content\/plugins\/revslider\/public\/assets\/js\/\",\n\t\t\t\t\t\t\t\tsliderLayout:\"fullscreen\",\n\t\t\t\t\t\t\t\tvisibilityLevels:\"1240,1024,778,480\",\n\t\t\t\t\t\t\t\tgridwidth:1240,\n\t\t\t\t\t\t\t\tgridheight:900,\n\t\t\t\t\t\t\t\tminHeight:\"\",\n\t\t\t\t\t\t\t\tspinner:\"spinner0\",\n\t\t\t\t\t\t\t\teditorheight:\"900,768,960,720\",\n\t\t\t\t\t\t\t\tresponsiveLevels:\"1240,1024,778,480\",\n\t\t\t\t\t\t\t\tdisableProgressBar:\"on\",\n\t\t\t\t\t\t\t\tnavigation: {\n\t\t\t\t\t\t\t\t\tonHoverStop:false,\n\t\t\t\t\t\t\t\t\tarrows: {\n\t\t\t\t\t\t\t\t\t\tenable:true,\n\t\t\t\t\t\t\t\t\t\tstyle:\"hesperiden\",\n\t\t\t\t\t\t\t\t\t\tleft: {\n\t\t\t\t\t\t\t\t\t\t\th_offset:30\n\t\t\t\t\t\t\t\t\t\t},\n\t\t\t\t\t\t\t\t\t\tright: {\n\t\t\t\t\t\t\t\t\t\t\th_offset:30\n\t\t\t\t\t\t\t\t\t\t}\n\t\t\t\t\t\t\t\t\t}\n\t\t\t\t\t\t\t\t},\n\t\t\t\t\t\t\t\tfallbacks: {\n\t\t\t\t\t\t\t\t\tallowHTML5AutoPlayOnAndroid:true\n\t\t\t\t\t\t\t\t},\n\t\t\t\t\t\t\t});\n\t\t\t\t\t\t}<\/p>\n<p>\t\t\t\t\t});\n\t\t\t\t<\/script><\/p>\n<style type=\"text\/css\">#rev_slider_11_1_wrapper .hesperiden.tparrows{cursor:pointer;background:rgba(0,0,0,0.5);width:40px;height:40px;position:absolute;display:block;z-index:1000;  border-radius:50%}#rev_slider_11_1_wrapper .hesperiden.tparrows:hover{background:#000000}#rev_slider_11_1_wrapper .hesperiden.tparrows:before{font-family:'revicons';font-size:20px;color:#ffffff;display:block;line-height:40px;text-align:center}#rev_slider_11_1_wrapper .hesperiden.tparrows.tp-leftarrow:before{content:'e82c';  margin-left:-3px}#rev_slider_11_1_wrapper .hesperiden.tparrows.tp-rightarrow:before{content:'e82d';  margin-right:-3px}<\/style>\n<style type=\"text\/css\"><\/style>\n<p>\t\t\t<\/rs-module-wrap><br \/>\n\t\t\t<!-- END REVOLUTION SLIDER -->\n<\/div>\n<div  class=\"one withsmallpadding ppb_header \" style=\"margin-top:-141px; background:#fff; position:relative; z-index: 3000;text-align:center;padding:40px 0 40px 0;\" >\n<div class=\"standard_wrapper\">\n<div class=\"page_content_wrapper wide\">\n<div class=\"inner\">\n<div style=\"margin:auto;width:100%\">\n<h2 class=\"ppb_title\" style=\"\">Valamar Obertauern Hotel 4*<\/h2>\n<\/div>\n<\/div>\n<\/div>\n<\/div>\n<\/div>\n<div class=\"standard_wrapper\">\n<div class=\"one withsmallpadding ppb_line_divider\"  style=\"text-align:center;padding:0px 0 0px 0;\" >\n<div class=\"page_content_wrapper wide\">\n<div class=\"inner\">\n<div class=\"line_divider_border\" style=\"width:100px;\"><\/div>\n<div class=\"line_divider_seperator\"><i class=\"fa fa-leaf\" style=\"\"><\/i><\/div>\n<div class=\"line_divider_border\" style=\"width:100px;\"><\/div>\n<\/div>\n<\/div>\n<\/div>\n<\/div>\n<div class=\"divider one\">&nbsp;<\/div>\n<div  class=\"one withsmallpadding ppb_text\" style=\"text-align:center;padding:40px 0 40px 0;\" >\n<div class=\"standard_wrapper\">\n<div class=\"page_content_wrapper wide\">\n<div class=\"inner\">\n<div style=\"margin:auto;width:100%\">\n<p>Spajanjem mediteranske ba\u0161tine i ljekovitih svojstava lokalnih autohtonih sastojaka, otkrivamo uto\u010di\u0161te za obnovu duha i tijela usred snijegom prekrivenih planina najzabavnijeg skijali\u0161ta u Austriji. Ponuda tretmana, masa\u017ea i rituala nadahnuta je kulturom, prirodnim ljepotama i specifi\u010dnostima lokalnih wellness obi\u010daja. Do\u017eivite spa iskustvo u zonama opu\u0161tanja koje se prostiru na vi\u0161e od 420 m\u00b2 i pru\u017eaju sve \u0161to vam srce za\u017eeli.<\/p>\n<\/div>\n<\/div>\n<\/div>\n<\/div>\n<\/div>\n<div class=\"standard_wrapper\">\n<div  class=\"one_third withsmallpadding ppb_text\" style=\"text-align:left;padding:35px 0 35px 0;\" >\n<div class=\"standard_wrapper\">\n<div class=\"page_content_wrapper wide\">\n<div class=\"inner\">\n<div style=\"margin:auto;width:75%\">\n<h2>SPA ZONA<\/h2>\n<p>BESPLATNO KORI\u0160TENJE ZA GOSTE HOTELA<\/p>\n<ul>\n<li>Obnovljena zona wellnessa sa sobom za opu\u0161tanje i sobom za tretmane uljep\u0161avanja<\/li>\n<li>Biosauna &#8211; temperatura 40\u00b0 &#8211; 62 \u00b0C<\/li>\n<li>Finska sauna 80\u00b0 &#8211; 100 \u00b0 C<\/li>\n<li>Infracrvena sauna 45\u00b0 &#8211; 60 \u00b0 C<\/li>\n<li>Parna kupelj<\/li>\n<li>Vitality Bar sa ponudom svje\u017eeg vo\u0107a, ora\u0161astog vo\u0107a, \u010dajeva i aromatizirane vode<\/li>\n<li>Family Hour: u periodu od 12:00 do 15:00<br \/>\nspa centar mogu koristiti djeca mla\u0111a od 16 godina u pratnji roditelja<\/li>\n<li>besplatno kori\u0161tenje za goste hotela<\/li>\n<\/ul>\n<\/div>\n<\/div>\n<\/div>\n<\/div>\n<\/div>\n<\/div>\n<div class=\"standard_wrapper\">\n<div  class=\"one_third withsmallpadding ppb_text\" style=\"text-align:left;padding:35px 0 35px 0;\" >\n<div class=\"standard_wrapper\">\n<div class=\"page_content_wrapper wide\">\n<div class=\"inner\">\n<div style=\"margin:auto;width:100%\">\n<h2>SPA TRETMANI<\/h2>\n<p>UZ NADOPLATU<\/p>\n<ul>\n<li>masa\u017ee i autenti\u010dni rituali<\/li>\n<li>tretmani za lice i tijelo<\/li>\n<li>tretmani za djecu i tinejd\u017eere<\/li>\n<li>manikura i pedikura<\/li>\n<\/ul>\n<\/div>\n<\/div>\n<\/div>\n<\/div>\n<\/div>\n<\/div>\n<div class=\"standard_wrapper\">\n<div  class=\"one_third last withsmallpadding ppb_text\" style=\"text-align:left;padding:40px 0 40px 0;\" >\n<div class=\"standard_wrapper\">\n<div class=\"page_content_wrapper wide\">\n<div class=\"inner\">\n<div style=\"margin:auto;width:75%\">\n<h2>UNUTARNJI-VANJSKI BAZEN<\/h2>\n<ul>\n<li>grijani unutarnji-vanjski bazen s prostorom za opu\u0161tanje<\/li>\n<li>temperatura vode: 32 \u00b0C<\/li>\n<li>dubina: 120 cm<\/li>\n<li>veli\u010dina unutarnjeg dijela bazena ~ 66 m2<\/li>\n<li>veli\u010dina vanjskog dijela bazena ~ 22 m2<\/li>\n<li>klupa s mlaznicama u vanjskom bazenu\n<li>radno vrijeme: svaki dan od 7:30 do 21:00\n<\/ul>\n<\/div>\n<\/div>\n<\/div>\n<\/div>\n<\/div>\n<\/div>\n<div class=\"standard_wrapper\">\n<div  class=\"one_third withsmallpadding ppb_text\" style=\"text-align:left;padding:40px 0 40px 0;\" >\n<div class=\"standard_wrapper\">\n<div class=\"page_content_wrapper wide\">\n<div class=\"inner\">\n<div style=\"margin:auto;width:100%\">\n<h2>BRO\u0160URA I CJENIK<\/h2>\n<p><a class=\"centered_link2\" href=\"https:\/\/qrs.ly\/u8g3fwk\" target=\"_blank\" rel=\"noopener\"><img loading=\"lazy\" decoding=\"async\" class=\"size-medium wp-image-4602 alignnone\" src=\"https:\/\/balance-valamar.com\/wp-content\/uploads\/2025\/10\/spa.jpg\" alt=\"\" width=\"231\" height=\"300\" \/><br \/> Preuzmite bro\u0161uru i cjenik usluga <\/a><\/p>\n<\/div>\n<\/div>\n<\/div>\n<\/div>\n<\/div>\n<\/div>\n<div  class=\"one withsmallpadding ppb_text\" style=\"text-align:left;padding:40px 0 40px 0;\" >\n<div class=\"standard_wrapper\">\n<div class=\"page_content_wrapper wide\">\n<div class=\"inner\">\n<div style=\"margin:auto;width:30%\"><\/div>\n<\/div>\n<\/div>\n<\/div>\n<\/div>\n<div  class=\"one ppb_card_two_cols_with_image\" style=\"position:relative;padding:40px 0 40px 0;\" >\n<div class=\"standard_wrapper\">\n<div class=\"page_content_wrapper wide\">\n<div class=\"inner\">\n<div class=\"one_half parallax_scroll parallax_text\" style=\"width:40%;position:absolute;padding:40px;z-index:2;block !important;background:#fff;\" data-stellar-ratio=\"1.3\">\n<h2 class=\"ppb_title\" style=\"\">Valamar Obertauern Hotel 4*<\/h2>\n<div class=\"ppb_header_content\">\n<p>Gamsleitenstrasse 6, 5562, Obertauern, Austria<br \/>\n<i class=\"fa fa-phone\"><\/i> +43 (0)6456 7235 181<br \/>\n<i class=\"fa fa-mobile\"><\/i> +43 676 764 8072<br \/>\n<i class=\"fa fa-envelope\"><\/i> <a href=\"mailto:obertauern@yestobeauty.spa\">obertauern@yestobeauty.spa<\/a><\/p>\n<p>Radno vrijeme: 11:00 &#8211; 20:00<\/p>\n<p><a href=\"https:\/\/www.facebook.com\/Balance-Mediterranean-Spa-Obertauern-101492682331714\" target=\"_blank\"><i class=\"fa fa-2x fa-facebook\"><\/i><\/a> \u00a0\u00a0\u00a0 <a href=\"https:\/\/www.instagram.com\/balance_obertauern\/\" target=\"_blank\"><i class=\"fa fa-2x fa-instagram\"><\/i><\/a><\/p>\n<\/div>\n<\/div>\n<div class=\"one_half parallax_scroll_image last\" style=\"width:65%;\">\n<div class=\"image_classic_frame expand\">\n<div class=\"image_wrapper\"><img decoding=\"async\" src=\"https:\/\/balance-valamar.com\/wp-content\/uploads\/2024\/12\/Valamar-Obertauern-Hotel_Wellness-2.jpg\" alt=\"\" class=\"portfolio_img\"\/><\/div>\n<\/div>\n<\/div>\n<p><br class=\"clear\"\/><\/div>\n<\/div>\n<\/div>\n<\/div>\n<\/div>\n<div class=\"standard_wrapper\">\n<div  class=\"one_fourth withsmallpadding ppb_text\" style=\"text-align:center;padding:40px 0 40px 0;\" >\n<div class=\"standard_wrapper\">\n<div class=\"page_content_wrapper wide\">\n<div class=\"inner\">\n<div style=\"margin:auto;width:100%\"><\/div>\n<\/div>\n<\/div>\n<\/div>\n<\/div>\n<\/div>\n<div class=\"standard_wrapper\">\n<div  class=\"two_third withsmallpadding ppb_text\" style=\"text-align:left;padding:40px 0 40px 0;\" >\n<div class=\"standard_wrapper\">\n<div class=\"page_content_wrapper wide\">\n<div class=\"inner\">\n<div style=\"margin:auto;width:100%\">\n<p>\u00a0<\/p>\n<p>Smje\u0161ten na mirnoj lokaciji u Obertauernu, Valamar Obertauern Hotel jam\u010di savr\u0161en odmor u salzbur\u0161kim Alpama.<\/p>\n<p><a href=\"https:\/\/www.valamar.com\/hr\/hotel-obertauern\/valamar-obertauern-hotel\" target=\"_blank\" rel=\"noopener\">Vi\u0161e informacija<\/a><\/p>\n<\/div>\n<\/div>\n<\/div>\n<\/div>\n<\/div>\n<\/div>\n","protected":false},"excerpt":{"rendered":"<p>Valamar Obertauern Hotel 4* &nbsp; Spajanjem mediteranske ba\u0161tine i ljekovitih svojstava lokalnih autohtonih sastojaka, otkrivamo uto\u010di\u0161te za obnovu duha i tijela usred snijegom prekrivenih planina najzabavnijeg skijali\u0161ta u Austriji. Ponuda tretmana, masa\u017ea i rituala nadahnuta je kulturom, prirodnim ljepotama i [&hellip;]<\/p>\n","protected":false},"author":1,"featured_media":0,"parent":0,"menu_order":0,"comment_status":"closed","ping_status":"closed","template":"","meta":{"footnotes":""},"class_list":["post-4167","page","type-page","status-publish","hentry"],"yoast_head":"<!-- This site is optimized with the Yoast SEO plugin v27.3 - https:\/\/yoast.com\/product\/yoast-seo-wordpress\/ -->\n<title>Valamar Obertauern Hotel 4* | Balance by Valamar<\/title>\n<meta name=\"description\" content=\"Spajanjem mediteranske ba\u0161tine i ljekovitih svojstava lokalnih autohtonih sastojaka, otkrivamo uto\u010di\u0161te za obnovu duha i tijela usred snijegom...\" \/>\n<meta name=\"robots\" content=\"index, follow, max-snippet:-1, max-image-preview:large, max-video-preview:-1\" \/>\n<link rel=\"canonical\" href=\"https:\/\/balance-valamar.com\/hr\/valamar-obertauern-hotel-4\/\" \/>\n<meta property=\"og:locale\" content=\"hr_HR\" \/>\n<meta property=\"og:type\" content=\"article\" \/>\n<meta property=\"og:title\" content=\"Valamar Obertauern Hotel 4* | Balance by Valamar\" \/>\n<meta property=\"og:description\" content=\"Spajanjem mediteranske ba\u0161tine i ljekovitih svojstava lokalnih autohtonih sastojaka, otkrivamo uto\u010di\u0161te za obnovu duha i tijela usred snijegom...\" \/>\n<meta property=\"og:url\" content=\"https:\/\/balance-valamar.com\/hr\/valamar-obertauern-hotel-4\/\" \/>\n<meta property=\"og:site_name\" content=\"Balance by Valamar\" \/>\n<meta property=\"article:modified_time\" content=\"2025-10-14T10:56:26+00:00\" \/>\n<meta property=\"og:image\" content=\"https:\/\/balance-valamar.com\/wp-content\/uploads\/2025\/10\/spa.jpg\" \/>\n<meta name=\"twitter:card\" content=\"summary_large_image\" \/>\n<meta name=\"twitter:label1\" content=\"Procijenjeno vrijeme \u010ditanja\" \/>\n\t<meta name=\"twitter:data1\" content=\"3 minute\" \/>\n<script type=\"application\/ld+json\" class=\"yoast-schema-graph\">{\"@context\":\"https:\\\/\\\/schema.org\",\"@graph\":[{\"@type\":\"WebPage\",\"@id\":\"https:\\\/\\\/balance-valamar.com\\\/hr\\\/valamar-obertauern-hotel-4\\\/\",\"url\":\"https:\\\/\\\/balance-valamar.com\\\/hr\\\/valamar-obertauern-hotel-4\\\/\",\"name\":\"Valamar Obertauern Hotel 4* | Balance by Valamar\",\"isPartOf\":{\"@id\":\"https:\\\/\\\/balance-valamar.com\\\/#website\"},\"primaryImageOfPage\":{\"@id\":\"https:\\\/\\\/balance-valamar.com\\\/hr\\\/valamar-obertauern-hotel-4\\\/#primaryimage\"},\"image\":{\"@id\":\"https:\\\/\\\/balance-valamar.com\\\/hr\\\/valamar-obertauern-hotel-4\\\/#primaryimage\"},\"thumbnailUrl\":\"https:\\\/\\\/balance-valamar.com\\\/wp-content\\\/uploads\\\/2025\\\/10\\\/spa.jpg\",\"datePublished\":\"2020-02-26T12:43:16+00:00\",\"dateModified\":\"2025-10-14T10:56:26+00:00\",\"description\":\"Spajanjem mediteranske ba\u0161tine i ljekovitih svojstava lokalnih autohtonih sastojaka, otkrivamo uto\u010di\u0161te za obnovu duha i tijela usred snijegom...\",\"breadcrumb\":{\"@id\":\"https:\\\/\\\/balance-valamar.com\\\/hr\\\/valamar-obertauern-hotel-4\\\/#breadcrumb\"},\"inLanguage\":\"hr\",\"potentialAction\":[{\"@type\":\"ReadAction\",\"target\":[\"https:\\\/\\\/balance-valamar.com\\\/hr\\\/valamar-obertauern-hotel-4\\\/\"]}]},{\"@type\":\"ImageObject\",\"inLanguage\":\"hr\",\"@id\":\"https:\\\/\\\/balance-valamar.com\\\/hr\\\/valamar-obertauern-hotel-4\\\/#primaryimage\",\"url\":\"https:\\\/\\\/balance-valamar.com\\\/wp-content\\\/uploads\\\/2025\\\/10\\\/spa.jpg\",\"contentUrl\":\"https:\\\/\\\/balance-valamar.com\\\/wp-content\\\/uploads\\\/2025\\\/10\\\/spa.jpg\"},{\"@type\":\"BreadcrumbList\",\"@id\":\"https:\\\/\\\/balance-valamar.com\\\/hr\\\/valamar-obertauern-hotel-4\\\/#breadcrumb\",\"itemListElement\":[{\"@type\":\"ListItem\",\"position\":1,\"name\":\"Home\",\"item\":\"https:\\\/\\\/balance-valamar.com\\\/hr\\\/\"},{\"@type\":\"ListItem\",\"position\":2,\"name\":\"Valamar Obertauern Hotel 4*\"}]},{\"@type\":\"WebSite\",\"@id\":\"https:\\\/\\\/balance-valamar.com\\\/#website\",\"url\":\"https:\\\/\\\/balance-valamar.com\\\/\",\"name\":\"Balance by Valamar\",\"description\":\"Mediterranean Spa by Valamar\",\"publisher\":{\"@id\":\"https:\\\/\\\/balance-valamar.com\\\/#organization\"},\"potentialAction\":[{\"@type\":\"SearchAction\",\"target\":{\"@type\":\"EntryPoint\",\"urlTemplate\":\"https:\\\/\\\/balance-valamar.com\\\/?s={search_term_string}\"},\"query-input\":{\"@type\":\"PropertyValueSpecification\",\"valueRequired\":true,\"valueName\":\"search_term_string\"}}],\"inLanguage\":\"hr\"},{\"@type\":\"Organization\",\"@id\":\"https:\\\/\\\/balance-valamar.com\\\/#organization\",\"name\":\"Balance by Valamar\",\"url\":\"https:\\\/\\\/balance-valamar.com\\\/\",\"logo\":{\"@type\":\"ImageObject\",\"inLanguage\":\"hr\",\"@id\":\"https:\\\/\\\/balance-valamar.com\\\/#\\\/schema\\\/logo\\\/image\\\/\",\"url\":\"https:\\\/\\\/balance-valamar.com\\\/wp-content\\\/uploads\\\/2020\\\/02\\\/logoi.jpg\",\"contentUrl\":\"https:\\\/\\\/balance-valamar.com\\\/wp-content\\\/uploads\\\/2020\\\/02\\\/logoi.jpg\",\"width\":321,\"height\":321,\"caption\":\"Balance by Valamar\"},\"image\":{\"@id\":\"https:\\\/\\\/balance-valamar.com\\\/#\\\/schema\\\/logo\\\/image\\\/\"}}]}<\/script>\n<!-- \/ Yoast SEO plugin. -->","yoast_head_json":{"title":"Valamar Obertauern Hotel 4* | Balance by Valamar","description":"Spajanjem mediteranske ba\u0161tine i ljekovitih svojstava lokalnih autohtonih sastojaka, otkrivamo uto\u010di\u0161te za obnovu duha i tijela usred snijegom...","robots":{"index":"index","follow":"follow","max-snippet":"max-snippet:-1","max-image-preview":"max-image-preview:large","max-video-preview":"max-video-preview:-1"},"canonical":"https:\/\/balance-valamar.com\/hr\/valamar-obertauern-hotel-4\/","og_locale":"hr_HR","og_type":"article","og_title":"Valamar Obertauern Hotel 4* | Balance by Valamar","og_description":"Spajanjem mediteranske ba\u0161tine i ljekovitih svojstava lokalnih autohtonih sastojaka, otkrivamo uto\u010di\u0161te za obnovu duha i tijela usred snijegom...","og_url":"https:\/\/balance-valamar.com\/hr\/valamar-obertauern-hotel-4\/","og_site_name":"Balance by Valamar","article_modified_time":"2025-10-14T10:56:26+00:00","og_image":[{"url":"https:\/\/balance-valamar.com\/wp-content\/uploads\/2025\/10\/spa.jpg","type":"","width":"","height":""}],"twitter_card":"summary_large_image","twitter_misc":{"Procijenjeno vrijeme \u010ditanja":"3 minute"},"schema":{"@context":"https:\/\/schema.org","@graph":[{"@type":"WebPage","@id":"https:\/\/balance-valamar.com\/hr\/valamar-obertauern-hotel-4\/","url":"https:\/\/balance-valamar.com\/hr\/valamar-obertauern-hotel-4\/","name":"Valamar Obertauern Hotel 4* | Balance by Valamar","isPartOf":{"@id":"https:\/\/balance-valamar.com\/#website"},"primaryImageOfPage":{"@id":"https:\/\/balance-valamar.com\/hr\/valamar-obertauern-hotel-4\/#primaryimage"},"image":{"@id":"https:\/\/balance-valamar.com\/hr\/valamar-obertauern-hotel-4\/#primaryimage"},"thumbnailUrl":"https:\/\/balance-valamar.com\/wp-content\/uploads\/2025\/10\/spa.jpg","datePublished":"2020-02-26T12:43:16+00:00","dateModified":"2025-10-14T10:56:26+00:00","description":"Spajanjem mediteranske ba\u0161tine i ljekovitih svojstava lokalnih autohtonih sastojaka, otkrivamo uto\u010di\u0161te za obnovu duha i tijela usred snijegom...","breadcrumb":{"@id":"https:\/\/balance-valamar.com\/hr\/valamar-obertauern-hotel-4\/#breadcrumb"},"inLanguage":"hr","potentialAction":[{"@type":"ReadAction","target":["https:\/\/balance-valamar.com\/hr\/valamar-obertauern-hotel-4\/"]}]},{"@type":"ImageObject","inLanguage":"hr","@id":"https:\/\/balance-valamar.com\/hr\/valamar-obertauern-hotel-4\/#primaryimage","url":"https:\/\/balance-valamar.com\/wp-content\/uploads\/2025\/10\/spa.jpg","contentUrl":"https:\/\/balance-valamar.com\/wp-content\/uploads\/2025\/10\/spa.jpg"},{"@type":"BreadcrumbList","@id":"https:\/\/balance-valamar.com\/hr\/valamar-obertauern-hotel-4\/#breadcrumb","itemListElement":[{"@type":"ListItem","position":1,"name":"Home","item":"https:\/\/balance-valamar.com\/hr\/"},{"@type":"ListItem","position":2,"name":"Valamar Obertauern Hotel 4*"}]},{"@type":"WebSite","@id":"https:\/\/balance-valamar.com\/#website","url":"https:\/\/balance-valamar.com\/","name":"Balance by Valamar","description":"Mediterranean Spa by Valamar","publisher":{"@id":"https:\/\/balance-valamar.com\/#organization"},"potentialAction":[{"@type":"SearchAction","target":{"@type":"EntryPoint","urlTemplate":"https:\/\/balance-valamar.com\/?s={search_term_string}"},"query-input":{"@type":"PropertyValueSpecification","valueRequired":true,"valueName":"search_term_string"}}],"inLanguage":"hr"},{"@type":"Organization","@id":"https:\/\/balance-valamar.com\/#organization","name":"Balance by Valamar","url":"https:\/\/balance-valamar.com\/","logo":{"@type":"ImageObject","inLanguage":"hr","@id":"https:\/\/balance-valamar.com\/#\/schema\/logo\/image\/","url":"https:\/\/balance-valamar.com\/wp-content\/uploads\/2020\/02\/logoi.jpg","contentUrl":"https:\/\/balance-valamar.com\/wp-content\/uploads\/2020\/02\/logoi.jpg","width":321,"height":321,"caption":"Balance by Valamar"},"image":{"@id":"https:\/\/balance-valamar.com\/#\/schema\/logo\/image\/"}}]}},"_links":{"self":[{"href":"https:\/\/balance-valamar.com\/hr\/wp-json\/wp\/v2\/pages\/4167","targetHints":{"allow":["GET"]}}],"collection":[{"href":"https:\/\/balance-valamar.com\/hr\/wp-json\/wp\/v2\/pages"}],"about":[{"href":"https:\/\/balance-valamar.com\/hr\/wp-json\/wp\/v2\/types\/page"}],"author":[{"embeddable":true,"href":"https:\/\/balance-valamar.com\/hr\/wp-json\/wp\/v2\/users\/1"}],"replies":[{"embeddable":true,"href":"https:\/\/balance-valamar.com\/hr\/wp-json\/wp\/v2\/comments?post=4167"}],"version-history":[{"count":71,"href":"https:\/\/balance-valamar.com\/hr\/wp-json\/wp\/v2\/pages\/4167\/revisions"}],"predecessor-version":[{"id":5766,"href":"https:\/\/balance-valamar.com\/hr\/wp-json\/wp\/v2\/pages\/4167\/revisions\/5766"}],"wp:attachment":[{"href":"https:\/\/balance-valamar.com\/hr\/wp-json\/wp\/v2\/media?parent=4167"}],"curies":[{"name":"wp","href":"https:\/\/api.w.org\/{rel}","templated":true}]}}