{"id":4140,"date":"2020-03-01T12:41:27","date_gmt":"2020-03-01T12:41:27","guid":{"rendered":"http:\/\/balance-valamar.com\/dubrovnik\/"},"modified":"2025-03-26T08:06:14","modified_gmt":"2025-03-26T08:06:14","slug":"dubrovnik","status":"publish","type":"page","link":"https:\/\/balance-valamar.com\/hr\/dubrovnik\/","title":{"rendered":"Dubrovnik"},"content":{"rendered":"<div class=\"divider one\">&nbsp;<\/div>\n<div class=\"standard_wrapper\">\n<div  class=\"one_third withsmallpadding ppb_text\" style=\"font-size:18px; line-height:28px;text-align:left;padding:40px 0 40px 0;\" >\n<div class=\"standard_wrapper\">\n<div class=\"page_content_wrapper wide\">\n<div class=\"inner\">\n<div style=\"margin:auto;width:100%\">\n<p>Razmazite se na\u0161om ponudom u centrima koji nude najbogatiji izbor autenti\u010dnih wellness do\u017eivljaja.<\/p>\n<\/div>\n<\/div>\n<\/div>\n<\/div>\n<\/div>\n<\/div>\n<div class=\"standard_wrapper\">\n<div  class=\"two_third last withsmallpadding ppb_text\" style=\"text-align:left;padding:40px 0 40px 0;\" >\n<div class=\"standard_wrapper\">\n<div class=\"page_content_wrapper wide\">\n<div class=\"inner\">\n<div style=\"margin:auto;width:100%\">\n<p>Balance Mediterranean Spa centri u Dubrovniku podsje\u0107aju na Mediteran u malom. Nadahnuti mediteranskim pejza\u017eima i prirodnim materijalima, sadr\u017eaji Balance Mediterranean Spa nikoga ne ostavljaju ravnodu\u0161nim.\u00a0 Filozofija kvalitetnog i opu\u0161tenog \u017eivota zapisana je u na\u0161im tretmanima i ritualima, a ljekovitost mediteranskog bilja u kozmetici.  Svi na\u0161i centri su smje\u0161teni na poluotoku Babin kuk u zelenoj mediteranskoj oazi.<\/p>\n<\/div>\n<\/div>\n<\/div>\n<\/div>\n<\/div>\n<\/div>\n<div  class=\"ppb_image_half_boxed_fixed_width one\" style=\"margin-top:20px;margin-bottom:20px;\" >\n<div class=\"standard_wrapper\">\n<div class=\"page_content_wrapper wide\">\n<div class=\"inner\" style=\"height:380px;\">\n<div class=\"one_half content_middle parallax_text\" style=\"background-image:url(http:\/\/balance-valamar.com\/wp-content\/uploads\/2020\/03\/IMG_6101-2-1.jpg)\"><\/div>\n<div class=\"one_half last content_middle fixed parallax_text\" style=\"padding:40px;text-align:left; \">\n<div class=\"content_middle_wrapper\">\n<div class=\"content_middle_content\">\n<h2 class=\"ppb_title\" style=\"\">President Hotel 5*, Valamar Collection<\/h2>\n<div class=\"ppb_header_content\">\n<p>Filozofija kvalitetnog i opu\u0161tenog \u017eivota na Mediteranu, utkana je u sve prostorne elemente Balance centra i interpretirana je kroz niz posebno osmi\u0161ljenih tretmana i rituala s morskom soli, maslinovim uljem i lavandom.<\/p>\n<p><a href=\"\/hr\/president-hotel-5-valamar-collection\/\">Vi\u0161e informacija<\/a><\/p>\n<\/div>\n<\/div>\n<\/div>\n<\/div>\n<p><br class=\"clear\"\/><\/div>\n<\/div>\n<\/div>\n<\/div>\n<div  class=\"ppb_image_half_boxed_fixed_width one\" style=\"margin-top:20px;margin-bottom:20px;\" >\n<div class=\"standard_wrapper\">\n<div class=\"page_content_wrapper wide\">\n<div class=\"inner\" style=\"height:380px;\">\n<div class=\"one_half content_middle fixed parallax_text\" style=\"padding:40px; text-align:left;\">\n<div class=\"content_middle_wrapper\">\n<div class=\"content_middle_content\">\n<h2 class=\"ppb_title\" style=\"\">Valamar Lacroma Hotel 4*<\/h2>\n<div class=\"ppb_header_content\">\n<p>Balance Mediterranean Spa u Valamar Lacroma Dubrovnik hotelu poseban je wellness svijet koji se prostire na gotovo 1000 m2 i dizajniran je posebno za odrasle.<\/p>\n<p><a href=\"\/hr\/valamar-lacroma-hotel-4\/\">Vi\u0161e informacija<\/a><\/p>\n<\/div>\n<\/div>\n<\/div>\n<\/div>\n<div class=\"one_half content_middle parallax_text last\" style=\"background-image:url(https:\/\/balance-valamar.com\/wp-content\/uploads\/2023\/07\/Valamar-Lacroma-Dubrovnik-Hotel_Balance-Mediterranean-Spa_04-8984-lowres.jpg)\"><\/div>\n<p><br class=\"clear\"\/><\/div>\n<\/div>\n<\/div>\n<\/div>\n<div class=\"divider one\">&nbsp;<\/div>\n","protected":false},"excerpt":{"rendered":"<p>&nbsp; Razmazite se na\u0161om ponudom u centrima koji nude najbogatiji izbor autenti\u010dnih wellness do\u017eivljaja. Balance Mediterranean Spa centri u Dubrovniku podsje\u0107aju na Mediteran u malom. Nadahnuti mediteranskim pejza\u017eima i prirodnim materijalima, sadr\u017eaji Balance Mediterranean Spa nikoga ne ostavljaju ravnodu\u0161nim.\u00a0 Filozofija [&hellip;]<\/p>\n","protected":false},"author":1,"featured_media":4283,"parent":0,"menu_order":0,"comment_status":"closed","ping_status":"closed","template":"","meta":{"footnotes":""},"class_list":["post-4140","page","type-page","status-publish","has-post-thumbnail","hentry"],"yoast_head":"<!-- This site is optimized with the Yoast SEO plugin v27.3 - https:\/\/yoast.com\/product\/yoast-seo-wordpress\/ -->\n<title>Dubrovnik | Balance by Valamar<\/title>\n<meta name=\"description\" content=\"Razmazite se na\u0161om ponudom u centrima koji nude najbogatiji izbor autenti\u010dnih wellness do\u017eivljaja.\" \/>\n<meta name=\"robots\" content=\"index, follow, max-snippet:-1, max-image-preview:large, max-video-preview:-1\" \/>\n<link rel=\"canonical\" href=\"https:\/\/balance-valamar.com\/hr\/dubrovnik\/\" \/>\n<meta property=\"og:locale\" content=\"hr_HR\" \/>\n<meta property=\"og:type\" content=\"article\" \/>\n<meta property=\"og:title\" content=\"Dubrovnik | Balance by Valamar\" \/>\n<meta property=\"og:description\" content=\"Razmazite se na\u0161om ponudom u centrima koji nude najbogatiji izbor autenti\u010dnih wellness do\u017eivljaja.\" \/>\n<meta property=\"og:url\" content=\"https:\/\/balance-valamar.com\/hr\/dubrovnik\/\" \/>\n<meta property=\"og:site_name\" content=\"Balance by Valamar\" \/>\n<meta property=\"article:modified_time\" content=\"2025-03-26T08:06:14+00:00\" \/>\n<meta property=\"og:image\" content=\"https:\/\/balance-valamar.com\/wp-content\/uploads\/2020\/05\/destinations_Dubrovnik_header-foto.jpg\" \/>\n\t<meta property=\"og:image:width\" content=\"1920\" \/>\n\t<meta property=\"og:image:height\" content=\"1280\" \/>\n\t<meta property=\"og:image:type\" content=\"image\/jpeg\" \/>\n<meta name=\"twitter:card\" content=\"summary_large_image\" \/>\n<meta name=\"twitter:label1\" content=\"Procijenjeno vrijeme \u010ditanja\" \/>\n\t<meta name=\"twitter:data1\" content=\"1 minuta\" \/>\n<script type=\"application\/ld+json\" class=\"yoast-schema-graph\">{\"@context\":\"https:\\\/\\\/schema.org\",\"@graph\":[{\"@type\":\"WebPage\",\"@id\":\"https:\\\/\\\/balance-valamar.com\\\/hr\\\/dubrovnik\\\/\",\"url\":\"https:\\\/\\\/balance-valamar.com\\\/hr\\\/dubrovnik\\\/\",\"name\":\"Dubrovnik | Balance by Valamar\",\"isPartOf\":{\"@id\":\"https:\\\/\\\/balance-valamar.com\\\/#website\"},\"primaryImageOfPage\":{\"@id\":\"https:\\\/\\\/balance-valamar.com\\\/hr\\\/dubrovnik\\\/#primaryimage\"},\"image\":{\"@id\":\"https:\\\/\\\/balance-valamar.com\\\/hr\\\/dubrovnik\\\/#primaryimage\"},\"thumbnailUrl\":\"https:\\\/\\\/balance-valamar.com\\\/wp-content\\\/uploads\\\/2020\\\/05\\\/destinations_Dubrovnik_header-foto.jpg\",\"datePublished\":\"2020-03-01T12:41:27+00:00\",\"dateModified\":\"2025-03-26T08:06:14+00:00\",\"description\":\"Razmazite se na\u0161om ponudom u centrima koji nude najbogatiji izbor autenti\u010dnih wellness do\u017eivljaja.\",\"breadcrumb\":{\"@id\":\"https:\\\/\\\/balance-valamar.com\\\/hr\\\/dubrovnik\\\/#breadcrumb\"},\"inLanguage\":\"hr\",\"potentialAction\":[{\"@type\":\"ReadAction\",\"target\":[\"https:\\\/\\\/balance-valamar.com\\\/hr\\\/dubrovnik\\\/\"]}]},{\"@type\":\"ImageObject\",\"inLanguage\":\"hr\",\"@id\":\"https:\\\/\\\/balance-valamar.com\\\/hr\\\/dubrovnik\\\/#primaryimage\",\"url\":\"https:\\\/\\\/balance-valamar.com\\\/wp-content\\\/uploads\\\/2020\\\/05\\\/destinations_Dubrovnik_header-foto.jpg\",\"contentUrl\":\"https:\\\/\\\/balance-valamar.com\\\/wp-content\\\/uploads\\\/2020\\\/05\\\/destinations_Dubrovnik_header-foto.jpg\",\"width\":1920,\"height\":1280},{\"@type\":\"BreadcrumbList\",\"@id\":\"https:\\\/\\\/balance-valamar.com\\\/hr\\\/dubrovnik\\\/#breadcrumb\",\"itemListElement\":[{\"@type\":\"ListItem\",\"position\":1,\"name\":\"Home\",\"item\":\"https:\\\/\\\/balance-valamar.com\\\/hr\\\/\"},{\"@type\":\"ListItem\",\"position\":2,\"name\":\"Dubrovnik\"}]},{\"@type\":\"WebSite\",\"@id\":\"https:\\\/\\\/balance-valamar.com\\\/#website\",\"url\":\"https:\\\/\\\/balance-valamar.com\\\/\",\"name\":\"Balance by Valamar\",\"description\":\"Mediterranean Spa by Valamar\",\"publisher\":{\"@id\":\"https:\\\/\\\/balance-valamar.com\\\/#organization\"},\"potentialAction\":[{\"@type\":\"SearchAction\",\"target\":{\"@type\":\"EntryPoint\",\"urlTemplate\":\"https:\\\/\\\/balance-valamar.com\\\/?s={search_term_string}\"},\"query-input\":{\"@type\":\"PropertyValueSpecification\",\"valueRequired\":true,\"valueName\":\"search_term_string\"}}],\"inLanguage\":\"hr\"},{\"@type\":\"Organization\",\"@id\":\"https:\\\/\\\/balance-valamar.com\\\/#organization\",\"name\":\"Balance by Valamar\",\"url\":\"https:\\\/\\\/balance-valamar.com\\\/\",\"logo\":{\"@type\":\"ImageObject\",\"inLanguage\":\"hr\",\"@id\":\"https:\\\/\\\/balance-valamar.com\\\/#\\\/schema\\\/logo\\\/image\\\/\",\"url\":\"https:\\\/\\\/balance-valamar.com\\\/wp-content\\\/uploads\\\/2020\\\/02\\\/logoi.jpg\",\"contentUrl\":\"https:\\\/\\\/balance-valamar.com\\\/wp-content\\\/uploads\\\/2020\\\/02\\\/logoi.jpg\",\"width\":321,\"height\":321,\"caption\":\"Balance by Valamar\"},\"image\":{\"@id\":\"https:\\\/\\\/balance-valamar.com\\\/#\\\/schema\\\/logo\\\/image\\\/\"}}]}<\/script>\n<!-- \/ Yoast SEO plugin. -->","yoast_head_json":{"title":"Dubrovnik | Balance by Valamar","description":"Razmazite se na\u0161om ponudom u centrima koji nude najbogatiji izbor autenti\u010dnih wellness do\u017eivljaja.","robots":{"index":"index","follow":"follow","max-snippet":"max-snippet:-1","max-image-preview":"max-image-preview:large","max-video-preview":"max-video-preview:-1"},"canonical":"https:\/\/balance-valamar.com\/hr\/dubrovnik\/","og_locale":"hr_HR","og_type":"article","og_title":"Dubrovnik | Balance by Valamar","og_description":"Razmazite se na\u0161om ponudom u centrima koji nude najbogatiji izbor autenti\u010dnih wellness do\u017eivljaja.","og_url":"https:\/\/balance-valamar.com\/hr\/dubrovnik\/","og_site_name":"Balance by Valamar","article_modified_time":"2025-03-26T08:06:14+00:00","og_image":[{"width":1920,"height":1280,"url":"https:\/\/balance-valamar.com\/wp-content\/uploads\/2020\/05\/destinations_Dubrovnik_header-foto.jpg","type":"image\/jpeg"}],"twitter_card":"summary_large_image","twitter_misc":{"Procijenjeno vrijeme \u010ditanja":"1 minuta"},"schema":{"@context":"https:\/\/schema.org","@graph":[{"@type":"WebPage","@id":"https:\/\/balance-valamar.com\/hr\/dubrovnik\/","url":"https:\/\/balance-valamar.com\/hr\/dubrovnik\/","name":"Dubrovnik | Balance by Valamar","isPartOf":{"@id":"https:\/\/balance-valamar.com\/#website"},"primaryImageOfPage":{"@id":"https:\/\/balance-valamar.com\/hr\/dubrovnik\/#primaryimage"},"image":{"@id":"https:\/\/balance-valamar.com\/hr\/dubrovnik\/#primaryimage"},"thumbnailUrl":"https:\/\/balance-valamar.com\/wp-content\/uploads\/2020\/05\/destinations_Dubrovnik_header-foto.jpg","datePublished":"2020-03-01T12:41:27+00:00","dateModified":"2025-03-26T08:06:14+00:00","description":"Razmazite se na\u0161om ponudom u centrima koji nude najbogatiji izbor autenti\u010dnih wellness do\u017eivljaja.","breadcrumb":{"@id":"https:\/\/balance-valamar.com\/hr\/dubrovnik\/#breadcrumb"},"inLanguage":"hr","potentialAction":[{"@type":"ReadAction","target":["https:\/\/balance-valamar.com\/hr\/dubrovnik\/"]}]},{"@type":"ImageObject","inLanguage":"hr","@id":"https:\/\/balance-valamar.com\/hr\/dubrovnik\/#primaryimage","url":"https:\/\/balance-valamar.com\/wp-content\/uploads\/2020\/05\/destinations_Dubrovnik_header-foto.jpg","contentUrl":"https:\/\/balance-valamar.com\/wp-content\/uploads\/2020\/05\/destinations_Dubrovnik_header-foto.jpg","width":1920,"height":1280},{"@type":"BreadcrumbList","@id":"https:\/\/balance-valamar.com\/hr\/dubrovnik\/#breadcrumb","itemListElement":[{"@type":"ListItem","position":1,"name":"Home","item":"https:\/\/balance-valamar.com\/hr\/"},{"@type":"ListItem","position":2,"name":"Dubrovnik"}]},{"@type":"WebSite","@id":"https:\/\/balance-valamar.com\/#website","url":"https:\/\/balance-valamar.com\/","name":"Balance by Valamar","description":"Mediterranean Spa by Valamar","publisher":{"@id":"https:\/\/balance-valamar.com\/#organization"},"potentialAction":[{"@type":"SearchAction","target":{"@type":"EntryPoint","urlTemplate":"https:\/\/balance-valamar.com\/?s={search_term_string}"},"query-input":{"@type":"PropertyValueSpecification","valueRequired":true,"valueName":"search_term_string"}}],"inLanguage":"hr"},{"@type":"Organization","@id":"https:\/\/balance-valamar.com\/#organization","name":"Balance by Valamar","url":"https:\/\/balance-valamar.com\/","logo":{"@type":"ImageObject","inLanguage":"hr","@id":"https:\/\/balance-valamar.com\/#\/schema\/logo\/image\/","url":"https:\/\/balance-valamar.com\/wp-content\/uploads\/2020\/02\/logoi.jpg","contentUrl":"https:\/\/balance-valamar.com\/wp-content\/uploads\/2020\/02\/logoi.jpg","width":321,"height":321,"caption":"Balance by Valamar"},"image":{"@id":"https:\/\/balance-valamar.com\/#\/schema\/logo\/image\/"}}]}},"_links":{"self":[{"href":"https:\/\/balance-valamar.com\/hr\/wp-json\/wp\/v2\/pages\/4140","targetHints":{"allow":["GET"]}}],"collection":[{"href":"https:\/\/balance-valamar.com\/hr\/wp-json\/wp\/v2\/pages"}],"about":[{"href":"https:\/\/balance-valamar.com\/hr\/wp-json\/wp\/v2\/types\/page"}],"author":[{"embeddable":true,"href":"https:\/\/balance-valamar.com\/hr\/wp-json\/wp\/v2\/users\/1"}],"replies":[{"embeddable":true,"href":"https:\/\/balance-valamar.com\/hr\/wp-json\/wp\/v2\/comments?post=4140"}],"version-history":[{"count":11,"href":"https:\/\/balance-valamar.com\/hr\/wp-json\/wp\/v2\/pages\/4140\/revisions"}],"predecessor-version":[{"id":5729,"href":"https:\/\/balance-valamar.com\/hr\/wp-json\/wp\/v2\/pages\/4140\/revisions\/5729"}],"wp:featuredmedia":[{"embeddable":true,"href":"https:\/\/balance-valamar.com\/hr\/wp-json\/wp\/v2\/media\/4283"}],"wp:attachment":[{"href":"https:\/\/balance-valamar.com\/hr\/wp-json\/wp\/v2\/media?parent=4140"}],"curies":[{"name":"wp","href":"https:\/\/api.w.org\/{rel}","templated":true}]}}