{"id":4126,"date":"2020-02-26T12:37:02","date_gmt":"2020-02-26T12:37:02","guid":{"rendered":"http:\/\/balance-valamar.com\/philosophy-about\/"},"modified":"2024-05-28T11:02:23","modified_gmt":"2024-05-28T11:02:23","slug":"philosophy","status":"publish","type":"page","link":"https:\/\/balance-valamar.com\/hr\/philosophy\/","title":{"rendered":"Filozofija"},"content":{"rendered":"<div class=\"divider one\">&nbsp;<\/div>\n<div  class=\"one withsmallpadding ppb_header \" style=\"text-align:left;padding:40px 0 40px 0;\" >\n<div class=\"standard_wrapper\">\n<div class=\"page_content_wrapper wide\">\n<div class=\"inner\">\n<div style=\"margin:auto;width:100%\">\n<div class=\"ppb_header_content\">\n<p style=\"text-align: center;\">Spajaju\u0107i mediteransko naslije\u0111e s ljekovitim svojstvima autohtonih biljaka, Valamar je stvorio Balance Mediterranean Spa, wellness oazu koja obnavlja, pomla\u0111uje i opu\u0161ta. <\/p>\n<\/div>\n<\/div>\n<\/div>\n<\/div>\n<\/div>\n<\/div>\n<div class=\"standard_wrapper\">\n<div class=\"one withsmallpadding ppb_line_divider\"  style=\"text-align:center;padding:0px 0 0px 0;\" >\n<div class=\"page_content_wrapper wide\">\n<div class=\"inner\">\n<div class=\"line_divider_border\" style=\"width:100px;\"><\/div>\n<div class=\"line_divider_seperator\"><i class=\"fa fa-leaf\" style=\"\"><\/i><\/div>\n<div class=\"line_divider_border\" style=\"width:100px;\"><\/div>\n<\/div>\n<\/div>\n<\/div>\n<\/div>\n<div class=\"divider one\">&nbsp;<\/div>\n<div  class=\"one ppb_card_two_cols_with_image\" style=\"position:relative;padding:40px 0 40px 0;\" >\n<div class=\"standard_wrapper\">\n<div class=\"page_content_wrapper wide\">\n<div class=\"inner\">\n<div class=\"one_half parallax_scroll_image\" style=\"width:60%;\">\n<div class=\"image_classic_frame expand\">\n<div class=\"image_wrapper\"><img decoding=\"async\" src=\"http:\/\/balance-valamar.com\/wp-content\/uploads\/2020\/05\/philosophy_inspired-by-mediterranean.jpg\" alt=\"\" class=\"portfolio_img\"\/><\/div>\n<\/div>\n<\/div>\n<div class=\"one_half last parallax_scroll parallax_text\" style=\"width:40%;position:absolute;padding:40px;background:#fff;\" data-stellar-ratio=\"1.3\">\n<h2 class=\"ppb_title\" style=\"\">INSPIRIRAN MEDITERANOM<\/h2>\n<div class=\"ppb_header_content\">\n<p>U ambijentu pro\u017eetom mirisima su\u0161enog bilja i agruma, umiruju\u0107im tonovima i melodijom mora i mediteranske prirode prona\u0111ite svoj unutarnji mir. Prepustite se pa\u017eljivo osmi\u0161ljenim tretmanima i ritualima na bazi ljekovitog jadranskog bilja koji \u0107e va\u0161em tijelu i duhu podariti neodoljivu lako\u0107u postojanja na Mediteranu.<\/p>\n<\/div>\n<\/div>\n<p><br class=\"clear\"\/><\/div>\n<\/div>\n<\/div>\n<\/div>\n<\/div>\n<div  class=\"one ppb_card_two_cols_with_image\" style=\"position:relative;padding:40px 0 40px 0;\" >\n<div class=\"standard_wrapper\">\n<div class=\"page_content_wrapper wide\">\n<div class=\"inner\">\n<div class=\"one_half parallax_scroll parallax_text\" style=\"width:40%;position:absolute;padding:40px;z-index:2;block !important;background:#fff;\" data-stellar-ratio=\"1.3\">\n<h2 class=\"ppb_title\" style=\"\">ORGANSKA KOZMETIKA<\/h2>\n<div class=\"ppb_header_content\">\n<p>U tretmanima lica i tijela koristimo vrhunske linije organske kozmetike lokalnih i svjetskih proizvo\u0111a\u010da proiza\u0161le Iz velikodu\u0161ne mediteranske prirode. Za vas biramo samo prirodna i u\u010dinkovita ulja, kreme i preparate, zdrave za tijelo ali i za okoli\u0161.<\/p>\n<\/div>\n<\/div>\n<div class=\"one_half parallax_scroll_image last\" style=\"width:60%;\">\n<div class=\"image_classic_frame expand\">\n<div class=\"image_wrapper\"><img decoding=\"async\" src=\"http:\/\/balance-valamar.com\/wp-content\/uploads\/2020\/05\/philosophy_organic-cosmetics.jpg\" alt=\"\" class=\"portfolio_img\"\/><\/div>\n<\/div>\n<\/div>\n<p><br class=\"clear\"\/><\/div>\n<\/div>\n<\/div>\n<\/div>\n<\/div>\n<div  class=\"one ppb_card_two_cols_with_image\" style=\"position:relative;padding:40px 0 40px 0;\" >\n<div class=\"standard_wrapper\">\n<div class=\"page_content_wrapper wide\">\n<div class=\"inner\">\n<div class=\"one_half parallax_scroll_image\" style=\"width:60%;\">\n<div class=\"image_classic_frame expand\">\n<div class=\"image_wrapper\"><img decoding=\"async\" src=\"http:\/\/balance-valamar.com\/wp-content\/uploads\/2020\/05\/philosoph_signature-treatments.jpg\" alt=\"\" class=\"portfolio_img\"\/><\/div>\n<\/div>\n<\/div>\n<div class=\"one_half last parallax_scroll parallax_text\" style=\"width:40%;position:absolute;padding:40px;background:#fff;\" data-stellar-ratio=\"1.3\">\n<h2 class=\"ppb_title\" style=\"\">TRETMANI I RITUALI S POTPISOM<\/h2>\n<div class=\"ppb_header_content\">\n<p>Kroz na\u0161u paletu najsuvremenijih Balance Mediterranean Spa tretmana i rituala za energizaciju i potpuno opu\u0161tanje osjetit \u0107ete istinsku ljepotu \u017eivljenja na Mediteranu. <\/p>\n<\/div>\n<\/div>\n<p><br class=\"clear\"\/><\/div>\n<\/div>\n<\/div>\n<\/div>\n<\/div>\n<div  class=\"one ppb_card_two_cols_with_image\" style=\"position:relative;padding:40px 0 40px 0;\" >\n<div class=\"standard_wrapper\">\n<div class=\"page_content_wrapper wide\">\n<div class=\"inner\">\n<div class=\"one_half parallax_scroll parallax_text\" style=\"width:40%;position:absolute;padding:40px;z-index:2;block !important;background:#fff;\" data-stellar-ratio=\"1.3\">\n<h2 class=\"ppb_title\" style=\"\">SPA SADR\u017dAJI NAJVI\u0160EG STANDARDA<\/h2>\n<div class=\"ppb_header_content\">\n<p>Nadahnuti mediteranskim pejza\u017eima i prirodnim materijalima, sadr\u017eaji Balance Mediterranean Spa nikoga ne ostavljaju ravnodu\u0161nim. Od najsuvremenijih sauna i kupki do elegantnih vanjskih paviljona za masa\u017eu na otvorenom, sve je osmi\u0161ljeno za prvoklasni wellness u\u017eitak.<\/p>\n<\/div>\n<\/div>\n<div class=\"one_half parallax_scroll_image last\" style=\"width:60%;\">\n<div class=\"image_classic_frame expand\">\n<div class=\"image_wrapper\"><img decoding=\"async\" src=\"http:\/\/balance-valamar.com\/wp-content\/uploads\/2020\/05\/philosopy_spa-services.jpg\" alt=\"\" class=\"portfolio_img\"\/><\/div>\n<\/div>\n<\/div>\n<p><br class=\"clear\"\/><\/div>\n<\/div>\n<\/div>\n<\/div>\n<\/div>\n<div  class=\"one ppb_card_two_cols_with_image\" style=\"position:relative;padding:40px 0 40px 0;\" >\n<div class=\"standard_wrapper\">\n<div class=\"page_content_wrapper wide\">\n<div class=\"inner\">\n<div class=\"one_half parallax_scroll_image\" style=\"width:60%;\">\n<div class=\"image_classic_frame expand\">\n<div class=\"image_wrapper\"><img decoding=\"async\" src=\"http:\/\/balance-valamar.com\/wp-content\/uploads\/2020\/05\/philosophy_organic-bar.jpg\" alt=\"\" class=\"portfolio_img\"\/><\/div>\n<\/div>\n<\/div>\n<div class=\"one_half last parallax_scroll parallax_text\" style=\"width:40%;position:absolute;padding:40px;background:#fff;\" data-stellar-ratio=\"1.3\">\n<h2 class=\"ppb_title\" style=\"\">VITALITY MEDITERRANEAN BAR<\/h2>\n<div class=\"ppb_header_content\">\n<p>U\u017eivajte u fantasti\u010dnom ugo\u0111aju na\u0161ih centara, a u pauzi izme\u0111u tretmana okrijepite se smoothiejem, \u010dajem ili prirodnim sokom u kombinaciji s finim ora\u0161astim plodovima u Vitality Mediterranean Baru. <\/p>\n<\/div>\n<\/div>\n<p><br class=\"clear\"\/><\/div>\n<\/div>\n<\/div>\n<\/div>\n<\/div>\n<div class=\"divider one\">&nbsp;<\/div>\n","protected":false},"excerpt":{"rendered":"<p>&nbsp; Spajaju\u0107i mediteransko naslije\u0111e s ljekovitim svojstvima autohtonih biljaka, Valamar je stvorio Balance Mediterranean Spa, wellness oazu koja obnavlja, pomla\u0111uje i opu\u0161ta. &nbsp; INSPIRIRAN MEDITERANOM U ambijentu pro\u017eetom mirisima su\u0161enog bilja i agruma, umiruju\u0107im tonovima i melodijom mora i mediteranske [&hellip;]<\/p>\n","protected":false},"author":1,"featured_media":4309,"parent":0,"menu_order":0,"comment_status":"closed","ping_status":"closed","template":"","meta":{"footnotes":""},"class_list":["post-4126","page","type-page","status-publish","has-post-thumbnail","hentry"],"yoast_head":"<!-- This site is optimized with the Yoast SEO plugin v27.3 - https:\/\/yoast.com\/product\/yoast-seo-wordpress\/ -->\n<title>Filozofija | Balance by Valamar<\/title>\n<meta name=\"description\" content=\"Spajaju\u0107i mediteransko naslije\u0111e s ljekovitim svojstvima autohtonih biljaka, Valamar je stvorio Balance Mediterranean Spa, wellness oazu koja obnavlja...\" \/>\n<meta name=\"robots\" content=\"index, follow, max-snippet:-1, max-image-preview:large, max-video-preview:-1\" \/>\n<link rel=\"canonical\" href=\"https:\/\/balance-valamar.com\/hr\/philosophy\/\" \/>\n<meta property=\"og:locale\" content=\"hr_HR\" \/>\n<meta property=\"og:type\" content=\"article\" \/>\n<meta property=\"og:title\" content=\"Filozofija | Balance by Valamar\" \/>\n<meta property=\"og:description\" content=\"Spajaju\u0107i mediteransko naslije\u0111e s ljekovitim svojstvima autohtonih biljaka, Valamar je stvorio Balance Mediterranean Spa, wellness oazu koja obnavlja...\" \/>\n<meta property=\"og:url\" content=\"https:\/\/balance-valamar.com\/hr\/philosophy\/\" \/>\n<meta property=\"og:site_name\" content=\"Balance by Valamar\" \/>\n<meta property=\"article:modified_time\" content=\"2024-05-28T11:02:23+00:00\" \/>\n<meta property=\"og:image\" content=\"https:\/\/balance-valamar.com\/wp-content\/uploads\/2020\/05\/philosophy_header.jpg\" \/>\n\t<meta property=\"og:image:width\" content=\"1920\" \/>\n\t<meta property=\"og:image:height\" content=\"1440\" \/>\n\t<meta property=\"og:image:type\" content=\"image\/jpeg\" \/>\n<meta name=\"twitter:card\" content=\"summary_large_image\" \/>\n<meta name=\"twitter:label1\" content=\"Procijenjeno vrijeme \u010ditanja\" \/>\n\t<meta name=\"twitter:data1\" content=\"3 minute\" \/>\n<script type=\"application\/ld+json\" class=\"yoast-schema-graph\">{\"@context\":\"https:\\\/\\\/schema.org\",\"@graph\":[{\"@type\":\"WebPage\",\"@id\":\"https:\\\/\\\/balance-valamar.com\\\/hr\\\/philosophy\\\/\",\"url\":\"https:\\\/\\\/balance-valamar.com\\\/hr\\\/philosophy\\\/\",\"name\":\"Filozofija | Balance by Valamar\",\"isPartOf\":{\"@id\":\"https:\\\/\\\/balance-valamar.com\\\/#website\"},\"primaryImageOfPage\":{\"@id\":\"https:\\\/\\\/balance-valamar.com\\\/hr\\\/philosophy\\\/#primaryimage\"},\"image\":{\"@id\":\"https:\\\/\\\/balance-valamar.com\\\/hr\\\/philosophy\\\/#primaryimage\"},\"thumbnailUrl\":\"https:\\\/\\\/balance-valamar.com\\\/wp-content\\\/uploads\\\/2020\\\/05\\\/philosophy_header.jpg\",\"datePublished\":\"2020-02-26T12:37:02+00:00\",\"dateModified\":\"2024-05-28T11:02:23+00:00\",\"description\":\"Spajaju\u0107i mediteransko naslije\u0111e s ljekovitim svojstvima autohtonih biljaka, Valamar je stvorio Balance Mediterranean Spa, wellness oazu koja obnavlja...\",\"breadcrumb\":{\"@id\":\"https:\\\/\\\/balance-valamar.com\\\/hr\\\/philosophy\\\/#breadcrumb\"},\"inLanguage\":\"hr\",\"potentialAction\":[{\"@type\":\"ReadAction\",\"target\":[\"https:\\\/\\\/balance-valamar.com\\\/hr\\\/philosophy\\\/\"]}]},{\"@type\":\"ImageObject\",\"inLanguage\":\"hr\",\"@id\":\"https:\\\/\\\/balance-valamar.com\\\/hr\\\/philosophy\\\/#primaryimage\",\"url\":\"https:\\\/\\\/balance-valamar.com\\\/wp-content\\\/uploads\\\/2020\\\/05\\\/philosophy_header.jpg\",\"contentUrl\":\"https:\\\/\\\/balance-valamar.com\\\/wp-content\\\/uploads\\\/2020\\\/05\\\/philosophy_header.jpg\",\"width\":1920,\"height\":1440,\"caption\":\"Balance Valamar\"},{\"@type\":\"BreadcrumbList\",\"@id\":\"https:\\\/\\\/balance-valamar.com\\\/hr\\\/philosophy\\\/#breadcrumb\",\"itemListElement\":[{\"@type\":\"ListItem\",\"position\":1,\"name\":\"Home\",\"item\":\"https:\\\/\\\/balance-valamar.com\\\/hr\\\/\"},{\"@type\":\"ListItem\",\"position\":2,\"name\":\"Filozofija\"}]},{\"@type\":\"WebSite\",\"@id\":\"https:\\\/\\\/balance-valamar.com\\\/#website\",\"url\":\"https:\\\/\\\/balance-valamar.com\\\/\",\"name\":\"Balance by Valamar\",\"description\":\"Mediterranean Spa by Valamar\",\"publisher\":{\"@id\":\"https:\\\/\\\/balance-valamar.com\\\/#organization\"},\"potentialAction\":[{\"@type\":\"SearchAction\",\"target\":{\"@type\":\"EntryPoint\",\"urlTemplate\":\"https:\\\/\\\/balance-valamar.com\\\/?s={search_term_string}\"},\"query-input\":{\"@type\":\"PropertyValueSpecification\",\"valueRequired\":true,\"valueName\":\"search_term_string\"}}],\"inLanguage\":\"hr\"},{\"@type\":\"Organization\",\"@id\":\"https:\\\/\\\/balance-valamar.com\\\/#organization\",\"name\":\"Balance by Valamar\",\"url\":\"https:\\\/\\\/balance-valamar.com\\\/\",\"logo\":{\"@type\":\"ImageObject\",\"inLanguage\":\"hr\",\"@id\":\"https:\\\/\\\/balance-valamar.com\\\/#\\\/schema\\\/logo\\\/image\\\/\",\"url\":\"https:\\\/\\\/balance-valamar.com\\\/wp-content\\\/uploads\\\/2020\\\/02\\\/logoi.jpg\",\"contentUrl\":\"https:\\\/\\\/balance-valamar.com\\\/wp-content\\\/uploads\\\/2020\\\/02\\\/logoi.jpg\",\"width\":321,\"height\":321,\"caption\":\"Balance by Valamar\"},\"image\":{\"@id\":\"https:\\\/\\\/balance-valamar.com\\\/#\\\/schema\\\/logo\\\/image\\\/\"}}]}<\/script>\n<!-- \/ Yoast SEO plugin. -->","yoast_head_json":{"title":"Filozofija | Balance by Valamar","description":"Spajaju\u0107i mediteransko naslije\u0111e s ljekovitim svojstvima autohtonih biljaka, Valamar je stvorio Balance Mediterranean Spa, wellness oazu koja obnavlja...","robots":{"index":"index","follow":"follow","max-snippet":"max-snippet:-1","max-image-preview":"max-image-preview:large","max-video-preview":"max-video-preview:-1"},"canonical":"https:\/\/balance-valamar.com\/hr\/philosophy\/","og_locale":"hr_HR","og_type":"article","og_title":"Filozofija | Balance by Valamar","og_description":"Spajaju\u0107i mediteransko naslije\u0111e s ljekovitim svojstvima autohtonih biljaka, Valamar je stvorio Balance Mediterranean Spa, wellness oazu koja obnavlja...","og_url":"https:\/\/balance-valamar.com\/hr\/philosophy\/","og_site_name":"Balance by Valamar","article_modified_time":"2024-05-28T11:02:23+00:00","og_image":[{"width":1920,"height":1440,"url":"https:\/\/balance-valamar.com\/wp-content\/uploads\/2020\/05\/philosophy_header.jpg","type":"image\/jpeg"}],"twitter_card":"summary_large_image","twitter_misc":{"Procijenjeno vrijeme \u010ditanja":"3 minute"},"schema":{"@context":"https:\/\/schema.org","@graph":[{"@type":"WebPage","@id":"https:\/\/balance-valamar.com\/hr\/philosophy\/","url":"https:\/\/balance-valamar.com\/hr\/philosophy\/","name":"Filozofija | Balance by Valamar","isPartOf":{"@id":"https:\/\/balance-valamar.com\/#website"},"primaryImageOfPage":{"@id":"https:\/\/balance-valamar.com\/hr\/philosophy\/#primaryimage"},"image":{"@id":"https:\/\/balance-valamar.com\/hr\/philosophy\/#primaryimage"},"thumbnailUrl":"https:\/\/balance-valamar.com\/wp-content\/uploads\/2020\/05\/philosophy_header.jpg","datePublished":"2020-02-26T12:37:02+00:00","dateModified":"2024-05-28T11:02:23+00:00","description":"Spajaju\u0107i mediteransko naslije\u0111e s ljekovitim svojstvima autohtonih biljaka, Valamar je stvorio Balance Mediterranean Spa, wellness oazu koja obnavlja...","breadcrumb":{"@id":"https:\/\/balance-valamar.com\/hr\/philosophy\/#breadcrumb"},"inLanguage":"hr","potentialAction":[{"@type":"ReadAction","target":["https:\/\/balance-valamar.com\/hr\/philosophy\/"]}]},{"@type":"ImageObject","inLanguage":"hr","@id":"https:\/\/balance-valamar.com\/hr\/philosophy\/#primaryimage","url":"https:\/\/balance-valamar.com\/wp-content\/uploads\/2020\/05\/philosophy_header.jpg","contentUrl":"https:\/\/balance-valamar.com\/wp-content\/uploads\/2020\/05\/philosophy_header.jpg","width":1920,"height":1440,"caption":"Balance Valamar"},{"@type":"BreadcrumbList","@id":"https:\/\/balance-valamar.com\/hr\/philosophy\/#breadcrumb","itemListElement":[{"@type":"ListItem","position":1,"name":"Home","item":"https:\/\/balance-valamar.com\/hr\/"},{"@type":"ListItem","position":2,"name":"Filozofija"}]},{"@type":"WebSite","@id":"https:\/\/balance-valamar.com\/#website","url":"https:\/\/balance-valamar.com\/","name":"Balance by Valamar","description":"Mediterranean Spa by Valamar","publisher":{"@id":"https:\/\/balance-valamar.com\/#organization"},"potentialAction":[{"@type":"SearchAction","target":{"@type":"EntryPoint","urlTemplate":"https:\/\/balance-valamar.com\/?s={search_term_string}"},"query-input":{"@type":"PropertyValueSpecification","valueRequired":true,"valueName":"search_term_string"}}],"inLanguage":"hr"},{"@type":"Organization","@id":"https:\/\/balance-valamar.com\/#organization","name":"Balance by Valamar","url":"https:\/\/balance-valamar.com\/","logo":{"@type":"ImageObject","inLanguage":"hr","@id":"https:\/\/balance-valamar.com\/#\/schema\/logo\/image\/","url":"https:\/\/balance-valamar.com\/wp-content\/uploads\/2020\/02\/logoi.jpg","contentUrl":"https:\/\/balance-valamar.com\/wp-content\/uploads\/2020\/02\/logoi.jpg","width":321,"height":321,"caption":"Balance by Valamar"},"image":{"@id":"https:\/\/balance-valamar.com\/#\/schema\/logo\/image\/"}}]}},"_links":{"self":[{"href":"https:\/\/balance-valamar.com\/hr\/wp-json\/wp\/v2\/pages\/4126","targetHints":{"allow":["GET"]}}],"collection":[{"href":"https:\/\/balance-valamar.com\/hr\/wp-json\/wp\/v2\/pages"}],"about":[{"href":"https:\/\/balance-valamar.com\/hr\/wp-json\/wp\/v2\/types\/page"}],"author":[{"embeddable":true,"href":"https:\/\/balance-valamar.com\/hr\/wp-json\/wp\/v2\/users\/1"}],"replies":[{"embeddable":true,"href":"https:\/\/balance-valamar.com\/hr\/wp-json\/wp\/v2\/comments?post=4126"}],"version-history":[{"count":8,"href":"https:\/\/balance-valamar.com\/hr\/wp-json\/wp\/v2\/pages\/4126\/revisions"}],"predecessor-version":[{"id":5398,"href":"https:\/\/balance-valamar.com\/hr\/wp-json\/wp\/v2\/pages\/4126\/revisions\/5398"}],"wp:featuredmedia":[{"embeddable":true,"href":"https:\/\/balance-valamar.com\/hr\/wp-json\/wp\/v2\/media\/4309"}],"wp:attachment":[{"href":"https:\/\/balance-valamar.com\/hr\/wp-json\/wp\/v2\/media?parent=4126"}],"curies":[{"name":"wp","href":"https:\/\/api.w.org\/{rel}","templated":true}]}}