{"id":4118,"date":"2017-06-08T09:34:41","date_gmt":"2017-06-08T09:34:41","guid":{"rendered":"http:\/\/balance-valamar.com\/home-1-spa\/"},"modified":"2024-10-16T08:49:11","modified_gmt":"2024-10-16T08:49:11","slug":"home-1-spa","status":"publish","type":"page","link":"https:\/\/balance-valamar.com\/hr\/","title":{"rendered":"Po\u010detna"},"content":{"rendered":"<div  class=\"one fullwidth \">\n\t\t\t<!-- START Home 1 Slider HR REVOLUTION SLIDER 6.1.5 --><\/p>\n<p class=\"rs-p-wp-fix\">\n<p>\t\t\t<rs-module-wrap id=\"rev_slider_16_1_wrapper\" data-alias=\"home-1-slider-1\" data-source=\"gallery\" style=\"background:#000000;padding:0;margin:0px auto;margin-top:0;margin-bottom:0;\"><br \/>\n\t\t\t\t<rs-module id=\"rev_slider_16_1\" style=\"display:none;\" data-version=\"6.1.5\"><br \/>\n\t\t\t\t\t<rs-slides><br \/>\n\t\t\t\t\t\t<rs-slide data-key=\"rs-44\" data-title=\"Slide\" data-anim=\"ei:d;eo:d;s:600;r:0;t:fade;sl:d;\"><br \/>\n\t\t\t\t\t\t\t<img loading=\"lazy\" decoding=\"async\" src=\"\/\/balance-valamar.com\/wp-content\/uploads\/2020\/05\/home_carousel-foto-1-2.jpg\" alt=\"home_carousel-foto-1-2\" title=\"home_carousel-foto-1-(2)\" width=\"1920\" height=\"1056\" data-panzoom=\"d:11000;ss:100;se:140;\" class=\"rev-slidebg\" data-no-retina><br \/>\n<!--\n\t\t\t\t\t\t\t--><rs-layer\n\t\t\t\t\t\t\t\tid=\"slider-16-slide-44-layer-2\" \n\t\t\t\t\t\t\t\tdata-type=\"text\"\n\t\t\t\t\t\t\t\tdata-color=\"rgba(255, 255, 255, 1)\"\n\t\t\t\t\t\t\t\tdata-rsp_ch=\"on\"\n\t\t\t\t\t\t\t\tdata-xy=\"x:c;y:c;\"\n\t\t\t\t\t\t\t\tdata-text=\"s:50;l:22;ls:-1px;fw:300;a:inherit;\"\n\t\t\t\t\t\t\t\tdata-frame_0=\"sX:0.8;sY:0.8;tp:600;blu:10px;\"\n\t\t\t\t\t\t\t\tdata-frame_1=\"tp:600;e:Power4.easeOut;st:1000;sp:1500;sR:1000;\"\n\t\t\t\t\t\t\t\tdata-frame_999=\"o:0;tp:600;st:w;sp:1500;sR:6500;\"\n\t\t\t\t\t\t\t\tstyle=\"z-index:6;font-family:Rubik;\"\n\t\t\t\t\t\t\t>Inspiriran Mediteranom<br \/>\n\t\t\t\t\t\t\t<\/rs-layer><!--\n-->\t\t\t\t\t\t<\/rs-slide><br \/>\n\t\t\t\t\t\t<rs-slide data-key=\"rs-45\" data-title=\"Slide\" data-anim=\"ei:d;eo:d;s:600;r:0;t:fade;sl:d;\"><br \/>\n\t\t\t\t\t\t\t<img loading=\"lazy\" decoding=\"async\" src=\"\/\/balance-valamar.com\/wp-content\/uploads\/2020\/12\/Homepage_MediterraneanWayOfLife-1-scaled.jpg\" alt=\"Homepage_MediterraneanWayOfLife-1-scaled\" title=\"Homepage_MediterraneanWayOfLife\" width=\"2560\" height=\"1707\" data-panzoom=\"d:11000;ss:140;se:100;\" class=\"rev-slidebg\" data-no-retina><br \/>\n<!--\n\t\t\t\t\t\t\t--><rs-layer\n\t\t\t\t\t\t\t\tid=\"slider-16-slide-45-layer-1\" \n\t\t\t\t\t\t\t\tdata-type=\"text\"\n\t\t\t\t\t\t\t\tdata-color=\"#ffffff\"\n\t\t\t\t\t\t\t\tdata-rsp_ch=\"on\"\n\t\t\t\t\t\t\t\tdata-xy=\"x:c;xo:-1px;y:c;yo:12px;\"\n\t\t\t\t\t\t\t\tdata-text=\"s:36;l:22;ls:-1px;fw:300;a:inherit;\"\n\t\t\t\t\t\t\t\tdata-frame_0=\"sX:0.8;sY:0.8;tp:600;blu:10px;\"\n\t\t\t\t\t\t\t\tdata-frame_1=\"tp:600;e:Power4.easeOut;st:1000;sp:1500;sR:1000;\"\n\t\t\t\t\t\t\t\tdata-frame_999=\"o:0;tp:600;st:w;sp:1500;sR:6500;\"\n\t\t\t\t\t\t\t\tstyle=\"z-index:5;font-family:Rubik;\"\n\t\t\t\t\t\t\t>zapisana u na\u0161im tretmanima i ritualima<br \/>\n\t\t\t\t\t\t\t<\/rs-layer><!--\n\n\t\t\t\t\t\t\t--><rs-layer\n\t\t\t\t\t\t\t\tid=\"slider-16-slide-45-layer-2\" \n\t\t\t\t\t\t\t\tdata-type=\"text\"\n\t\t\t\t\t\t\t\tdata-color=\"rgba(255, 255, 255, 1)\"\n\t\t\t\t\t\t\t\tdata-rsp_ch=\"on\"\n\t\t\t\t\t\t\t\tdata-xy=\"x:c;y:c;yo:-51px;\"\n\t\t\t\t\t\t\t\tdata-text=\"s:60;l:22;ls:-1px;a:inherit;\"\n\t\t\t\t\t\t\t\tdata-frame_0=\"sX:0.8;sY:0.8;tp:600;blu:10px;\"\n\t\t\t\t\t\t\t\tdata-frame_1=\"tp:600;e:Power4.easeOut;st:1000;sp:1500;sR:1000;\"\n\t\t\t\t\t\t\t\tdata-frame_999=\"o:0;tp:600;st:w;sp:1500;sR:6500;\"\n\t\t\t\t\t\t\t\tstyle=\"z-index:6;font-family:Nothing You Could Do;\"\n\t\t\t\t\t\t\t>Filozofija kvalitetnog i opu&#353;tenog \u017eivota<br \/>\n\t\t\t\t\t\t\t<\/rs-layer><!--\n-->\t\t\t\t\t\t<\/rs-slide><br \/>\n\t\t\t\t\t\t<rs-slide data-key=\"rs-46\" data-title=\"Slide\" data-anim=\"ei:d;eo:d;s:600;r:0;t:fade;sl:d;\"><br \/>\n\t\t\t\t\t\t\t<img loading=\"lazy\" decoding=\"async\" src=\"\/\/balance-valamar.com\/wp-content\/uploads\/2020\/12\/Homepage_Relaxation-scaled.jpg\" alt=\"Homepage_Relaxation-scaled\" title=\"Homepage_Relaxation\" width=\"2560\" height=\"1825\" data-panzoom=\"d:11000;ss:140;se:100;bs:10;os:150\/0;\" class=\"rev-slidebg\" data-no-retina><br \/>\n<!--\n\t\t\t\t\t\t\t--><rs-layer\n\t\t\t\t\t\t\t\tid=\"slider-16-slide-46-layer-1\" \n\t\t\t\t\t\t\t\tdata-type=\"text\"\n\t\t\t\t\t\t\t\tdata-color=\"#ffffff\"\n\t\t\t\t\t\t\t\tdata-rsp_ch=\"on\"\n\t\t\t\t\t\t\t\tdata-xy=\"x:c;y:c;yo:30px;\"\n\t\t\t\t\t\t\t\tdata-text=\"s:36;l:22;ls:-1px;fw:300;a:inherit;\"\n\t\t\t\t\t\t\t\tdata-frame_0=\"sX:0.8;sY:0.8;tp:600;blu:10px;\"\n\t\t\t\t\t\t\t\tdata-frame_1=\"tp:600;e:Power4.easeOut;st:1000;sp:1500;sR:1000;\"\n\t\t\t\t\t\t\t\tdata-frame_999=\"o:0;tp:600;st:w;sp:1500;sR:6500;\"\n\t\t\t\t\t\t\t\tstyle=\"z-index:8;font-family:Rubik;\"\n\t\t\t\t\t\t\t>Mir. Obnova. Potpuno opu\u0161tanje.<br \/>\n\t\t\t\t\t\t\t<\/rs-layer><!--\n\n\t\t\t\t\t\t\t--><rs-layer\n\t\t\t\t\t\t\t\tid=\"slider-16-slide-46-layer-2\" \n\t\t\t\t\t\t\t\tdata-type=\"text\"\n\t\t\t\t\t\t\t\tdata-color=\"rgba(255, 255, 255, 1)\"\n\t\t\t\t\t\t\t\tdata-rsp_ch=\"on\"\n\t\t\t\t\t\t\t\tdata-xy=\"x:c;y:c;yo:-25px;\"\n\t\t\t\t\t\t\t\tdata-text=\"s:60;l:22;ls:-1px;a:inherit;\"\n\t\t\t\t\t\t\t\tdata-frame_0=\"sX:0.8;sY:0.8;tp:600;blu:10px;\"\n\t\t\t\t\t\t\t\tdata-frame_1=\"tp:600;e:Power4.easeInOut;st:1000;sp:1500;sR:1000;\"\n\t\t\t\t\t\t\t\tdata-frame_999=\"o:0;tp:600;st:w;sp:1500;sR:6500;\"\n\t\t\t\t\t\t\t\tstyle=\"z-index:9;font-family:Nothing You Could Do;\"\n\t\t\t\t\t\t\t>Wellness oaza<br \/>\n\t\t\t\t\t\t\t<\/rs-layer><!--\n-->\t\t\t\t\t\t<\/rs-slide><br \/>\n\t\t\t\t\t<\/rs-slides><br \/>\n\t\t\t\t\t<rs-progress class=\"rs-bottom\" style=\"visibility: hidden !important;\"><\/rs-progress><br \/>\n\t\t\t\t<\/rs-module><br \/>\n\t\t\t\t<script type=\"text\/javascript\">\n\t\t\t\t\tsetREVStartSize({c: 'rev_slider_16_1',rl:[1240,1024,778,480],el:[800],gw:[1240],gh:[800],layout:'fullwidth',mh:\"0\"});\n\t\t\t\t\tvar\trevapi16,\n\t\t\t\t\t\ttpj;\n\t\t\t\t\tjQuery(function() {\n\t\t\t\t\t\ttpj = jQuery;\n\t\t\t\t\t\tif(tpj(\"#rev_slider_16_1\").revolution == undefined){\n\t\t\t\t\t\t\trevslider_showDoubleJqueryError(\"#rev_slider_16_1\");\n\t\t\t\t\t\t}else{\n\t\t\t\t\t\t\trevapi16 = tpj(\"#rev_slider_16_1\").show().revolution({\n\t\t\t\t\t\t\t\tjsFileLocation:\"\/\/balance-valamar.com\/wp-content\/plugins\/revslider\/public\/assets\/js\/\",\n\t\t\t\t\t\t\t\tsliderLayout:\"fullwidth\",\n\t\t\t\t\t\t\t\tvisibilityLevels:\"1240,1024,778,480\",\n\t\t\t\t\t\t\t\tgridwidth:1240,\n\t\t\t\t\t\t\t\tgridheight:800,\n\t\t\t\t\t\t\t\tminHeight:\"\",\n\t\t\t\t\t\t\t\tspinner:\"spinner3\",\n\t\t\t\t\t\t\t\teditorheight:\"800,768,960,720\",\n\t\t\t\t\t\t\t\tresponsiveLevels:\"1240,1024,778,480\",\n\t\t\t\t\t\t\t\tdisableProgressBar:\"on\",\n\t\t\t\t\t\t\t\tnavigation: {\n\t\t\t\t\t\t\t\t\tonHoverStop:false\n\t\t\t\t\t\t\t\t},\n\t\t\t\t\t\t\t\tfallbacks: {\n\t\t\t\t\t\t\t\t\tallowHTML5AutoPlayOnAndroid:true\n\t\t\t\t\t\t\t\t},\n\t\t\t\t\t\t\t});\n\t\t\t\t\t\t}<\/p>\n<p>\t\t\t\t\t});\n\t\t\t\t<\/script><\/p>\n<style type=\"text\/css\">\t#rev_slider_16_1_wrapper rs-loader.spinner3 div { background-color: #efa697 !important; } <\/style>\n<p>\t\t\t<\/rs-module-wrap><br \/>\n\t\t\t<!-- END REVOLUTION SLIDER -->\n<\/div>\n<div  class=\"one ppb_card_two_cols_with_image\" style=\"position:relative;padding:40px 0 40px 0;margin-bottom:60px;\" >\n<div class=\"standard_wrapper\">\n<div class=\"page_content_wrapper wide\">\n<div class=\"inner\">\n<div class=\"one_half parallax_scroll parallax_text\" style=\"width:40%;position:absolute;padding:40px;z-index:2;block !important;background:#fff;\" data-stellar-ratio=\"1.3\">\n<div class=\"ppb_header_content\">\n<h1>BALANCE Mediterranean Spa by Valamar<\/h1>\n<p>Spajaju\u0107i mediteransko naslije\u0111e s ljekovitim svojstvima autohtonih biljaka, Valamar je stvorio Balance Mediterranean Spa, wellness oazu koja obnavlja, pomla\u0111uje i opu\u0161ta.  <\/p>\n<p><a class=\"readmore\" href=\"\/hr\/philosophy\">Na\u0161a filozofija<\/a><\/p>\n<\/div>\n<\/div>\n<div class=\"one_half parallax_scroll_image last\" style=\"width:65%;\">\n<div class=\"image_classic_frame expand\">\n<div class=\"image_wrapper\"><img decoding=\"async\" src=\"http:\/\/balance-valamar.com\/wp-content\/uploads\/2020\/02\/shutterstock_396073183.jpg\" alt=\"\" class=\"portfolio_img\"\/><\/div>\n<\/div>\n<\/div>\n<p><br class=\"clear\"\/><\/div>\n<\/div>\n<\/div>\n<\/div>\n<\/div>\n<div  class=\"one withsmallpadding ppb_header parallax withbg \" style=\"background-image:url(https:\/\/balance-valamar.com\/wp-content\/uploads\/2020\/05\/shutterstock_2760611361.jpg);background-position: center top;text-align:center;padding:250px 0 250px 0;color:#ffffff;margin-bottom:60px;\" >\n<div class=\"overlay_background\" style=\"background:#000000;background:rgb(0,0,0,0.3);background:rgba(0,0,0,0.3);\"><\/div>\n<div class=\"standard_wrapper\">\n<div class=\"page_content_wrapper wide\">\n<div class=\"inner\">\n<div style=\"margin:auto;width:100%\">\n<h2 class=\"ppb_title\" style=\"color:#ffffff;\">Uronite svoja osjetila u privatno uto\u010di\u0161te mira i ti\u0161ine.<\/h2>\n<\/div>\n<\/div>\n<\/div>\n<\/div>\n<\/div>\n<div  class=\"one withsmallpadding ppb_header \" style=\"text-align:center;padding:40px 0 40px 0;\" >\n<div class=\"standard_wrapper\">\n<div class=\"page_content_wrapper wide\">\n<div class=\"inner\">\n<div style=\"margin:auto;width:100%\">\n<h2 class=\"ppb_title\" style=\"\">Destinacije<\/h2>\n<div class=\"page_tagline\" style=\"\">OTKRIJTE TAJNE MEDITERANA NA JEDNOJ OD NA\u0160IH LOKACIJA<\/div>\n<\/div>\n<\/div>\n<\/div>\n<\/div>\n<\/div>\n<div class=\"standard_wrapper\">\n<div class=\"one withsmallpadding ppb_line_divider\"  style=\"text-align:center;padding:0px 0 0px 0;margin-bottom:40px;\" >\n<div class=\"page_content_wrapper wide\">\n<div class=\"inner\">\n<div class=\"line_divider_border\" style=\"width:100px;\"><\/div>\n<div class=\"line_divider_seperator\"><i class=\"fa fa-leaf\" style=\"color:#efa697;\"><\/i><\/div>\n<div class=\"line_divider_border\" style=\"width:100px;\"><\/div>\n<\/div>\n<\/div>\n<\/div>\n<\/div>\n<div class=\"divider one\">&nbsp;<\/div>\n<div class=\"standard_wrapper\">\n<div  class=\"ppb_image_boxed one_third\" style=\"margin-bottom:20px;\" >\n<div class=\"page_content_wrapper wide\">\n<div class=\"inner\">\n<div class=\"image_boxed_wrapper theme_radius\" style=\"text-align:center;>&#8220;><img decoding=\"async\" src=\"https:\/\/balance-valamar.com\/wp-content\/uploads\/2020\/05\/home_destinations_Istrria_Porec-1-1.jpg\" alt=\"Mediterranean Spa by Valamar\"\/><\/p>\n<div class=\"image_boxed_content\" style=\"padding:30px;\">\n<h3>Istra, Pore\u010d<\/h3>\n<p>Anti\u010dki grad Pore\u010d, jedno od najpopularnijih turisti\u010dkih odredi\u0161ta u Hrvatskoj, nudi najbogatiji izbor autenti\u010dnih wellness do\u017eivljaja inspiriranih Mediteranom.<\/p>\n<p><a class=\"readmore\" href=\"\/hr\/istria-porec\">Istra\u017ei<\/a><\/p>\n<\/div>\n<\/div>\n<\/div>\n<\/div>\n<\/div>\n<\/div>\n<div class=\"standard_wrapper\">\n<div  class=\"ppb_image_boxed one_third\" style=\"margin-bottom:20px;\" >\n<div class=\"page_content_wrapper wide\">\n<div class=\"inner\">\n<div class=\"image_boxed_wrapper theme_radius\" style=\"text-align:center;>&#8220;><img decoding=\"async\" src=\"https:\/\/balance-valamar.com\/wp-content\/uploads\/2020\/05\/rab.jpg\" alt=\"Mediterranean Spa by Valamar\"\/><\/p>\n<div class=\"image_boxed_content\" style=\"padding:30px;\">\n<h3>Istra, Rabac<\/h3>\n<p>Ovo maleno turisti\u010dko mjesto u slikovitoj uvali na isto\u010dnoj obali Istre \u0161armirat \u0107e vas svojim prirodnim ljepotama i veli\u010danstvenim pogledom na kvarnerske otoke.  <\/p>\n<p><a class=\"readmore\" href=\"\/hr\/girandella-resort-4-5-valamar-collection\/\">Istra\u017ei<\/a><\/p>\n<\/div>\n<\/div>\n<\/div>\n<\/div>\n<\/div>\n<\/div>\n<div class=\"standard_wrapper\">\n<div  class=\"ppb_image_boxed one_third last\" style=\"margin-bottom:20px;\" >\n<div class=\"page_content_wrapper wide\">\n<div class=\"inner\">\n<div class=\"image_boxed_wrapper theme_radius\" style=\"text-align:center;>&#8220;><img decoding=\"async\" src=\"https:\/\/balance-valamar.com\/wp-content\/uploads\/2020\/05\/home_destinations_Dubrovnik-1-1.jpg\" alt=\"Mediterranean Spa by Valamar\"\/><\/p>\n<div class=\"image_boxed_content\" style=\"padding:30px;\">\n<h3>Dubrovnik<\/h3>\n<p>Svi na\u0161i centri su smje\u0161teni u hotelima na poluotoku Babin kuk u zelenoj mediteranskoj oazi s ure\u0111enim pla\u017eama udaljenoj nekoliko minuta od \u010duvene povijesne jezgre grada.<\/p>\n<p><a class=\"readmore\" href=\"\/hr\/dubrovnik\">Istra\u017ei<\/a><\/p>\n<\/div>\n<\/div>\n<\/div>\n<\/div>\n<\/div>\n<\/div>\n<div class=\"standard_wrapper\">\n<div  class=\"ppb_image_boxed one_third\" style=\"margin-bottom:20px;\" >\n<div class=\"page_content_wrapper wide\">\n<div class=\"inner\">\n<div class=\"image_boxed_wrapper theme_radius\" style=\"text-align:center;>&#8220;><img decoding=\"async\" src=\"https:\/\/balance-valamar.com\/wp-content\/uploads\/2020\/05\/TUI-Sensimar-Carolina-Resort-by-Valamar_infinity-pool_couple_01-1.jpg\" alt=\"Balance Mediterranean Spa by Valamar, TUI Blue Carolina Resort\"\/><\/p>\n<div class=\"image_boxed_content\" style=\"padding:30px;\">\n<h3>Otok Rab<\/h3>\n<p>Savr\u0161eni bijeg u oto\u010dnu oazu mira uz opu\u0161ten wellness odmor u okru\u017eenju mirisne borove \u0161ume i smaragdno plavog mora.<\/p>\n<p><a class=\"readmore\" href=\"\/hr\/island-of-rab\">Istra\u017ei<\/a><\/p>\n<\/div>\n<\/div>\n<\/div>\n<\/div>\n<\/div>\n<\/div>\n<div class=\"standard_wrapper\">\n<div  class=\"ppb_image_boxed one_third\" style=\"margin-bottom:20px;\" >\n<div class=\"page_content_wrapper wide\">\n<div class=\"inner\">\n<div class=\"image_boxed_wrapper theme_radius\" style=\"text-align:center;>&#8220;><img decoding=\"async\" src=\"https:\/\/balance-valamar.com\/wp-content\/uploads\/2020\/05\/austria.jpg\" alt=\"Mediterranean Spa by Valamar\"\/><\/p>\n<div class=\"image_boxed_content\" style=\"padding:30px;\">\n<h3>Austria, Obertauern<\/h3>\n<p>Osim ure\u0111enih staza ukupne duljine 100 km i nenadma\u0161ne apr\u00e8s-ski ponude, Obertauern nudi \u0161irok izbor sadr\u017eaja za sva\u010diji ukus u okru\u017eenju zadivljuju\u0107e planinske prirode.<\/p>\n<p><a class=\"readmore\" href=\"\/hr\/austria\">Istra\u017ei<\/a><\/p>\n<\/div>\n<\/div>\n<\/div>\n<\/div>\n<\/div>\n<\/div>\n<div class=\"divider one\">&nbsp;<\/div>\n<div  class=\"one withsmallpadding ppb_header parallax withbg \" style=\"background-image:url(https:\/\/balance-valamar.com\/wp-content\/uploads\/2020\/05\/home_footer-foto1.jpg);background-position: center top;text-align:center;padding:250px 0 250px 0;color:#ffffff;\" >\n<div class=\"overlay_background\" style=\"background:#000000;background:rgb(0,0,0,0.3);background:rgba(0,0,0,0.3);\"><\/div>\n<div class=\"standard_wrapper\">\n<div class=\"page_content_wrapper wide\">\n<div class=\"inner\">\n<div style=\"margin:auto;width:100%\">\n<h2 class=\"ppb_title\" style=\"color:#ffffff;\">Ugodite svome tijelu i obnovite energiju, sjaj i mladost.<\/h2>\n<div class=\"page_tagline\" style=\"color:#ffffff;\">DO\u017dIVITE ISTINSKO OPU\u0160TANJE<\/div>\n<\/div>\n<\/div>\n<\/div>\n<\/div>\n<\/div>\n","protected":false},"excerpt":{"rendered":"<p>Inspiriran Mediteranom zapisana u na\u0161im tretmanima i ritualima Filozofija kvalitetnog i opu&#353;tenog \u017eivota Mir. Obnova. Potpuno opu\u0161tanje. Wellness oaza BALANCE Mediterranean Spa by Valamar Spajaju\u0107i mediteransko naslije\u0111e s ljekovitim svojstvima autohtonih biljaka, Valamar je stvorio Balance Mediterranean Spa, wellness oazu [&hellip;]<\/p>\n","protected":false},"author":1,"featured_media":4357,"parent":0,"menu_order":0,"comment_status":"closed","ping_status":"closed","template":"","meta":{"footnotes":""},"class_list":["post-4118","page","type-page","status-publish","has-post-thumbnail","hentry"],"yoast_head":"<!-- This site is optimized with the Yoast SEO plugin v27.3 - https:\/\/yoast.com\/product\/yoast-seo-wordpress\/ -->\n<title>Balance Mediterranean Spa by Valamar Hotel &amp; Resorts<\/title>\n<meta name=\"description\" content=\"Spajaju\u0107i mediteransko naslije\u0111e s ljekovitim svojstvima autohtonih biljaka, Valamar je stvorio Balance Mediterranean Spa wellness oazu.\" \/>\n<meta name=\"robots\" content=\"index, follow, max-snippet:-1, max-image-preview:large, max-video-preview:-1\" \/>\n<link rel=\"canonical\" href=\"https:\/\/balance-valamar.com\/hr\/\" \/>\n<meta property=\"og:locale\" content=\"hr_HR\" \/>\n<meta property=\"og:type\" content=\"article\" \/>\n<meta property=\"og:title\" content=\"Balance Mediterranean Spa by Valamar Hotel &amp; Resorts\" \/>\n<meta property=\"og:description\" content=\"Spajaju\u0107i mediteransko naslije\u0111e s ljekovitim svojstvima autohtonih biljaka, Valamar je stvorio Balance Mediterranean Spa wellness oazu.\" \/>\n<meta property=\"og:url\" content=\"https:\/\/balance-valamar.com\/hr\/\" \/>\n<meta property=\"og:site_name\" content=\"Balance by Valamar\" \/>\n<meta property=\"article:modified_time\" content=\"2024-10-16T08:49:11+00:00\" \/>\n<meta property=\"og:image\" content=\"https:\/\/balance-valamar.com\/wp-content\/uploads\/2020\/05\/shutterstock_2760611361.jpg\" \/>\n\t<meta property=\"og:image:width\" content=\"1500\" \/>\n\t<meta property=\"og:image:height\" content=\"1000\" \/>\n\t<meta property=\"og:image:type\" content=\"image\/jpeg\" \/>\n<meta name=\"twitter:card\" content=\"summary_large_image\" \/>\n<meta name=\"twitter:label1\" content=\"Procijenjeno vrijeme \u010ditanja\" \/>\n\t<meta name=\"twitter:data1\" content=\"3 minute\" \/>\n<script type=\"application\/ld+json\" class=\"yoast-schema-graph\">{\"@context\":\"https:\\\/\\\/schema.org\",\"@graph\":[{\"@type\":\"WebPage\",\"@id\":\"https:\\\/\\\/balance-valamar.com\\\/hr\\\/\",\"url\":\"https:\\\/\\\/balance-valamar.com\\\/hr\\\/\",\"name\":\"Balance Mediterranean Spa by Valamar Hotel & Resorts\",\"isPartOf\":{\"@id\":\"https:\\\/\\\/balance-valamar.com\\\/#website\"},\"primaryImageOfPage\":{\"@id\":\"https:\\\/\\\/balance-valamar.com\\\/hr\\\/#primaryimage\"},\"image\":{\"@id\":\"https:\\\/\\\/balance-valamar.com\\\/hr\\\/#primaryimage\"},\"thumbnailUrl\":\"https:\\\/\\\/balance-valamar.com\\\/wp-content\\\/uploads\\\/2020\\\/05\\\/shutterstock_2760611361.jpg\",\"datePublished\":\"2017-06-08T09:34:41+00:00\",\"dateModified\":\"2024-10-16T08:49:11+00:00\",\"description\":\"Spajaju\u0107i mediteransko naslije\u0111e s ljekovitim svojstvima autohtonih biljaka, Valamar je stvorio Balance Mediterranean Spa wellness oazu.\",\"breadcrumb\":{\"@id\":\"https:\\\/\\\/balance-valamar.com\\\/hr\\\/#breadcrumb\"},\"inLanguage\":\"hr\",\"potentialAction\":[{\"@type\":\"ReadAction\",\"target\":[\"https:\\\/\\\/balance-valamar.com\\\/hr\\\/\"]}]},{\"@type\":\"ImageObject\",\"inLanguage\":\"hr\",\"@id\":\"https:\\\/\\\/balance-valamar.com\\\/hr\\\/#primaryimage\",\"url\":\"https:\\\/\\\/balance-valamar.com\\\/wp-content\\\/uploads\\\/2020\\\/05\\\/shutterstock_2760611361.jpg\",\"contentUrl\":\"https:\\\/\\\/balance-valamar.com\\\/wp-content\\\/uploads\\\/2020\\\/05\\\/shutterstock_2760611361.jpg\",\"width\":1500,\"height\":1000},{\"@type\":\"BreadcrumbList\",\"@id\":\"https:\\\/\\\/balance-valamar.com\\\/hr\\\/#breadcrumb\",\"itemListElement\":[{\"@type\":\"ListItem\",\"position\":1,\"name\":\"Home\",\"item\":\"https:\\\/\\\/balance-valamar.com\\\/hr\\\/\"},{\"@type\":\"ListItem\",\"position\":2,\"name\":\"Po\u010detna\"}]},{\"@type\":\"WebSite\",\"@id\":\"https:\\\/\\\/balance-valamar.com\\\/#website\",\"url\":\"https:\\\/\\\/balance-valamar.com\\\/\",\"name\":\"Balance by Valamar\",\"description\":\"Mediterranean Spa by Valamar\",\"publisher\":{\"@id\":\"https:\\\/\\\/balance-valamar.com\\\/#organization\"},\"potentialAction\":[{\"@type\":\"SearchAction\",\"target\":{\"@type\":\"EntryPoint\",\"urlTemplate\":\"https:\\\/\\\/balance-valamar.com\\\/?s={search_term_string}\"},\"query-input\":{\"@type\":\"PropertyValueSpecification\",\"valueRequired\":true,\"valueName\":\"search_term_string\"}}],\"inLanguage\":\"hr\"},{\"@type\":\"Organization\",\"@id\":\"https:\\\/\\\/balance-valamar.com\\\/#organization\",\"name\":\"Balance by Valamar\",\"url\":\"https:\\\/\\\/balance-valamar.com\\\/\",\"logo\":{\"@type\":\"ImageObject\",\"inLanguage\":\"hr\",\"@id\":\"https:\\\/\\\/balance-valamar.com\\\/#\\\/schema\\\/logo\\\/image\\\/\",\"url\":\"https:\\\/\\\/balance-valamar.com\\\/wp-content\\\/uploads\\\/2020\\\/02\\\/logoi.jpg\",\"contentUrl\":\"https:\\\/\\\/balance-valamar.com\\\/wp-content\\\/uploads\\\/2020\\\/02\\\/logoi.jpg\",\"width\":321,\"height\":321,\"caption\":\"Balance by Valamar\"},\"image\":{\"@id\":\"https:\\\/\\\/balance-valamar.com\\\/#\\\/schema\\\/logo\\\/image\\\/\"}}]}<\/script>\n<!-- \/ Yoast SEO plugin. -->","yoast_head_json":{"title":"Balance Mediterranean Spa by Valamar Hotel & Resorts","description":"Spajaju\u0107i mediteransko naslije\u0111e s ljekovitim svojstvima autohtonih biljaka, Valamar je stvorio Balance Mediterranean Spa wellness oazu.","robots":{"index":"index","follow":"follow","max-snippet":"max-snippet:-1","max-image-preview":"max-image-preview:large","max-video-preview":"max-video-preview:-1"},"canonical":"https:\/\/balance-valamar.com\/hr\/","og_locale":"hr_HR","og_type":"article","og_title":"Balance Mediterranean Spa by Valamar Hotel & Resorts","og_description":"Spajaju\u0107i mediteransko naslije\u0111e s ljekovitim svojstvima autohtonih biljaka, Valamar je stvorio Balance Mediterranean Spa wellness oazu.","og_url":"https:\/\/balance-valamar.com\/hr\/","og_site_name":"Balance by Valamar","article_modified_time":"2024-10-16T08:49:11+00:00","og_image":[{"width":1500,"height":1000,"url":"https:\/\/balance-valamar.com\/wp-content\/uploads\/2020\/05\/shutterstock_2760611361.jpg","type":"image\/jpeg"}],"twitter_card":"summary_large_image","twitter_misc":{"Procijenjeno vrijeme \u010ditanja":"3 minute"},"schema":{"@context":"https:\/\/schema.org","@graph":[{"@type":"WebPage","@id":"https:\/\/balance-valamar.com\/hr\/","url":"https:\/\/balance-valamar.com\/hr\/","name":"Balance Mediterranean Spa by Valamar Hotel & Resorts","isPartOf":{"@id":"https:\/\/balance-valamar.com\/#website"},"primaryImageOfPage":{"@id":"https:\/\/balance-valamar.com\/hr\/#primaryimage"},"image":{"@id":"https:\/\/balance-valamar.com\/hr\/#primaryimage"},"thumbnailUrl":"https:\/\/balance-valamar.com\/wp-content\/uploads\/2020\/05\/shutterstock_2760611361.jpg","datePublished":"2017-06-08T09:34:41+00:00","dateModified":"2024-10-16T08:49:11+00:00","description":"Spajaju\u0107i mediteransko naslije\u0111e s ljekovitim svojstvima autohtonih biljaka, Valamar je stvorio Balance Mediterranean Spa wellness oazu.","breadcrumb":{"@id":"https:\/\/balance-valamar.com\/hr\/#breadcrumb"},"inLanguage":"hr","potentialAction":[{"@type":"ReadAction","target":["https:\/\/balance-valamar.com\/hr\/"]}]},{"@type":"ImageObject","inLanguage":"hr","@id":"https:\/\/balance-valamar.com\/hr\/#primaryimage","url":"https:\/\/balance-valamar.com\/wp-content\/uploads\/2020\/05\/shutterstock_2760611361.jpg","contentUrl":"https:\/\/balance-valamar.com\/wp-content\/uploads\/2020\/05\/shutterstock_2760611361.jpg","width":1500,"height":1000},{"@type":"BreadcrumbList","@id":"https:\/\/balance-valamar.com\/hr\/#breadcrumb","itemListElement":[{"@type":"ListItem","position":1,"name":"Home","item":"https:\/\/balance-valamar.com\/hr\/"},{"@type":"ListItem","position":2,"name":"Po\u010detna"}]},{"@type":"WebSite","@id":"https:\/\/balance-valamar.com\/#website","url":"https:\/\/balance-valamar.com\/","name":"Balance by Valamar","description":"Mediterranean Spa by Valamar","publisher":{"@id":"https:\/\/balance-valamar.com\/#organization"},"potentialAction":[{"@type":"SearchAction","target":{"@type":"EntryPoint","urlTemplate":"https:\/\/balance-valamar.com\/?s={search_term_string}"},"query-input":{"@type":"PropertyValueSpecification","valueRequired":true,"valueName":"search_term_string"}}],"inLanguage":"hr"},{"@type":"Organization","@id":"https:\/\/balance-valamar.com\/#organization","name":"Balance by Valamar","url":"https:\/\/balance-valamar.com\/","logo":{"@type":"ImageObject","inLanguage":"hr","@id":"https:\/\/balance-valamar.com\/#\/schema\/logo\/image\/","url":"https:\/\/balance-valamar.com\/wp-content\/uploads\/2020\/02\/logoi.jpg","contentUrl":"https:\/\/balance-valamar.com\/wp-content\/uploads\/2020\/02\/logoi.jpg","width":321,"height":321,"caption":"Balance by Valamar"},"image":{"@id":"https:\/\/balance-valamar.com\/#\/schema\/logo\/image\/"}}]}},"_links":{"self":[{"href":"https:\/\/balance-valamar.com\/hr\/wp-json\/wp\/v2\/pages\/4118","targetHints":{"allow":["GET"]}}],"collection":[{"href":"https:\/\/balance-valamar.com\/hr\/wp-json\/wp\/v2\/pages"}],"about":[{"href":"https:\/\/balance-valamar.com\/hr\/wp-json\/wp\/v2\/types\/page"}],"author":[{"embeddable":true,"href":"https:\/\/balance-valamar.com\/hr\/wp-json\/wp\/v2\/users\/1"}],"replies":[{"embeddable":true,"href":"https:\/\/balance-valamar.com\/hr\/wp-json\/wp\/v2\/comments?post=4118"}],"version-history":[{"count":19,"href":"https:\/\/balance-valamar.com\/hr\/wp-json\/wp\/v2\/pages\/4118\/revisions"}],"predecessor-version":[{"id":5615,"href":"https:\/\/balance-valamar.com\/hr\/wp-json\/wp\/v2\/pages\/4118\/revisions\/5615"}],"wp:featuredmedia":[{"embeddable":true,"href":"https:\/\/balance-valamar.com\/hr\/wp-json\/wp\/v2\/media\/4357"}],"wp:attachment":[{"href":"https:\/\/balance-valamar.com\/hr\/wp-json\/wp\/v2\/media?parent=4118"}],"curies":[{"name":"wp","href":"https:\/\/api.w.org\/{rel}","templated":true}]}}